{"id":2467,"date":"2021-01-16T21:43:36","date_gmt":"2021-01-16T20:43:36","guid":{"rendered":"http:\/\/boraborafreedivingyoga.com\/?page_id=2467"},"modified":"2022-11-12T21:19:23","modified_gmt":"2022-11-12T20:19:23","slug":"brunch-yoga","status":"publish","type":"page","link":"https:\/\/boraborafreedivingyoga.com\/en\/brunch-yoga\/","title":{"rendered":"Brunch & Yoga"},"content":{"rendered":"<div data-elementor-type=\"wp-page\" data-elementor-id=\"2467\" class=\"elementor elementor-2467\" data-elementor-settings=\"[]\">\n\t\t\t\t\t\t<div class=\"elementor-inner\">\n\t\t\t\t\t\t\t<div class=\"elementor-section-wrap\">\n\t\t\t\t\t\t\t<section class=\"elementor-section elementor-top-section elementor-element elementor-element-762e04a3 elementor-section-height-min-height elementor-section-items-bottom elementor-section-boxed elementor-section-height-default\" data-id=\"762e04a3\" data-element_type=\"section\" data-settings=\"{&quot;background_background&quot;:&quot;classic&quot;}\">\n\t\t\t\t\t\t\t<div class=\"elementor-background-overlay\"><\/div>\n\t\t\t\t\t\t\t<div class=\"elementor-container elementor-column-gap-default\">\n\t\t\t\t\t\t\t<div class=\"elementor-row\">\n\t\t\t\t\t\t\t\t\t<\/div>\n\t\t\t\t\t<\/div>\n\t\t<\/section>\n\t\t\t\t<section class=\"elementor-section elementor-top-section elementor-element elementor-element-eb02ad3 elementor-section-boxed elementor-section-height-default elementor-section-height-default\" data-id=\"eb02ad3\" data-element_type=\"section\">\n\t\t\t\t\t\t<div class=\"elementor-container elementor-column-gap-default\">\n\t\t\t\t\t\t\t<div class=\"elementor-row\">\n\t\t\t\t\t<div class=\"elementor-column elementor-col-100 elementor-top-column elementor-element elementor-element-caa6074\" data-id=\"caa6074\" data-element_type=\"column\">\n\t\t\t<div class=\"elementor-column-wrap elementor-element-populated\">\n\t\t\t\t\t\t\t<div class=\"elementor-widget-wrap\">\n\t\t\t\t\t\t<div class=\"elementor-element elementor-element-9284d79 elementor-widget elementor-widget-heading\" data-id=\"9284d79\" data-element_type=\"widget\" data-widget_type=\"heading.default\">\n\t\t\t\t<div class=\"elementor-widget-container\">\n\t\t\t<h2 class=\"elementor-heading-title elementor-size-large\">BRUNCH & YOGA<\/h2>\t\t<\/div>\n\t\t\t\t<\/div>\n\t\t\t\t\t\t<\/div>\n\t\t\t\t\t<\/div>\n\t\t<\/div>\n\t\t\t\t\t\t\t\t<\/div>\n\t\t\t\t\t<\/div>\n\t\t<\/section>\n\t\t\t\t<section class=\"elementor-section elementor-top-section elementor-element elementor-element-36ae0b1 elementor-section-boxed elementor-section-height-default elementor-section-height-default\" data-id=\"36ae0b1\" data-element_type=\"section\">\n\t\t\t\t\t\t<div class=\"elementor-container elementor-column-gap-default\">\n\t\t\t\t\t\t\t<div class=\"elementor-row\">\n\t\t\t\t\t<div class=\"elementor-column elementor-col-100 elementor-top-column elementor-element elementor-element-81ffdab\" data-id=\"81ffdab\" data-element_type=\"column\" data-settings=\"{&quot;background_background&quot;:&quot;classic&quot;}\">\n\t\t\t<div class=\"elementor-column-wrap elementor-element-populated\">\n\t\t\t\t\t\t\t<div class=\"elementor-widget-wrap\">\n\t\t\t\t\t\t<div class=\"elementor-element elementor-element-167951a elementor-widget elementor-widget-text-editor\" data-id=\"167951a\" data-element_type=\"widget\" data-widget_type=\"text-editor.default\">\n\t\t\t\t<div class=\"elementor-widget-container\">\n\t\t\t\t\t<div class=\"elementor-text-editor elementor-clearfix\"><p>The Brunch and Yoga session happens twice a month on a Wednesday and a Saturday morning at 8:30 AM.<\/p><p>The rendez-vous point is in Vaitape at the St James restaurant.<\/p><p>We are lucky to practice our sport in a lovely establishment who always welcomes us with a smile and impeccable service !<\/p><p>Don't miss the next Brunch and Yoga and book now !<\/p><\/div>\n\t\t\t\t<\/div>\n\t\t\t\t<\/div>\n\t\t\t\t<div class=\"elementor-element elementor-element-28de80d elementor-align-center elementor-widget elementor-widget-button\" data-id=\"28de80d\" data-element_type=\"widget\" data-widget_type=\"button.default\">\n\t\t\t\t<div class=\"elementor-widget-container\">\n\t\t\t\t\t<div class=\"elementor-button-wrapper\">\n\t\t\t<a href=\"mailto:boraborafreediving@gmail.com\" target=\"_blank\" class=\"elementor-button-link elementor-button elementor-size-sm\" role=\"button\">\n\t\t\t\t\t\t<span class=\"elementor-button-content-wrapper\">\n\t\t\t\t\t\t<span class=\"elementor-button-text\">Reservation<\/span>\n\t\t<\/span>\n\t\t\t\t\t<\/a>\n\t\t<\/div>\n\t\t\t\t<\/div>\n\t\t\t\t<\/div>\n\t\t\t\t\t\t<\/div>\n\t\t\t\t\t<\/div>\n\t\t<\/div>\n\t\t\t\t\t\t\t\t<\/div>\n\t\t\t\t\t<\/div>\n\t\t<\/section>\n\t\t\t\t<section class=\"elementor-section elementor-top-section elementor-element elementor-element-4473b3a elementor-section-boxed elementor-section-height-default elementor-section-height-default\" data-id=\"4473b3a\" data-element_type=\"section\">\n\t\t\t\t\t\t<div class=\"elementor-container elementor-column-gap-default\">\n\t\t\t\t\t\t\t<div class=\"elementor-row\">\n\t\t\t\t\t<div class=\"elementor-column elementor-col-100 elementor-top-column elementor-element elementor-element-664c508\" data-id=\"664c508\" data-element_type=\"column\">\n\t\t\t<div class=\"elementor-column-wrap elementor-element-populated\">\n\t\t\t\t\t\t\t<div class=\"elementor-widget-wrap\">\n\t\t\t\t\t\t<div class=\"elementor-element elementor-element-d3eac58 elementor-widget elementor-widget-heading\" data-id=\"d3eac58\" data-element_type=\"widget\" data-widget_type=\"heading.default\">\n\t\t\t\t<div class=\"elementor-widget-container\">\n\t\t\t<h2 class=\"elementor-heading-title elementor-size-large\">DESCRIPTION<\/h2>\t\t<\/div>\n\t\t\t\t<\/div>\n\t\t\t\t\t\t<\/div>\n\t\t\t\t\t<\/div>\n\t\t<\/div>\n\t\t\t\t\t\t\t\t<\/div>\n\t\t\t\t\t<\/div>\n\t\t<\/section>\n\t\t\t\t<section class=\"elementor-section elementor-top-section elementor-element elementor-element-732d0ced elementor-section-content-middle elementor-section-boxed elementor-section-height-default elementor-section-height-default\" data-id=\"732d0ced\" data-element_type=\"section\" data-settings=\"{&quot;background_background&quot;:&quot;classic&quot;}\">\n\t\t\t\t\t\t<div class=\"elementor-container elementor-column-gap-no\">\n\t\t\t\t\t\t\t<div class=\"elementor-row\">\n\t\t\t\t\t<div class=\"elementor-column elementor-col-50 elementor-top-column elementor-element elementor-element-cf31e3d\" data-id=\"cf31e3d\" data-element_type=\"column\" data-settings=\"{&quot;background_background&quot;:&quot;slideshow&quot;,&quot;background_slideshow_gallery&quot;:[{&quot;id&quot;:2474,&quot;url&quot;:&quot;http:\\\/\\\/boraborafreedivingyoga.com\\\/wp-content\\\/uploads\\\/2021\\\/01\\\/pdj-3-yoga.jpg&quot;}],&quot;background_slideshow_loop&quot;:&quot;yes&quot;,&quot;background_slideshow_slide_duration&quot;:5000,&quot;background_slideshow_slide_transition&quot;:&quot;fade&quot;,&quot;background_slideshow_transition_duration&quot;:500}\">\n\t\t\t<div class=\"elementor-column-wrap\">\n\t\t\t\t\t\t\t<div class=\"elementor-widget-wrap\">\n\t\t\t\t\t\t\t\t<\/div>\n\t\t\t\t\t<\/div>\n\t\t<\/div>\n\t\t\t\t<div class=\"elementor-column elementor-col-50 elementor-top-column elementor-element elementor-element-19ae2758\" data-id=\"19ae2758\" data-element_type=\"column\" data-settings=\"{&quot;background_background&quot;:&quot;classic&quot;}\">\n\t\t\t<div class=\"elementor-column-wrap elementor-element-populated\">\n\t\t\t\t\t\t\t<div class=\"elementor-widget-wrap\">\n\t\t\t\t\t\t<div class=\"elementor-element elementor-element-2896b1b elementor-view-default elementor-widget elementor-widget-icon\" data-id=\"2896b1b\" data-element_type=\"widget\" data-widget_type=\"icon.default\">\n\t\t\t\t<div class=\"elementor-widget-container\">\n\t\t\t\t\t<div class=\"elementor-icon-wrapper\">\n\t\t\t<div class=\"elementor-icon\">\n\t\t\t<i aria-hidden=\"true\" class=\"fas fa-cheese\"><\/i>\t\t\t<\/div>\n\t\t<\/div>\n\t\t\t\t<\/div>\n\t\t\t\t<\/div>\n\t\t\t\t<div class=\"elementor-element elementor-element-4f0dd95 elementor-widget elementor-widget-heading\" data-id=\"4f0dd95\" data-element_type=\"widget\" data-widget_type=\"heading.default\">\n\t\t\t\t<div class=\"elementor-widget-container\">\n\t\t\t<h3 class=\"elementor-heading-title elementor-size-large\">BRUNCH<\/h3>\t\t<\/div>\n\t\t\t\t<\/div>\n\t\t\t\t<div class=\"elementor-element elementor-element-7dec5509 elementor-widget elementor-widget-text-editor\" data-id=\"7dec5509\" data-element_type=\"widget\" data-widget_type=\"text-editor.default\">\n\t\t\t\t<div class=\"elementor-widget-container\">\n\t\t\t\t\t<div class=\"elementor-text-editor elementor-clearfix\"><p>After the Yoga session, a wonderful brunch is waiting to satisfy us.<\/p><p>The main course, a hot drink of your choice, a fresh fruit juice (pineapple, grapefruit, orange...), some eggs cooked at your conveniance, a pastry (chocolate croissant, croissant, raisin croissant), toasts, butter and jam! <\/p><p>\u00a0<\/p><\/div>\n\t\t\t\t<\/div>\n\t\t\t\t<\/div>\n\t\t\t\t\t\t<\/div>\n\t\t\t\t\t<\/div>\n\t\t<\/div>\n\t\t\t\t\t\t\t\t<\/div>\n\t\t\t\t\t<\/div>\n\t\t<\/section>\n\t\t\t\t<section class=\"elementor-section elementor-top-section elementor-element elementor-element-6a98cfe elementor-section-content-middle elementor-section-boxed elementor-section-height-default elementor-section-height-default\" data-id=\"6a98cfe\" data-element_type=\"section\" data-settings=\"{&quot;background_background&quot;:&quot;classic&quot;}\">\n\t\t\t\t\t\t<div class=\"elementor-container elementor-column-gap-no\">\n\t\t\t\t\t\t\t<div class=\"elementor-row\">\n\t\t\t\t\t<div class=\"elementor-column elementor-col-50 elementor-top-column elementor-element elementor-element-0b04261\" data-id=\"0b04261\" data-element_type=\"column\" data-settings=\"{&quot;background_background&quot;:&quot;classic&quot;}\">\n\t\t\t<div class=\"elementor-column-wrap elementor-element-populated\">\n\t\t\t\t\t\t\t<div class=\"elementor-widget-wrap\">\n\t\t\t\t\t\t<div class=\"elementor-element elementor-element-191c36b elementor-widget elementor-widget-image\" data-id=\"191c36b\" data-element_type=\"widget\" data-widget_type=\"image.default\">\n\t\t\t\t<div class=\"elementor-widget-container\">\n\t\t\t\t\t<div class=\"elementor-image\">\n\t\t\t\t\t\t\t\t\t\t<img src=\"https:\/\/boraborafreedivingyoga.com\/wp-content\/uploads\/elementor\/thumbs\/yoga-1-ozx5kahgcluovsg1d7mths5oro2lb7430hnv4tq03k.png\" title=\"yoga (1)\" alt=\"yoga (1)\" \/>\t\t\t\t\t\t\t\t\t\t\t<\/div>\n\t\t\t\t<\/div>\n\t\t\t\t<\/div>\n\t\t\t\t<div class=\"elementor-element elementor-element-b9d1f66 elementor-widget elementor-widget-heading\" data-id=\"b9d1f66\" data-element_type=\"widget\" data-widget_type=\"heading.default\">\n\t\t\t\t<div class=\"elementor-widget-container\">\n\t\t\t<h3 class=\"elementor-heading-title elementor-size-large\">YOGA<\/h3>\t\t<\/div>\n\t\t\t\t<\/div>\n\t\t\t\t<div class=\"elementor-element elementor-element-3dcbee9 elementor-widget elementor-widget-text-editor\" data-id=\"3dcbee9\" data-element_type=\"widget\" data-widget_type=\"text-editor.default\">\n\t\t\t\t<div class=\"elementor-widget-container\">\n\t\t\t\t\t<div class=\"elementor-text-editor elementor-clearfix\"><p>Before we start the Brunch, the yoga session will be held peacefully next to the sea on the St James's deck. <\/p><p>Nothing is better than the magnificent view of Bora Bora's lagoon to relax ourselves and do our yoga session<\/p><p>The Hatha Yoga session lasts for an hour and builds on the practice of different yogi postures done in a slow and profound way. By practicing, you develop soupleness, balance, endurance and aquire a great vitality. A stable posture is beautiful, it gives balance to the mind and avoids the spirit to be inconstant. Therefore, you allow your body to build up the muscles and to free himself from all the tensions accumulated.<\/p><\/div>\n\t\t\t\t<\/div>\n\t\t\t\t<\/div>\n\t\t\t\t\t\t<\/div>\n\t\t\t\t\t<\/div>\n\t\t<\/div>\n\t\t\t\t<div class=\"elementor-column elementor-col-50 elementor-top-column elementor-element elementor-element-4f2c733\" data-id=\"4f2c733\" data-element_type=\"column\" data-settings=\"{&quot;background_background&quot;:&quot;slideshow&quot;,&quot;background_slideshow_gallery&quot;:[{&quot;id&quot;:1017,&quot;url&quot;:&quot;http:\\\/\\\/boraborafreedivingyoga.com\\\/wp-content\\\/uploads\\\/2020\\\/12\\\/yoga-st-james-BY2.jpg&quot;}],&quot;background_slideshow_loop&quot;:&quot;yes&quot;,&quot;background_slideshow_slide_duration&quot;:5000,&quot;background_slideshow_slide_transition&quot;:&quot;fade&quot;,&quot;background_slideshow_transition_duration&quot;:500}\">\n\t\t\t<div class=\"elementor-column-wrap\">\n\t\t\t\t\t\t\t<div class=\"elementor-widget-wrap\">\n\t\t\t\t\t\t\t\t<\/div>\n\t\t\t\t\t<\/div>\n\t\t<\/div>\n\t\t\t\t\t\t\t\t<\/div>\n\t\t\t\t\t<\/div>\n\t\t<\/section>\n\t\t\t\t<section class=\"elementor-section elementor-top-section elementor-element elementor-element-c81a87d elementor-section-boxed elementor-section-height-default elementor-section-height-default\" data-id=\"c81a87d\" data-element_type=\"section\" data-settings=\"{&quot;background_background&quot;:&quot;classic&quot;}\">\n\t\t\t\t\t\t<div class=\"elementor-container elementor-column-gap-default\">\n\t\t\t\t\t\t\t<div class=\"elementor-row\">\n\t\t\t\t\t<div class=\"elementor-column elementor-col-100 elementor-top-column elementor-element elementor-element-c13098a\" data-id=\"c13098a\" data-element_type=\"column\">\n\t\t\t<div class=\"elementor-column-wrap elementor-element-populated\">\n\t\t\t\t\t\t\t<div class=\"elementor-widget-wrap\">\n\t\t\t\t\t\t<div class=\"elementor-element elementor-element-0c623b6 elementor-widget elementor-widget-heading\" data-id=\"0c623b6\" data-element_type=\"widget\" data-widget_type=\"heading.default\">\n\t\t\t\t<div class=\"elementor-widget-container\">\n\t\t\t<h2 class=\"elementor-heading-title elementor-size-large\">OUR PARTNERS<\/h2>\t\t<\/div>\n\t\t\t\t<\/div>\n\t\t\t\t<section class=\"elementor-section elementor-inner-section elementor-element elementor-element-f904ffc elementor-section-boxed elementor-section-height-default elementor-section-height-default\" data-id=\"f904ffc\" data-element_type=\"section\">\n\t\t\t\t\t\t<div class=\"elementor-container elementor-column-gap-default\">\n\t\t\t\t\t\t\t<div class=\"elementor-row\">\n\t\t\t\t\t<div class=\"elementor-column elementor-col-20 elementor-inner-column elementor-element elementor-element-eedfc0d\" data-id=\"eedfc0d\" data-element_type=\"column\">\n\t\t\t<div class=\"elementor-column-wrap\">\n\t\t\t\t\t\t\t<div class=\"elementor-widget-wrap\">\n\t\t\t\t\t\t\t\t<\/div>\n\t\t\t\t\t<\/div>\n\t\t<\/div>\n\t\t\t\t<div class=\"elementor-column elementor-col-20 elementor-inner-column elementor-element elementor-element-139b5c0\" data-id=\"139b5c0\" data-element_type=\"column\">\n\t\t\t<div class=\"elementor-column-wrap elementor-element-populated\">\n\t\t\t\t\t\t\t<div class=\"elementor-widget-wrap\">\n\t\t\t\t\t\t<div class=\"elementor-element elementor-element-f326908 elementor-widget elementor-widget-image\" data-id=\"f326908\" data-element_type=\"widget\" data-widget_type=\"image.default\">\n\t\t\t\t<div class=\"elementor-widget-container\">\n\t\t\t\t\t<div class=\"elementor-image\">\n\t\t\t\t\t\t\t\t\t\t<img width=\"1024\" height=\"759\" src=\"https:\/\/boraborafreedivingyoga.com\/wp-content\/uploads\/2021\/01\/StJamesPatisserie_logo_FondNoir-1024x759.jpg\" class=\"attachment-large size-large\" alt=\"\" loading=\"lazy\" srcset=\"https:\/\/boraborafreedivingyoga.com\/wp-content\/uploads\/2021\/01\/StJamesPatisserie_logo_FondNoir-1024x759.jpg 1024w, https:\/\/boraborafreedivingyoga.com\/wp-content\/uploads\/2021\/01\/StJamesPatisserie_logo_FondNoir-300x222.jpg 300w, https:\/\/boraborafreedivingyoga.com\/wp-content\/uploads\/2021\/01\/StJamesPatisserie_logo_FondNoir-768x569.jpg 768w, https:\/\/boraborafreedivingyoga.com\/wp-content\/uploads\/2021\/01\/StJamesPatisserie_logo_FondNoir-1536x1138.jpg 1536w, https:\/\/boraborafreedivingyoga.com\/wp-content\/uploads\/2021\/01\/StJamesPatisserie_logo_FondNoir-2048x1517.jpg 2048w\" sizes=\"(max-width: 1024px) 100vw, 1024px\" \/>\t\t\t\t\t\t\t\t\t\t\t<\/div>\n\t\t\t\t<\/div>\n\t\t\t\t<\/div>\n\t\t\t\t\t\t<\/div>\n\t\t\t\t\t<\/div>\n\t\t<\/div>\n\t\t\t\t<div class=\"elementor-column elementor-col-20 elementor-inner-column elementor-element elementor-element-590aa7a\" data-id=\"590aa7a\" data-element_type=\"column\">\n\t\t\t<div class=\"elementor-column-wrap elementor-element-populated\">\n\t\t\t\t\t\t\t<div class=\"elementor-widget-wrap\">\n\t\t\t\t\t\t<div class=\"elementor-element elementor-element-66e2ab7 elementor-widget elementor-widget-google_maps\" data-id=\"66e2ab7\" data-element_type=\"widget\" data-widget_type=\"google_maps.default\">\n\t\t\t\t<div class=\"elementor-widget-container\">\n\t\t\t<div class=\"elementor-custom-embed\"><iframe frameborder=\"0\" scrolling=\"no\" marginheight=\"0\" marginwidth=\"0\" src=\"https:\/\/maps.google.com\/maps?q=st%20james%20vaitape&amp;t=m&amp;z=15&amp;output=embed&amp;iwloc=near\" title=\"st james vaitape\" aria-label=\"st james vaitape\"><\/iframe><\/div>\t\t<\/div>\n\t\t\t\t<\/div>\n\t\t\t\t\t\t<\/div>\n\t\t\t\t\t<\/div>\n\t\t<\/div>\n\t\t\t\t<div class=\"elementor-column elementor-col-20 elementor-inner-column elementor-element elementor-element-886a403\" data-id=\"886a403\" data-element_type=\"column\">\n\t\t\t<div class=\"elementor-column-wrap elementor-element-populated\">\n\t\t\t\t\t\t\t<div class=\"elementor-widget-wrap\">\n\t\t\t\t\t\t<div class=\"elementor-element elementor-element-4963848 elementor-widget elementor-widget-image\" data-id=\"4963848\" data-element_type=\"widget\" data-widget_type=\"image.default\">\n\t\t\t\t<div class=\"elementor-widget-container\">\n\t\t\t\t\t<div class=\"elementor-image\">\n\t\t\t\t\t\t\t\t\t\t\t<a href=\"https:\/\/www.tripadvisor.fr\/Restaurant_Review-g311415-d4054721-Reviews-Matira_Beach_Restaurant-Bora_Bora_Society_Islands.html\">\n\t\t\t\t\t\t\t<img width=\"1024\" height=\"758\" src=\"https:\/\/boraborafreedivingyoga.com\/wp-content\/uploads\/2021\/01\/LOGO-Saint-James75-cm-blanc-jpeg-1024x758.jpg\" class=\"attachment-large size-large\" alt=\"\" loading=\"lazy\" srcset=\"https:\/\/boraborafreedivingyoga.com\/wp-content\/uploads\/2021\/01\/LOGO-Saint-James75-cm-blanc-jpeg-1024x758.jpg 1024w, https:\/\/boraborafreedivingyoga.com\/wp-content\/uploads\/2021\/01\/LOGO-Saint-James75-cm-blanc-jpeg-300x222.jpg 300w, https:\/\/boraborafreedivingyoga.com\/wp-content\/uploads\/2021\/01\/LOGO-Saint-James75-cm-blanc-jpeg-768x568.jpg 768w, https:\/\/boraborafreedivingyoga.com\/wp-content\/uploads\/2021\/01\/LOGO-Saint-James75-cm-blanc-jpeg-1536x1136.jpg 1536w, https:\/\/boraborafreedivingyoga.com\/wp-content\/uploads\/2021\/01\/LOGO-Saint-James75-cm-blanc-jpeg-2048x1515.jpg 2048w\" sizes=\"(max-width: 1024px) 100vw, 1024px\" \/>\t\t\t\t\t\t\t\t<\/a>\n\t\t\t\t\t\t\t\t\t\t\t<\/div>\n\t\t\t\t<\/div>\n\t\t\t\t<\/div>\n\t\t\t\t\t\t<\/div>\n\t\t\t\t\t<\/div>\n\t\t<\/div>\n\t\t\t\t<div class=\"elementor-column elementor-col-20 elementor-inner-column elementor-element elementor-element-0bdc2c2\" data-id=\"0bdc2c2\" data-element_type=\"column\">\n\t\t\t<div class=\"elementor-column-wrap\">\n\t\t\t\t\t\t\t<div class=\"elementor-widget-wrap\">\n\t\t\t\t\t\t\t\t<\/div>\n\t\t\t\t\t<\/div>\n\t\t<\/div>\n\t\t\t\t\t\t\t\t<\/div>\n\t\t\t\t\t<\/div>\n\t\t<\/section>\n\t\t\t\t\t\t<\/div>\n\t\t\t\t\t<\/div>\n\t\t<\/div>\n\t\t\t\t\t\t\t\t<\/div>\n\t\t\t\t\t<\/div>\n\t\t<\/section>\n\t\t\t\t\t\t<\/div>\n\t\t\t\t\t\t<\/div>\n\t\t\t\t\t<\/div>","protected":false},"excerpt":{"rendered":"<p>BRUNCH &amp; YOGA La session de Brunch &amp; Yoga a lieu deux fois par mois un mercredi et un samedi matin \u00e0 8h30. Cela se d\u00e9roule \u00e0 Vaitape au restaurant le St James. Nous avons la chance de pouvoir pratiquer notre sport au sein d&#8217;un magnifique \u00e9tablissement qui nous acceuille toujours avec le sourire et [&hellip;]<\/p>","protected":false},"author":1,"featured_media":0,"parent":0,"menu_order":0,"comment_status":"closed","ping_status":"closed","template":"","meta":[],"yoast_head":"<!-- This site is optimized with the Yoast SEO plugin v16.1.1 - https:\/\/yoast.com\/wordpress\/plugins\/seo\/ -->\n<title>LES SESSIONS DE YOGA - Bora Bora Freediving and Yoga<\/title>\n<meta name=\"description\" content=\"Les sessions de yoga ont lieu en plein air toute la semaine tout au long de l\u2019ann\u00e9e dans la joie et la bonne humeur \u00e0 Bora Bora.\" \/>\n<meta name=\"robots\" content=\"index, follow, max-snippet:-1, max-image-preview:large, max-video-preview:-1\" \/>\n<link rel=\"canonical\" href=\"https:\/\/boraborafreedivingyoga.com\/en\/brunch-yoga\/\" \/>\n<meta property=\"og:locale\" content=\"en_GB\" \/>\n<meta property=\"og:type\" content=\"article\" \/>\n<meta property=\"og:title\" content=\"LES SESSIONS DE YOGA - Bora Bora Freediving and Yoga\" \/>\n<meta property=\"og:description\" content=\"Les sessions de yoga ont lieu en plein air toute la semaine tout au long de l\u2019ann\u00e9e dans la joie et la bonne humeur \u00e0 Bora Bora.\" \/>\n<meta property=\"og:url\" content=\"https:\/\/boraborafreedivingyoga.com\/en\/brunch-yoga\/\" \/>\n<meta property=\"og:site_name\" content=\"Bora Bora Freediving and Yoga\" \/>\n<meta property=\"article:modified_time\" content=\"2022-11-12T20:19:23+00:00\" \/>\n<meta property=\"og:image\" content=\"https:\/\/boraborafreedivingyoga.com\/wp-content\/uploads\/elementor\/thumbs\/yoga-1-ozx5kahgcluovsg1d7mths5oro2lb7430hnv4tq03k.png\" \/>\n<meta name=\"twitter:label1\" content=\"Estimated reading time\">\n\t<meta name=\"twitter:data1\" content=\"2 minutes\">\n<script type=\"application\/ld+json\" class=\"yoast-schema-graph\">{\"@context\":\"https:\/\/schema.org\",\"@graph\":[{\"@type\":\"WebSite\",\"@id\":\"https:\/\/boraborafreedivingyoga.com\/#website\",\"url\":\"https:\/\/boraborafreedivingyoga.com\/\",\"name\":\"Bora Bora Freediving and Yoga\",\"description\":\"Pratiquer l\\u2019apn\\u00e9e dans un cadre idyllique toute l\\u2019ann\\u00e9e\\u2026 Que demander de plus ?\",\"potentialAction\":[{\"@type\":\"SearchAction\",\"target\":\"https:\/\/boraborafreedivingyoga.com\/?s={search_term_string}\",\"query-input\":\"required name=search_term_string\"}],\"inLanguage\":\"en-GB\"},{\"@type\":\"ImageObject\",\"@id\":\"https:\/\/boraborafreedivingyoga.com\/brunch-yoga\/#primaryimage\",\"inLanguage\":\"en-GB\",\"url\":\"https:\/\/boraborafreedivingyoga.com\/wp-content\/uploads\/elementor\/thumbs\/yoga-1-ozx5kahgcluovsg1d7mths5oro2lb7430hnv4tq03k.png\",\"contentUrl\":\"https:\/\/boraborafreedivingyoga.com\/wp-content\/uploads\/elementor\/thumbs\/yoga-1-ozx5kahgcluovsg1d7mths5oro2lb7430hnv4tq03k.png\"},{\"@type\":\"WebPage\",\"@id\":\"https:\/\/boraborafreedivingyoga.com\/brunch-yoga\/#webpage\",\"url\":\"https:\/\/boraborafreedivingyoga.com\/brunch-yoga\/\",\"name\":\"LES SESSIONS DE YOGA - Bora Bora Freediving and Yoga\",\"isPartOf\":{\"@id\":\"https:\/\/boraborafreedivingyoga.com\/#website\"},\"primaryImageOfPage\":{\"@id\":\"https:\/\/boraborafreedivingyoga.com\/brunch-yoga\/#primaryimage\"},\"datePublished\":\"2021-01-16T20:43:36+00:00\",\"dateModified\":\"2022-11-12T20:19:23+00:00\",\"description\":\"Les sessions de yoga ont lieu en plein air toute la semaine tout au long de l\\u2019ann\\u00e9e dans la joie et la bonne humeur \\u00e0 Bora Bora.\",\"breadcrumb\":{\"@id\":\"https:\/\/boraborafreedivingyoga.com\/brunch-yoga\/#breadcrumb\"},\"inLanguage\":\"en-GB\",\"potentialAction\":[{\"@type\":\"ReadAction\",\"target\":[\"https:\/\/boraborafreedivingyoga.com\/brunch-yoga\/\"]}]},{\"@type\":\"BreadcrumbList\",\"@id\":\"https:\/\/boraborafreedivingyoga.com\/brunch-yoga\/#breadcrumb\",\"itemListElement\":[{\"@type\":\"ListItem\",\"position\":1,\"item\":{\"@type\":\"WebPage\",\"@id\":\"https:\/\/boraborafreedivingyoga.com\/\",\"url\":\"https:\/\/boraborafreedivingyoga.com\/\",\"name\":\"Accueil\"}},{\"@type\":\"ListItem\",\"position\":2,\"item\":{\"@type\":\"WebPage\",\"@id\":\"https:\/\/boraborafreedivingyoga.com\/brunch-yoga\/\",\"url\":\"https:\/\/boraborafreedivingyoga.com\/brunch-yoga\/\",\"name\":\"Brunch &#038; Yoga\"}}]}]}<\/script>\n<!-- \/ Yoast SEO plugin. -->","_links":{"self":[{"href":"https:\/\/boraborafreedivingyoga.com\/en\/wp-json\/wp\/v2\/pages\/2467"}],"collection":[{"href":"https:\/\/boraborafreedivingyoga.com\/en\/wp-json\/wp\/v2\/pages"}],"about":[{"href":"https:\/\/boraborafreedivingyoga.com\/en\/wp-json\/wp\/v2\/types\/page"}],"author":[{"embeddable":true,"href":"https:\/\/boraborafreedivingyoga.com\/en\/wp-json\/wp\/v2\/users\/1"}],"replies":[{"embeddable":true,"href":"https:\/\/boraborafreedivingyoga.com\/en\/wp-json\/wp\/v2\/comments?post=2467"}],"version-history":[{"count":93,"href":"https:\/\/boraborafreedivingyoga.com\/en\/wp-json\/wp\/v2\/pages\/2467\/revisions"}],"predecessor-version":[{"id":3862,"href":"https:\/\/boraborafreedivingyoga.com\/en\/wp-json\/wp\/v2\/pages\/2467\/revisions\/3862"}],"wp:attachment":[{"href":"https:\/\/boraborafreedivingyoga.com\/en\/wp-json\/wp\/v2\/media?parent=2467"}],"curies":[{"name":"wp","href":"https:\/\/api.w.org\/{rel}","templated":true}]}}