{"id":3216,"date":"2022-01-11T03:59:15","date_gmt":"2022-01-11T02:59:15","guid":{"rendered":"https:\/\/boraborafreedivingyoga.com\/?page_id=3216"},"modified":"2023-03-27T18:39:10","modified_gmt":"2023-03-27T17:39:10","slug":"green-bob","status":"publish","type":"page","link":"https:\/\/boraborafreedivingyoga.com\/en\/green-bob\/","title":{"rendered":"GREEN BOB ASSO"},"content":{"rendered":"<div data-elementor-type=\"wp-page\" data-elementor-id=\"3216\" class=\"elementor elementor-3216\" data-elementor-settings=\"[]\">\n\t\t\t\t\t\t<div class=\"elementor-inner\">\n\t\t\t\t\t\t\t<div class=\"elementor-section-wrap\">\n\t\t\t\t\t\t\t<section class=\"elementor-section elementor-top-section elementor-element elementor-element-48dd44cc elementor-section-height-full elementor-section-content-middle elementor-section-boxed elementor-section-height-default elementor-section-items-middle\" data-id=\"48dd44cc\" data-element_type=\"section\" data-settings=\"{&quot;background_background&quot;:&quot;classic&quot;}\">\n\t\t\t\t\t\t\t<div class=\"elementor-background-overlay\"><\/div>\n\t\t\t\t\t\t\t<div class=\"elementor-container elementor-column-gap-default\">\n\t\t\t\t\t\t\t<div class=\"elementor-row\">\n\t\t\t\t\t\t\t\t\t<\/div>\n\t\t\t\t\t<\/div>\n\t\t<\/section>\n\t\t\t\t<section class=\"elementor-section elementor-top-section elementor-element elementor-element-1d79819 elementor-section-boxed elementor-section-height-default elementor-section-height-default\" data-id=\"1d79819\" data-element_type=\"section\">\n\t\t\t\t\t\t<div class=\"elementor-container elementor-column-gap-default\">\n\t\t\t\t\t\t\t<div class=\"elementor-row\">\n\t\t\t\t\t<div class=\"elementor-column elementor-col-100 elementor-top-column elementor-element elementor-element-59d3af26\" data-id=\"59d3af26\" data-element_type=\"column\">\n\t\t\t<div class=\"elementor-column-wrap elementor-element-populated\">\n\t\t\t\t\t\t\t<div class=\"elementor-widget-wrap\">\n\t\t\t\t\t\t<section class=\"elementor-section elementor-inner-section elementor-element elementor-element-1e9cb6e elementor-section-boxed elementor-section-height-default elementor-section-height-default\" data-id=\"1e9cb6e\" data-element_type=\"section\">\n\t\t\t\t\t\t<div class=\"elementor-container elementor-column-gap-default\">\n\t\t\t\t\t\t\t<div class=\"elementor-row\">\n\t\t\t\t\t<div class=\"elementor-column elementor-col-50 elementor-inner-column elementor-element elementor-element-70c80e6\" data-id=\"70c80e6\" data-element_type=\"column\">\n\t\t\t<div class=\"elementor-column-wrap elementor-element-populated\">\n\t\t\t\t\t\t\t<div class=\"elementor-widget-wrap\">\n\t\t\t\t\t\t<div class=\"elementor-element elementor-element-94f6f47 elementor-widget elementor-widget-image\" data-id=\"94f6f47\" data-element_type=\"widget\" data-widget_type=\"image.default\">\n\t\t\t\t<div class=\"elementor-widget-container\">\n\t\t\t\t\t<div class=\"elementor-image\">\n\t\t\t\t\t\t\t\t\t\t<img width=\"500\" height=\"500\" src=\"https:\/\/boraborafreedivingyoga.com\/wp-content\/uploads\/2022\/02\/Green-BOB.png\" class=\"attachment-large size-large\" alt=\"Apn\u00e9e en Polyn\u00e9sie\" loading=\"lazy\" srcset=\"https:\/\/boraborafreedivingyoga.com\/wp-content\/uploads\/2022\/02\/Green-BOB.png 500w, https:\/\/boraborafreedivingyoga.com\/wp-content\/uploads\/2022\/02\/Green-BOB-300x300.png 300w, https:\/\/boraborafreedivingyoga.com\/wp-content\/uploads\/2022\/02\/Green-BOB-150x150.png 150w, https:\/\/boraborafreedivingyoga.com\/wp-content\/uploads\/2022\/02\/Green-BOB-12x12.png 12w, https:\/\/boraborafreedivingyoga.com\/wp-content\/uploads\/2022\/02\/Green-BOB-100x100.png 100w\" sizes=\"(max-width: 500px) 100vw, 500px\" \/>\t\t\t\t\t\t\t\t\t\t\t<\/div>\n\t\t\t\t<\/div>\n\t\t\t\t<\/div>\n\t\t\t\t\t\t<\/div>\n\t\t\t\t\t<\/div>\n\t\t<\/div>\n\t\t\t\t<div class=\"elementor-column elementor-col-50 elementor-inner-column elementor-element elementor-element-fed2b53\" data-id=\"fed2b53\" data-element_type=\"column\">\n\t\t\t<div class=\"elementor-column-wrap elementor-element-populated\">\n\t\t\t\t\t\t\t<div class=\"elementor-widget-wrap\">\n\t\t\t\t\t\t<div class=\"elementor-element elementor-element-db3ef74 elementor-widget elementor-widget-spacer\" data-id=\"db3ef74\" data-element_type=\"widget\" data-widget_type=\"spacer.default\">\n\t\t\t\t<div class=\"elementor-widget-container\">\n\t\t\t\t\t<div class=\"elementor-spacer\">\n\t\t\t<div class=\"elementor-spacer-inner\"><\/div>\n\t\t<\/div>\n\t\t\t\t<\/div>\n\t\t\t\t<\/div>\n\t\t\t\t<div class=\"elementor-element elementor-element-7ddba610 elementor-widget elementor-widget-heading\" data-id=\"7ddba610\" data-element_type=\"widget\" data-widget_type=\"heading.default\">\n\t\t\t\t<div class=\"elementor-widget-container\">\n\t\t\t<h2 class=\"elementor-heading-title elementor-size-large\">GREEN BOB ASSOCIATION<\/h2>\t\t<\/div>\n\t\t\t\t<\/div>\n\t\t\t\t<div class=\"elementor-element elementor-element-36fd45ac elementor-widget__width-inherit elementor-widget elementor-widget-text-editor\" data-id=\"36fd45ac\" data-element_type=\"widget\" data-widget_type=\"text-editor.default\">\n\t\t\t\t<div class=\"elementor-widget-container\">\n\t\t\t\t\t<div class=\"elementor-text-editor elementor-clearfix\"><p>Green BOB est une association dont le but est de faire d\u00e9couvrir l&#8217;apn\u00e9e et le yoga au plus grand nombre.<\/p>\n<p>Elle a aussi pour but de nous aider \u00e0 comprendre le fonctionnement du milieu marin et de trouver des solutions pour le prot\u00e9ger.<\/p><\/div>\n\t\t\t\t<\/div>\n\t\t\t\t<\/div>\n\t\t\t\t\t\t<\/div>\n\t\t\t\t\t<\/div>\n\t\t<\/div>\n\t\t\t\t\t\t\t\t<\/div>\n\t\t\t\t\t<\/div>\n\t\t<\/section>\n\t\t\t\t<div class=\"elementor-element elementor-element-a1a7673 elementor-widget elementor-widget-spacer\" data-id=\"a1a7673\" data-element_type=\"widget\" data-widget_type=\"spacer.default\">\n\t\t\t\t<div class=\"elementor-widget-container\">\n\t\t\t\t\t<div class=\"elementor-spacer\">\n\t\t\t<div class=\"elementor-spacer-inner\"><\/div>\n\t\t<\/div>\n\t\t\t\t<\/div>\n\t\t\t\t<\/div>\n\t\t\t\t<div class=\"elementor-element elementor-element-dea3da7 elementor-widget elementor-widget-spacer\" data-id=\"dea3da7\" data-element_type=\"widget\" data-widget_type=\"spacer.default\">\n\t\t\t\t<div class=\"elementor-widget-container\">\n\t\t\t\t\t<div class=\"elementor-spacer\">\n\t\t\t<div class=\"elementor-spacer-inner\"><\/div>\n\t\t<\/div>\n\t\t\t\t<\/div>\n\t\t\t\t<\/div>\n\t\t\t\t\t\t<\/div>\n\t\t\t\t\t<\/div>\n\t\t<\/div>\n\t\t\t\t\t\t\t\t<\/div>\n\t\t\t\t\t<\/div>\n\t\t<\/section>\n\t\t\t\t<section class=\"elementor-section elementor-top-section elementor-element elementor-element-214fdf7a elementor-section-content-middle elementor-reverse-mobile elementor-section-boxed elementor-section-height-default elementor-section-height-default\" data-id=\"214fdf7a\" data-element_type=\"section\" data-settings=\"{&quot;background_background&quot;:&quot;classic&quot;}\">\n\t\t\t\t\t\t<div class=\"elementor-container elementor-column-gap-default\">\n\t\t\t\t\t\t\t<div class=\"elementor-row\">\n\t\t\t\t\t<div class=\"elementor-column elementor-col-33 elementor-top-column elementor-element elementor-element-61ac7bc\" data-id=\"61ac7bc\" data-element_type=\"column\">\n\t\t\t<div class=\"elementor-column-wrap elementor-element-populated\">\n\t\t\t\t\t\t\t<div class=\"elementor-widget-wrap\">\n\t\t\t\t\t\t<div class=\"elementor-element elementor-element-3d4d09a elementor-widget elementor-widget-heading\" data-id=\"3d4d09a\" data-element_type=\"widget\" data-widget_type=\"heading.default\">\n\t\t\t\t<div class=\"elementor-widget-container\">\n\t\t\t<h3 class=\"elementor-heading-title elementor-size-large\">YOGA<\/h3>\t\t<\/div>\n\t\t\t\t<\/div>\n\t\t\t\t<div class=\"elementor-element elementor-element-73dd8c5 elementor-widget elementor-widget-text-editor\" data-id=\"73dd8c5\" data-element_type=\"widget\" data-widget_type=\"text-editor.default\">\n\t\t\t\t<div class=\"elementor-widget-container\">\n\t\t\t\t\t<div class=\"elementor-text-editor elementor-clearfix\"><p>Le Yoga pourquoi pas ?<\/p>\n<p>Cette discipline Indou est depuis Jacques Mayol, pratiqu\u00e9e quotidiennement par les apn\u00e9istes.<\/p>\n<p>Le yoga au quotidien agit comme un entrainement compl\u00e9mentaire et permet d&#8217;harmoniser le corps et l&#8217;esprit, am\u00e9liore la musculature, la tonicit\u00e9, la souplesse et prot\u00e8ge l&#8217;apn\u00e9iste des accidents li\u00e9s \u00e0 la profondeur.<\/p>\n<p>1 fois par mois un cours de yoga a lieu gratuitement au fare pote de Matira<\/p><\/div>\n\t\t\t\t<\/div>\n\t\t\t\t<\/div>\n\t\t\t\t\t\t<\/div>\n\t\t\t\t\t<\/div>\n\t\t<\/div>\n\t\t\t\t<div class=\"elementor-column elementor-col-33 elementor-top-column elementor-element elementor-element-69fd1053\" data-id=\"69fd1053\" data-element_type=\"column\">\n\t\t\t<div class=\"elementor-column-wrap elementor-element-populated\">\n\t\t\t\t\t\t\t<div class=\"elementor-widget-wrap\">\n\t\t\t\t\t\t<div class=\"elementor-element elementor-element-56aa4f8c elementor-widget elementor-widget-image\" data-id=\"56aa4f8c\" data-element_type=\"widget\" data-widget_type=\"image.default\">\n\t\t\t\t<div class=\"elementor-widget-container\">\n\t\t\t\t\t<div class=\"elementor-image\">\n\t\t\t\t\t\t\t\t\t\t<img width=\"600\" height=\"254\" src=\"https:\/\/boraborafreedivingyoga.com\/wp-content\/uploads\/2020\/12\/freediving.jpg\" class=\"attachment-full size-full\" alt=\"Apn\u00e9e Polyn\u00e9sie\" loading=\"lazy\" srcset=\"https:\/\/boraborafreedivingyoga.com\/wp-content\/uploads\/2020\/12\/freediving.jpg 600w, https:\/\/boraborafreedivingyoga.com\/wp-content\/uploads\/2020\/12\/freediving-300x127.jpg 300w\" sizes=\"(max-width: 600px) 100vw, 600px\" \/>\t\t\t\t\t\t\t\t\t\t\t<\/div>\n\t\t\t\t<\/div>\n\t\t\t\t<\/div>\n\t\t\t\t\t\t<\/div>\n\t\t\t\t\t<\/div>\n\t\t<\/div>\n\t\t\t\t<div class=\"elementor-column elementor-col-33 elementor-top-column elementor-element elementor-element-2ecead3\" data-id=\"2ecead3\" data-element_type=\"column\">\n\t\t\t<div class=\"elementor-column-wrap elementor-element-populated\">\n\t\t\t\t\t\t\t<div class=\"elementor-widget-wrap\">\n\t\t\t\t\t\t<div class=\"elementor-element elementor-element-9c83595 elementor-widget elementor-widget-heading\" data-id=\"9c83595\" data-element_type=\"widget\" data-widget_type=\"heading.default\">\n\t\t\t\t<div class=\"elementor-widget-container\">\n\t\t\t<h3 class=\"elementor-heading-title elementor-size-large\">SENTIER SOUS MARIN<\/h3>\t\t<\/div>\n\t\t\t\t<\/div>\n\t\t\t\t<div class=\"elementor-element elementor-element-b4d2e5d elementor-widget elementor-widget-text-editor\" data-id=\"b4d2e5d\" data-element_type=\"widget\" data-widget_type=\"text-editor.default\">\n\t\t\t\t<div class=\"elementor-widget-container\">\n\t\t\t\t\t<div class=\"elementor-text-editor elementor-clearfix\"><p>Le sentier sous-marin est un projet de d\u00e9couverte, visant \u00e0 identifier la faune et la flore environnante et localiser leur habitat. Balis\u00e9 par des fiches d&#8217;identifications, il permet de nous faire d\u00e9couvrir le fonctionnement d&#8217;un \u00e9cosyst\u00e8me marin.\u00a0<\/p><p>En travaillant avec l&#8217;aide des biologistes, chacun de nous peu aider au quotidien \u00e0 son entretien ou participer aux d\u00e9marches n\u00e9cessaires \u00e0 sa cr\u00e9ation et ainsi apporter sa pierre \u00e0 l&#8217;\u00e9difice.<\/p><p>Des journ\u00e9es d\u00e9couvertes sont organis\u00e9es tous les mois.<\/p><\/div>\n\t\t\t\t<\/div>\n\t\t\t\t<\/div>\n\t\t\t\t\t\t<\/div>\n\t\t\t\t\t<\/div>\n\t\t<\/div>\n\t\t\t\t\t\t\t\t<\/div>\n\t\t\t\t\t<\/div>\n\t\t<\/section>\n\t\t\t\t<section class=\"elementor-section elementor-top-section elementor-element elementor-element-56b1735 elementor-section-boxed elementor-section-height-default elementor-section-height-default\" data-id=\"56b1735\" data-element_type=\"section\">\n\t\t\t\t\t\t<div class=\"elementor-container elementor-column-gap-default\">\n\t\t\t\t\t\t\t<div class=\"elementor-row\">\n\t\t\t\t\t<div class=\"elementor-column elementor-col-100 elementor-top-column elementor-element elementor-element-6e76a15\" data-id=\"6e76a15\" data-element_type=\"column\">\n\t\t\t<div class=\"elementor-column-wrap elementor-element-populated\">\n\t\t\t\t\t\t\t<div class=\"elementor-widget-wrap\">\n\t\t\t\t\t\t<div class=\"elementor-element elementor-element-eea45c7 elementor-widget elementor-widget-spacer\" data-id=\"eea45c7\" data-element_type=\"widget\" data-widget_type=\"spacer.default\">\n\t\t\t\t<div class=\"elementor-widget-container\">\n\t\t\t\t\t<div class=\"elementor-spacer\">\n\t\t\t<div class=\"elementor-spacer-inner\"><\/div>\n\t\t<\/div>\n\t\t\t\t<\/div>\n\t\t\t\t<\/div>\n\t\t\t\t\t\t<\/div>\n\t\t\t\t\t<\/div>\n\t\t<\/div>\n\t\t\t\t\t\t\t\t<\/div>\n\t\t\t\t\t<\/div>\n\t\t<\/section>\n\t\t\t\t<section class=\"elementor-section elementor-top-section elementor-element elementor-element-7f62da6 elementor-section-boxed elementor-section-height-default elementor-section-height-default\" data-id=\"7f62da6\" data-element_type=\"section\">\n\t\t\t\t\t\t<div class=\"elementor-container elementor-column-gap-default\">\n\t\t\t\t\t\t\t<div class=\"elementor-row\">\n\t\t\t\t\t<div class=\"elementor-column elementor-col-33 elementor-top-column elementor-element elementor-element-ff0cf0f\" data-id=\"ff0cf0f\" data-element_type=\"column\">\n\t\t\t<div class=\"elementor-column-wrap elementor-element-populated\">\n\t\t\t\t\t\t\t<div class=\"elementor-widget-wrap\">\n\t\t\t\t\t\t<div class=\"elementor-element elementor-element-157e7cf elementor-widget elementor-widget-heading\" data-id=\"157e7cf\" data-element_type=\"widget\" data-widget_type=\"heading.default\">\n\t\t\t\t<div class=\"elementor-widget-container\">\n\t\t\t<h3 class=\"elementor-heading-title elementor-size-large\">PR\u00c9VENTION CHASSE SOUS MARINE<\/h3>\t\t<\/div>\n\t\t\t\t<\/div>\n\t\t\t\t<div class=\"elementor-element elementor-element-aabd205 elementor-widget elementor-widget-text-editor\" data-id=\"aabd205\" data-element_type=\"widget\" data-widget_type=\"text-editor.default\">\n\t\t\t\t<div class=\"elementor-widget-container\">\n\t\t\t\t\t<div class=\"elementor-text-editor elementor-clearfix\"><div>La chasse sous-marine est une activit\u00e9 accessible \u00e0 tous mais qui n\u00e9cessite d&#8217;adopter un comportement pr\u00e9ventif bas\u00e9 sur des r\u00e8gles de s\u00e9curit\u00e9s.<\/div>\n<div>Mieux se prot\u00e9ger c&#8217;est aussi mieux prot\u00e9ger les autres.<\/div>\n<div>Que ce soit au quotidien pour se nourrir ou occasionnellement pour le loisir, la chasse sous marine est une discipline qui doit se pratiquer dans le respect de ses r\u00e8gles et de la r\u00e8glementation en vigueur.<\/div>\n<div>Des journ\u00e9es de pr\u00e9ventions sont organis\u00e9es une fois par mois pour toutes les personnes d\u00e9sireuses d&#8217;apprendre et transmettre les bases de la s\u00e9curit\u00e9 en apn\u00e9e.<\/div><\/div>\n\t\t\t\t<\/div>\n\t\t\t\t<\/div>\n\t\t\t\t\t\t<\/div>\n\t\t\t\t\t<\/div>\n\t\t<\/div>\n\t\t\t\t<div class=\"elementor-column elementor-col-33 elementor-top-column elementor-element elementor-element-c93a5f9\" data-id=\"c93a5f9\" data-element_type=\"column\">\n\t\t\t<div class=\"elementor-column-wrap elementor-element-populated\">\n\t\t\t\t\t\t\t<div class=\"elementor-widget-wrap\">\n\t\t\t\t\t\t<div class=\"elementor-element elementor-element-94d9bcb elementor-widget elementor-widget-spacer\" data-id=\"94d9bcb\" data-element_type=\"widget\" data-widget_type=\"spacer.default\">\n\t\t\t\t<div class=\"elementor-widget-container\">\n\t\t\t\t\t<div class=\"elementor-spacer\">\n\t\t\t<div class=\"elementor-spacer-inner\"><\/div>\n\t\t<\/div>\n\t\t\t\t<\/div>\n\t\t\t\t<\/div>\n\t\t\t\t\t\t<\/div>\n\t\t\t\t\t<\/div>\n\t\t<\/div>\n\t\t\t\t<div class=\"elementor-column elementor-col-33 elementor-top-column elementor-element elementor-element-22b2557\" data-id=\"22b2557\" data-element_type=\"column\">\n\t\t\t<div class=\"elementor-column-wrap elementor-element-populated\">\n\t\t\t\t\t\t\t<div class=\"elementor-widget-wrap\">\n\t\t\t\t\t\t<div class=\"elementor-element elementor-element-e0950c3 elementor-widget elementor-widget-heading\" data-id=\"e0950c3\" data-element_type=\"widget\" data-widget_type=\"heading.default\">\n\t\t\t\t<div class=\"elementor-widget-container\">\n\t\t\t<h3 class=\"elementor-heading-title elementor-size-large\">APN\u00c9E STATIQUE &amp; DYNAMIQUE<\/h3>\t\t<\/div>\n\t\t\t\t<\/div>\n\t\t\t\t<div class=\"elementor-element elementor-element-6964089 elementor-widget elementor-widget-text-editor\" data-id=\"6964089\" data-element_type=\"widget\" data-widget_type=\"text-editor.default\">\n\t\t\t\t<div class=\"elementor-widget-container\">\n\t\t\t\t\t<div class=\"elementor-text-editor elementor-clearfix\"><div>L&#8217;apn\u00e9e statique est une discipline qui demande un travail de rel\u00e2chement du corps . L&#8217;entrainement se construit essentiellement sur l&#8217;apprentissage de technique de relaxation et de m\u00e9ditation.<\/div>\n<div>L&#8217;apn\u00e9e dynamique va quand \u00e0 elle demand\u00e9e des efforts physiques, l&#8217;apprentissage de techniques de nage et entra\u00eener son corps \u00e0 consommer moins d&#8217;oxyg\u00e8ne.<\/div>\n<div>Laissez vous guider par vos envies et venez d\u00e9couvrir ou vous entrainer dans l&#8217;une de ces disciplines chaque semaine.<\/div><\/div>\n\t\t\t\t<\/div>\n\t\t\t\t<\/div>\n\t\t\t\t\t\t<\/div>\n\t\t\t\t\t<\/div>\n\t\t<\/div>\n\t\t\t\t\t\t\t\t<\/div>\n\t\t\t\t\t<\/div>\n\t\t<\/section>\n\t\t\t\t<section class=\"elementor-section elementor-top-section elementor-element elementor-element-3d75e19 elementor-section-boxed elementor-section-height-default elementor-section-height-default\" data-id=\"3d75e19\" data-element_type=\"section\">\n\t\t\t\t\t\t<div class=\"elementor-container elementor-column-gap-default\">\n\t\t\t\t\t\t\t<div class=\"elementor-row\">\n\t\t\t\t\t<div class=\"elementor-column elementor-col-100 elementor-top-column elementor-element elementor-element-8da764d\" data-id=\"8da764d\" data-element_type=\"column\">\n\t\t\t<div class=\"elementor-column-wrap elementor-element-populated\">\n\t\t\t\t\t\t\t<div class=\"elementor-widget-wrap\">\n\t\t\t\t\t\t<div class=\"elementor-element elementor-element-5c024c5 elementor-widget elementor-widget-spacer\" data-id=\"5c024c5\" data-element_type=\"widget\" data-widget_type=\"spacer.default\">\n\t\t\t\t<div class=\"elementor-widget-container\">\n\t\t\t\t\t<div class=\"elementor-spacer\">\n\t\t\t<div class=\"elementor-spacer-inner\"><\/div>\n\t\t<\/div>\n\t\t\t\t<\/div>\n\t\t\t\t<\/div>\n\t\t\t\t\t\t<\/div>\n\t\t\t\t\t<\/div>\n\t\t<\/div>\n\t\t\t\t\t\t\t\t<\/div>\n\t\t\t\t\t<\/div>\n\t\t<\/section>\n\t\t\t\t\t\t<\/div>\n\t\t\t\t\t\t<\/div>\n\t\t\t\t\t<\/div>","protected":false},"excerpt":{"rendered":"<p>GREEN BOB ASSOCIATION Green BOB est une association dont le but est de faire d\u00e9couvrir l&#8217;apn\u00e9e et le yoga au plus grand nombre. Elle a aussi pour but de nous aider \u00e0 comprendre le fonctionnement du milieu marin et de trouver des solutions pour le prot\u00e9ger. YOGA Le Yoga pourquoi pas ? Cette discipline Indou [&hellip;]<\/p>","protected":false},"author":1,"featured_media":0,"parent":0,"menu_order":0,"comment_status":"closed","ping_status":"closed","template":"","meta":[],"yoast_head":"<!-- This site is optimized with the Yoast SEO plugin v16.1.1 - https:\/\/yoast.com\/wordpress\/plugins\/seo\/ -->\n<title>\u00c9COLE D&#039;APN\u00c9E YOGA POLYN\u00c9SIE - Bora Bora Freediving and Yoga<\/title>\n<meta name=\"description\" content=\"Bora Bora Freediving &amp; Yoga vous permet de vous entrainer ou de d\u00e9couvrir l&#039;apn\u00e9e dans un cadre idillique \u00e0 Bora Bora en Polyn\u00e9sie Fran\u00e7aise.\" \/>\n<meta name=\"robots\" content=\"index, follow, max-snippet:-1, max-image-preview:large, max-video-preview:-1\" \/>\n<link rel=\"canonical\" href=\"https:\/\/boraborafreedivingyoga.com\/en\/green-bob\/\" \/>\n<meta property=\"og:locale\" content=\"en_GB\" \/>\n<meta property=\"og:type\" content=\"article\" \/>\n<meta property=\"og:title\" content=\"\u00c9COLE D&#039;APN\u00c9E YOGA POLYN\u00c9SIE - Bora Bora Freediving and Yoga\" \/>\n<meta property=\"og:description\" content=\"Bora Bora Freediving &amp; Yoga vous permet de vous entrainer ou de d\u00e9couvrir l&#039;apn\u00e9e dans un cadre idillique \u00e0 Bora Bora en Polyn\u00e9sie Fran\u00e7aise.\" \/>\n<meta property=\"og:url\" content=\"https:\/\/boraborafreedivingyoga.com\/en\/green-bob\/\" \/>\n<meta property=\"og:site_name\" content=\"Bora Bora Freediving and Yoga\" \/>\n<meta property=\"article:modified_time\" content=\"2023-03-27T17:39:10+00:00\" \/>\n<meta property=\"og:image\" content=\"https:\/\/boraborafreedivingyoga.com\/wp-content\/uploads\/2022\/02\/Green-BOB.png\" \/>\n<meta name=\"twitter:label1\" content=\"Estimated reading time\">\n\t<meta name=\"twitter:data1\" content=\"2 minutes\">\n<script type=\"application\/ld+json\" class=\"yoast-schema-graph\">{\"@context\":\"https:\/\/schema.org\",\"@graph\":[{\"@type\":\"WebSite\",\"@id\":\"https:\/\/boraborafreedivingyoga.com\/#website\",\"url\":\"https:\/\/boraborafreedivingyoga.com\/\",\"name\":\"Bora Bora Freediving and Yoga\",\"description\":\"Pratiquer l\\u2019apn\\u00e9e dans un cadre idyllique toute l\\u2019ann\\u00e9e\\u2026 Que demander de plus ?\",\"potentialAction\":[{\"@type\":\"SearchAction\",\"target\":\"https:\/\/boraborafreedivingyoga.com\/?s={search_term_string}\",\"query-input\":\"required name=search_term_string\"}],\"inLanguage\":\"en-GB\"},{\"@type\":\"ImageObject\",\"@id\":\"https:\/\/boraborafreedivingyoga.com\/green-bob\/#primaryimage\",\"inLanguage\":\"en-GB\",\"url\":\"https:\/\/boraborafreedivingyoga.com\/wp-content\/uploads\/2022\/02\/Green-BOB.png\",\"contentUrl\":\"https:\/\/boraborafreedivingyoga.com\/wp-content\/uploads\/2022\/02\/Green-BOB.png\",\"width\":500,\"height\":500,\"caption\":\"Apn\\u00e9e profondeur, comp\\u00e9tition apn\\u00e9e profondeur AIDA\"},{\"@type\":\"WebPage\",\"@id\":\"https:\/\/boraborafreedivingyoga.com\/green-bob\/#webpage\",\"url\":\"https:\/\/boraborafreedivingyoga.com\/green-bob\/\",\"name\":\"\\u00c9COLE D'APN\\u00c9E YOGA POLYN\\u00c9SIE - Bora Bora Freediving and Yoga\",\"isPartOf\":{\"@id\":\"https:\/\/boraborafreedivingyoga.com\/#website\"},\"primaryImageOfPage\":{\"@id\":\"https:\/\/boraborafreedivingyoga.com\/green-bob\/#primaryimage\"},\"datePublished\":\"2022-01-11T02:59:15+00:00\",\"dateModified\":\"2023-03-27T17:39:10+00:00\",\"description\":\"Bora Bora Freediving & Yoga vous permet de vous entrainer ou de d\\u00e9couvrir l'apn\\u00e9e dans un cadre idillique \\u00e0 Bora Bora en Polyn\\u00e9sie Fran\\u00e7aise.\",\"breadcrumb\":{\"@id\":\"https:\/\/boraborafreedivingyoga.com\/green-bob\/#breadcrumb\"},\"inLanguage\":\"en-GB\",\"potentialAction\":[{\"@type\":\"ReadAction\",\"target\":[\"https:\/\/boraborafreedivingyoga.com\/green-bob\/\"]}]},{\"@type\":\"BreadcrumbList\",\"@id\":\"https:\/\/boraborafreedivingyoga.com\/green-bob\/#breadcrumb\",\"itemListElement\":[{\"@type\":\"ListItem\",\"position\":1,\"item\":{\"@type\":\"WebPage\",\"@id\":\"https:\/\/boraborafreedivingyoga.com\/\",\"url\":\"https:\/\/boraborafreedivingyoga.com\/\",\"name\":\"Accueil\"}},{\"@type\":\"ListItem\",\"position\":2,\"item\":{\"@type\":\"WebPage\",\"@id\":\"https:\/\/boraborafreedivingyoga.com\/green-bob\/\",\"url\":\"https:\/\/boraborafreedivingyoga.com\/green-bob\/\",\"name\":\"GREEN BOB ASSO\"}}]}]}<\/script>\n<!-- \/ Yoast SEO plugin. -->","_links":{"self":[{"href":"https:\/\/boraborafreedivingyoga.com\/en\/wp-json\/wp\/v2\/pages\/3216"}],"collection":[{"href":"https:\/\/boraborafreedivingyoga.com\/en\/wp-json\/wp\/v2\/pages"}],"about":[{"href":"https:\/\/boraborafreedivingyoga.com\/en\/wp-json\/wp\/v2\/types\/page"}],"author":[{"embeddable":true,"href":"https:\/\/boraborafreedivingyoga.com\/en\/wp-json\/wp\/v2\/users\/1"}],"replies":[{"embeddable":true,"href":"https:\/\/boraborafreedivingyoga.com\/en\/wp-json\/wp\/v2\/comments?post=3216"}],"version-history":[{"count":41,"href":"https:\/\/boraborafreedivingyoga.com\/en\/wp-json\/wp\/v2\/pages\/3216\/revisions"}],"predecessor-version":[{"id":3924,"href":"https:\/\/boraborafreedivingyoga.com\/en\/wp-json\/wp\/v2\/pages\/3216\/revisions\/3924"}],"wp:attachment":[{"href":"https:\/\/boraborafreedivingyoga.com\/en\/wp-json\/wp\/v2\/media?parent=3216"}],"curies":[{"name":"wp","href":"https:\/\/api.w.org\/{rel}","templated":true}]}}