{"id":3314,"date":"2022-03-30T23:08:37","date_gmt":"2022-03-30T22:08:37","guid":{"rendered":"https:\/\/boraborafreedivingyoga.com\/?page_id=3314"},"modified":"2026-04-10T03:28:07","modified_gmt":"2026-04-10T02:28:07","slug":"exploration-apnee-polynesie","status":"publish","type":"page","link":"https:\/\/boraborafreedivingyoga.com\/en\/exploration-apnee-polynesie\/","title":{"rendered":"EXPLORATION"},"content":{"rendered":"<div data-elementor-type=\"wp-page\" data-elementor-id=\"3314\" class=\"elementor elementor-3314\" data-elementor-settings=\"[]\">\n\t\t\t\t\t\t<div class=\"elementor-inner\">\n\t\t\t\t\t\t\t<div class=\"elementor-section-wrap\">\n\t\t\t\t\t\t\t<section class=\"elementor-section elementor-top-section elementor-element elementor-element-6b2cbf9b elementor-section-boxed elementor-section-height-default elementor-section-height-default\" data-id=\"6b2cbf9b\" data-element_type=\"section\" data-settings=\"{&quot;background_background&quot;:&quot;classic&quot;}\">\n\t\t\t\t\t\t\t<div class=\"elementor-background-overlay\"><\/div>\n\t\t\t\t\t\t\t<div class=\"elementor-container elementor-column-gap-default\">\n\t\t\t\t\t\t\t<div class=\"elementor-row\">\n\t\t\t\t\t\t\t\t\t<\/div>\n\t\t\t\t\t<\/div>\n\t\t<\/section>\n\t\t\t\t<section class=\"elementor-section elementor-top-section elementor-element elementor-element-a82e003 elementor-section-boxed elementor-section-height-default elementor-section-height-default\" data-id=\"a82e003\" data-element_type=\"section\">\n\t\t\t\t\t\t<div class=\"elementor-container elementor-column-gap-default\">\n\t\t\t\t\t\t\t<div class=\"elementor-row\">\n\t\t\t\t\t<div class=\"elementor-column elementor-col-100 elementor-top-column elementor-element elementor-element-29bf0d14\" data-id=\"29bf0d14\" data-element_type=\"column\">\n\t\t\t<div class=\"elementor-column-wrap elementor-element-populated\">\n\t\t\t\t\t\t\t<div class=\"elementor-widget-wrap\">\n\t\t\t\t\t\t<div class=\"elementor-element elementor-element-7660080 elementor-widget elementor-widget-heading\" data-id=\"7660080\" data-element_type=\"widget\" data-widget_type=\"heading.default\">\n\t\t\t\t<div class=\"elementor-widget-container\">\n\t\t\t<h2 class=\"elementor-heading-title elementor-size-large\">FREEDIVING DAY & EXPLORATION<\/h2>\t\t<\/div>\n\t\t\t\t<\/div>\n\t\t\t\t<div class=\"elementor-element elementor-element-5d2ec8b elementor-widget elementor-widget-text-editor\" data-id=\"5d2ec8b\" data-element_type=\"widget\" data-widget_type=\"text-editor.default\">\n\t\t\t\t<div class=\"elementor-widget-container\">\n\t\t\t\t\t<div class=\"elementor-text-editor elementor-clearfix\"><p>Welcome in Bora Bora, French Polynesia, an incredible place to experience freediving. The freediving day & exploration will allow you to access to the treasures of the Pacific Ocean.<\/p><p>Guided by a freediving instructor, you will have a depth training in the morning followed by a freediving exloration session in the afternoon.<\/p><p>Guided by a freediving instructor, you will have the possibility to serenely explore Polynesian water.<\/p><p>Come to discover in a simple way Polynesian fauna and flora.<\/p><\/div>\n\t\t\t\t<\/div>\n\t\t\t\t<\/div>\n\t\t\t\t\t\t<\/div>\n\t\t\t\t\t<\/div>\n\t\t<\/div>\n\t\t\t\t\t\t\t\t<\/div>\n\t\t\t\t\t<\/div>\n\t\t<\/section>\n\t\t\t\t<section class=\"elementor-section elementor-top-section elementor-element elementor-element-717fe2b elementor-section-boxed elementor-section-height-default elementor-section-height-default\" data-id=\"717fe2b\" data-element_type=\"section\">\n\t\t\t\t\t\t<div class=\"elementor-container elementor-column-gap-default\">\n\t\t\t\t\t\t\t<div class=\"elementor-row\">\n\t\t\t\t\t<div class=\"elementor-column elementor-col-100 elementor-top-column elementor-element elementor-element-62ab0d0\" data-id=\"62ab0d0\" data-element_type=\"column\" data-settings=\"{&quot;background_background&quot;:&quot;classic&quot;}\">\n\t\t\t<div class=\"elementor-column-wrap elementor-element-populated\">\n\t\t\t\t\t\t\t<div class=\"elementor-widget-wrap\">\n\t\t\t\t\t\t<section class=\"elementor-section elementor-inner-section elementor-element elementor-element-5200cbe elementor-section-boxed elementor-section-height-default elementor-section-height-default\" data-id=\"5200cbe\" data-element_type=\"section\">\n\t\t\t\t\t\t<div class=\"elementor-container elementor-column-gap-default\">\n\t\t\t\t\t\t\t<div class=\"elementor-row\">\n\t\t\t\t\t<div class=\"elementor-column elementor-col-33 elementor-inner-column elementor-element elementor-element-6e6a1fa\" data-id=\"6e6a1fa\" data-element_type=\"column\" data-settings=\"{&quot;background_background&quot;:&quot;classic&quot;}\">\n\t\t\t<div class=\"elementor-column-wrap elementor-element-populated\">\n\t\t\t\t\t\t\t<div class=\"elementor-widget-wrap\">\n\t\t\t\t\t\t<div class=\"elementor-element elementor-element-0dc7977 elementor-widget elementor-widget-heading\" data-id=\"0dc7977\" data-element_type=\"widget\" data-widget_type=\"heading.default\">\n\t\t\t\t<div class=\"elementor-widget-container\">\n\t\t\t<h3 class=\"elementor-heading-title elementor-size-large\">ONE DAY<\/h3>\t\t<\/div>\n\t\t\t\t<\/div>\n\t\t\t\t<div class=\"elementor-element elementor-element-73d501b elementor-view-default elementor-widget elementor-widget-icon\" data-id=\"73d501b\" data-element_type=\"widget\" data-widget_type=\"icon.default\">\n\t\t\t\t<div class=\"elementor-widget-container\">\n\t\t\t\t\t<div class=\"elementor-icon-wrapper\">\n\t\t\t<div class=\"elementor-icon\">\n\t\t\t<i aria-hidden=\"true\" class=\"fas fa-stopwatch\"><\/i>\t\t\t<\/div>\n\t\t<\/div>\n\t\t\t\t<\/div>\n\t\t\t\t<\/div>\n\t\t\t\t<div class=\"elementor-element elementor-element-8e452ce elementor-widget elementor-widget-heading\" data-id=\"8e452ce\" data-element_type=\"widget\" data-widget_type=\"heading.default\">\n\t\t\t\t<div class=\"elementor-widget-container\">\n\t\t\t<h2 class=\"elementor-heading-title elementor-size-default\">Dur\u00e9e: 7h00\/7h30 environ<br>\u00c0 partir de 9h00<br><br>Un journ\u00e9e avec votre moniteur d'apn\u00e9e certifi\u00e9 INSTRUCTEUR AIDA, BREVET D'\u00c9TAT ou BREVET PROFESSIONNEL (dipl\u00f4me obligatoire pour exercer en tant que moniteur d'apn\u00e9e).<br><br>3 \u00e9l\u00e8ves maximum par bou\u00e9e et par moniteur (au lieu de 4 habituellement)<\/h2>\t\t<\/div>\n\t\t\t\t<\/div>\n\t\t\t\t<div class=\"elementor-element elementor-element-e26693e elementor-view-default elementor-widget elementor-widget-icon\" data-id=\"e26693e\" data-element_type=\"widget\" data-widget_type=\"icon.default\">\n\t\t\t\t<div class=\"elementor-widget-container\">\n\t\t\t\t\t<div class=\"elementor-icon-wrapper\">\n\t\t\t<div class=\"elementor-icon\">\n\t\t\t<i aria-hidden=\"true\" class=\"far fa-money-bill-alt\"><\/i>\t\t\t<\/div>\n\t\t<\/div>\n\t\t\t\t<\/div>\n\t\t\t\t<\/div>\n\t\t\t\t<div class=\"elementor-element elementor-element-cd0ccea elementor-widget elementor-widget-text-editor\" data-id=\"cd0ccea\" data-element_type=\"widget\" data-widget_type=\"text-editor.default\">\n\t\t\t\t<div class=\"elementor-widget-container\">\n\t\t\t\t\t<div class=\"elementor-text-editor elementor-clearfix\"><p>\u00c0 partir de 12 000 xpf<\/p><\/div>\n\t\t\t\t<\/div>\n\t\t\t\t<\/div>\n\t\t\t\t\t\t<\/div>\n\t\t\t\t\t<\/div>\n\t\t<\/div>\n\t\t\t\t<div class=\"elementor-column elementor-col-33 elementor-inner-column elementor-element elementor-element-4312e2f\" data-id=\"4312e2f\" data-element_type=\"column\">\n\t\t\t<div class=\"elementor-column-wrap elementor-element-populated\">\n\t\t\t\t\t\t\t<div class=\"elementor-widget-wrap\">\n\t\t\t\t\t\t<div class=\"elementor-element elementor-element-361aced elementor-widget elementor-widget-heading\" data-id=\"361aced\" data-element_type=\"widget\" data-widget_type=\"heading.default\">\n\t\t\t\t<div class=\"elementor-widget-container\">\n\t\t\t<h2 class=\"elementor-heading-title elementor-size-default\">Morning<br>Une matin\u00e9e en douceur avec les pr\u00e9sentations de chacun, un tour de table pour conna\u00eetre vos attentes sur votre session d'entrainement profondeur coach\u00e9 du matin et votre exploration de l'apr\u00e8s midi.<br><br>PAUSE D\u00c9JEUNER<br>Une fois votre entrainement termin\u00e9, place \u00e0 la pause d\u00e9jeuner. <br>Nous choisirons un spot les pieds dans l'eau pour pouvoir pique niquer (chacun ram\u00e8ne son pique nique) et profiter de la vue.<br><br>Afternoon<br>Nous choisirons ensemble (en fonction des conditions m\u00e9t\u00e9o du jour) le spot que nous irons explorer dans l'apr\u00e8s-midi. <br>Nous restons 1 heure dans l'eau sur le spot choisi pour admirer les tr\u00e9sors de la Polyn\u00e9sie ;-).<br><br>Une Journ\u00e9e id\u00e9ale pour tous les apn\u00e9istes passionn\u00e9(e)s de profondeur et des fonds marins.<\/h2>\t\t<\/div>\n\t\t\t\t<\/div>\n\t\t\t\t\t\t<\/div>\n\t\t\t\t\t<\/div>\n\t\t<\/div>\n\t\t\t\t<div class=\"elementor-column elementor-col-33 elementor-inner-column elementor-element elementor-element-6bf7d74\" data-id=\"6bf7d74\" data-element_type=\"column\" data-settings=\"{&quot;background_background&quot;:&quot;classic&quot;}\">\n\t\t\t<div class=\"elementor-column-wrap elementor-element-populated\">\n\t\t\t\t\t\t\t<div class=\"elementor-widget-wrap\">\n\t\t\t\t\t\t<div class=\"elementor-element elementor-element-a095f23 elementor-widget elementor-widget-heading\" data-id=\"a095f23\" data-element_type=\"widget\" data-widget_type=\"heading.default\">\n\t\t\t\t<div class=\"elementor-widget-container\">\n\t\t\t<h3 class=\"elementor-heading-title elementor-size-large\">INCLUDED<\/h3>\t\t<\/div>\n\t\t\t\t<\/div>\n\t\t\t\t<div class=\"elementor-element elementor-element-ff0d17c elementor-view-default elementor-widget elementor-widget-icon\" data-id=\"ff0d17c\" data-element_type=\"widget\" data-widget_type=\"icon.default\">\n\t\t\t\t<div class=\"elementor-widget-container\">\n\t\t\t\t\t<div class=\"elementor-icon-wrapper\">\n\t\t\t<div class=\"elementor-icon\">\n\t\t\t<i aria-hidden=\"true\" class=\"fas fa-cookie-bite\"><\/i>\t\t\t<\/div>\n\t\t<\/div>\n\t\t\t\t<\/div>\n\t\t\t\t<\/div>\n\t\t\t\t<div class=\"elementor-element elementor-element-3bf03f5 elementor-widget elementor-widget-text-editor\" data-id=\"3bf03f5\" data-element_type=\"widget\" data-widget_type=\"text-editor.default\">\n\t\t\t\t<div class=\"elementor-widget-container\">\n\t\t\t\t\t<div class=\"elementor-text-editor elementor-clearfix\"><p>Drinks (water and tea) & snacks\u00a0<\/p><p>(biscuits)<\/p><\/div>\n\t\t\t\t<\/div>\n\t\t\t\t<\/div>\n\t\t\t\t<div class=\"elementor-element elementor-element-e26705c elementor-view-default elementor-widget elementor-widget-icon\" data-id=\"e26705c\" data-element_type=\"widget\" data-widget_type=\"icon.default\">\n\t\t\t\t<div class=\"elementor-widget-container\">\n\t\t\t\t\t<div class=\"elementor-icon-wrapper\">\n\t\t\t<div class=\"elementor-icon\">\n\t\t\t<i aria-hidden=\"true\" class=\"fas fa-swimmer\"><\/i>\t\t\t<\/div>\n\t\t<\/div>\n\t\t\t\t<\/div>\n\t\t\t\t<\/div>\n\t\t\t\t<div class=\"elementor-element elementor-element-4308757 elementor-widget elementor-widget-text-editor\" data-id=\"4308757\" data-element_type=\"widget\" data-widget_type=\"text-editor.default\">\n\t\t\t\t<div class=\"elementor-widget-container\">\n\t\t\t\t\t<div class=\"elementor-text-editor elementor-clearfix\"><p>Fins, mask, snorkel, wetsuit,<\/p><p>belt and weights<\/p><\/div>\n\t\t\t\t<\/div>\n\t\t\t\t<\/div>\n\t\t\t\t<div class=\"elementor-element elementor-element-f96fecb elementor-view-default elementor-widget elementor-widget-icon\" data-id=\"f96fecb\" data-element_type=\"widget\" data-widget_type=\"icon.default\">\n\t\t\t\t<div class=\"elementor-widget-container\">\n\t\t\t\t\t<div class=\"elementor-icon-wrapper\">\n\t\t\t<div class=\"elementor-icon\">\n\t\t\t<i aria-hidden=\"true\" class=\"fas fa-photo-video\"><\/i>\t\t\t<\/div>\n\t\t<\/div>\n\t\t\t\t<\/div>\n\t\t\t\t<\/div>\n\t\t\t\t<div class=\"elementor-element elementor-element-f99c602 elementor-widget elementor-widget-text-editor\" data-id=\"f99c602\" data-element_type=\"widget\" data-widget_type=\"text-editor.default\">\n\t\t\t\t<div class=\"elementor-widget-container\">\n\t\t\t\t\t<div class=\"elementor-text-editor elementor-clearfix\">Photos and Videos souvenir<br><\/div>\n\t\t\t\t<\/div>\n\t\t\t\t<\/div>\n\t\t\t\t<div class=\"elementor-element elementor-element-96ff5ce elementor-widget elementor-widget-spacer\" data-id=\"96ff5ce\" data-element_type=\"widget\" data-widget_type=\"spacer.default\">\n\t\t\t\t<div class=\"elementor-widget-container\">\n\t\t\t\t\t<div class=\"elementor-spacer\">\n\t\t\t<div class=\"elementor-spacer-inner\"><\/div>\n\t\t<\/div>\n\t\t\t\t<\/div>\n\t\t\t\t<\/div>\n\t\t\t\t\t\t<\/div>\n\t\t\t\t\t<\/div>\n\t\t<\/div>\n\t\t\t\t\t\t\t\t<\/div>\n\t\t\t\t\t<\/div>\n\t\t<\/section>\n\t\t\t\t\t\t<\/div>\n\t\t\t\t\t<\/div>\n\t\t<\/div>\n\t\t\t\t\t\t\t\t<\/div>\n\t\t\t\t\t<\/div>\n\t\t<\/section>\n\t\t\t\t<section class=\"elementor-section elementor-top-section elementor-element elementor-element-6fc0378 elementor-section-boxed elementor-section-height-default elementor-section-height-default\" data-id=\"6fc0378\" data-element_type=\"section\">\n\t\t\t\t\t\t<div class=\"elementor-container elementor-column-gap-default\">\n\t\t\t\t\t\t\t<div class=\"elementor-row\">\n\t\t\t\t\t<div class=\"elementor-column elementor-col-100 elementor-top-column elementor-element elementor-element-86ed586\" data-id=\"86ed586\" data-element_type=\"column\">\n\t\t\t<div class=\"elementor-column-wrap elementor-element-populated\">\n\t\t\t\t\t\t\t<div class=\"elementor-widget-wrap\">\n\t\t\t\t\t\t<div class=\"elementor-element elementor-element-bb21fbc elementor-widget elementor-widget-spacer\" data-id=\"bb21fbc\" data-element_type=\"widget\" data-widget_type=\"spacer.default\">\n\t\t\t\t<div class=\"elementor-widget-container\">\n\t\t\t\t\t<div class=\"elementor-spacer\">\n\t\t\t<div class=\"elementor-spacer-inner\"><\/div>\n\t\t<\/div>\n\t\t\t\t<\/div>\n\t\t\t\t<\/div>\n\t\t\t\t<div class=\"elementor-element elementor-element-da259f0 elementor-widget elementor-widget-text-editor\" data-id=\"da259f0\" data-element_type=\"widget\" data-widget_type=\"text-editor.default\">\n\t\t\t\t<div class=\"elementor-widget-container\">\n\t\t\t\t\t<div class=\"elementor-text-editor elementor-clearfix\"><p>FOR SAFETY REASONS AND FOR THE PROTECTION OF OUR MARINE'S LIFE, FREEDIVING EXPLORATIONS ARE ALLOWED IF YOUR ARE ALREADY ENTITLED WITH A FREEDIVING CERTIFICATION (AIDA, MOLCHANOVS, SSI, PADI...).<\/p><p>MINIMUM AIDA1 CERTIFICATION<\/p><\/div>\n\t\t\t\t<\/div>\n\t\t\t\t<\/div>\n\t\t\t\t<div class=\"elementor-element elementor-element-3ee862d elementor-align-center elementor-widget elementor-widget-button\" data-id=\"3ee862d\" data-element_type=\"widget\" data-widget_type=\"button.default\">\n\t\t\t\t<div class=\"elementor-widget-container\">\n\t\t\t\t\t<div class=\"elementor-button-wrapper\">\n\t\t\t<a href=\"mailto:boraborafreediving@gmail.com\" target=\"_blank\" class=\"elementor-button-link elementor-button elementor-size-sm\" role=\"button\">\n\t\t\t\t\t\t<span class=\"elementor-button-content-wrapper\">\n\t\t\t\t\t\t<span class=\"elementor-button-text\">I WISH TO BOOK<\/span>\n\t\t<\/span>\n\t\t\t\t\t<\/a>\n\t\t<\/div>\n\t\t\t\t<\/div>\n\t\t\t\t<\/div>\n\t\t\t\t\t\t<\/div>\n\t\t\t\t\t<\/div>\n\t\t<\/div>\n\t\t\t\t\t\t\t\t<\/div>\n\t\t\t\t\t<\/div>\n\t\t<\/section>\n\t\t\t\t\t\t<\/div>\n\t\t\t\t\t\t<\/div>\n\t\t\t\t\t<\/div>","protected":false},"excerpt":{"rendered":"<p>JOURN\u00c9E APN\u00c9E &amp; EXPLO Faire de l&#8217;apn\u00e9e en Polyn\u00e9sie Fran\u00e7aise est une exp\u00e9rience inoubliable qui vous permettra d&#8217;acc\u00e9der aux plus beaux tr\u00e9sors de l&#8217;Oc\u00e9an Pacifique. Guid\u00e9 par un instructeur d&#8217;apn\u00e9e, vous participerez \u00e0 un entrainement profondeur le matin pour vous rendre ensuite l&#8217;apr\u00e8s midi sur un site \u00e0 d\u00e9couvrir et \u00e0 explorer. Vous aurez ainsi [&hellip;]<\/p>","protected":false},"author":1,"featured_media":262,"parent":0,"menu_order":0,"comment_status":"closed","ping_status":"closed","template":"","meta":[],"yoast_head":"<!-- This site is optimized with the Yoast SEO plugin v16.1.1 - https:\/\/yoast.com\/wordpress\/plugins\/seo\/ -->\n<title>EXPLORATION APN\u00c9E POLYN\u00c9SIE - Bora Bora Freediving and Yoga<\/title>\n<meta name=\"description\" content=\"Explorer en apn\u00e9e vous permet d&#039;acc\u00e9der aux tr\u00e9sors de l&#039;Oc\u00e9an Pacifique \u00e0 Bora Bora en Polyn\u00e9sie Fran\u00e7aise.\" \/>\n<meta name=\"robots\" content=\"index, follow, max-snippet:-1, max-image-preview:large, max-video-preview:-1\" \/>\n<link rel=\"canonical\" href=\"https:\/\/boraborafreedivingyoga.com\/en\/exploration-apnee-polynesie\/\" \/>\n<meta property=\"og:locale\" content=\"en_GB\" \/>\n<meta property=\"og:type\" content=\"article\" \/>\n<meta property=\"og:title\" content=\"EXPLORATION APN\u00c9E POLYN\u00c9SIE - Bora Bora Freediving and Yoga\" \/>\n<meta property=\"og:description\" content=\"Explorer en apn\u00e9e vous permet d&#039;acc\u00e9der aux tr\u00e9sors de l&#039;Oc\u00e9an Pacifique \u00e0 Bora Bora en Polyn\u00e9sie Fran\u00e7aise.\" \/>\n<meta property=\"og:url\" content=\"https:\/\/boraborafreedivingyoga.com\/en\/exploration-apnee-polynesie\/\" \/>\n<meta property=\"og:site_name\" content=\"Bora Bora Freediving and Yoga\" \/>\n<meta property=\"article:modified_time\" content=\"2026-04-10T02:28:07+00:00\" \/>\n<meta property=\"og:image\" content=\"https:\/\/boraborafreedivingyoga.com\/wp-content\/uploads\/2020\/12\/tortle.jpg\" \/>\n\t<meta property=\"og:image:width\" content=\"1200\" \/>\n\t<meta property=\"og:image:height\" content=\"900\" \/>\n<meta name=\"twitter:label1\" content=\"Estimated reading time\">\n\t<meta name=\"twitter:data1\" content=\"2 minutes\">\n<script type=\"application\/ld+json\" class=\"yoast-schema-graph\">{\"@context\":\"https:\/\/schema.org\",\"@graph\":[{\"@type\":\"WebSite\",\"@id\":\"https:\/\/boraborafreedivingyoga.com\/#website\",\"url\":\"https:\/\/boraborafreedivingyoga.com\/\",\"name\":\"Bora Bora Freediving and Yoga\",\"description\":\"Pratiquer l\\u2019apn\\u00e9e dans un cadre idyllique toute l\\u2019ann\\u00e9e\\u2026 Que demander de plus ?\",\"potentialAction\":[{\"@type\":\"SearchAction\",\"target\":\"https:\/\/boraborafreedivingyoga.com\/?s={search_term_string}\",\"query-input\":\"required name=search_term_string\"}],\"inLanguage\":\"en-GB\"},{\"@type\":\"ImageObject\",\"@id\":\"https:\/\/boraborafreedivingyoga.com\/exploration-apnee-polynesie\/#primaryimage\",\"inLanguage\":\"en-GB\",\"url\":\"https:\/\/boraborafreedivingyoga.com\/wp-content\/uploads\/2020\/12\/tortle.jpg\",\"contentUrl\":\"https:\/\/boraborafreedivingyoga.com\/wp-content\/uploads\/2020\/12\/tortle.jpg\",\"width\":1200,\"height\":900},{\"@type\":\"WebPage\",\"@id\":\"https:\/\/boraborafreedivingyoga.com\/exploration-apnee-polynesie\/#webpage\",\"url\":\"https:\/\/boraborafreedivingyoga.com\/exploration-apnee-polynesie\/\",\"name\":\"EXPLORATION APN\\u00c9E POLYN\\u00c9SIE - Bora Bora Freediving and Yoga\",\"isPartOf\":{\"@id\":\"https:\/\/boraborafreedivingyoga.com\/#website\"},\"primaryImageOfPage\":{\"@id\":\"https:\/\/boraborafreedivingyoga.com\/exploration-apnee-polynesie\/#primaryimage\"},\"datePublished\":\"2022-03-30T22:08:37+00:00\",\"dateModified\":\"2026-04-10T02:28:07+00:00\",\"description\":\"Explorer en apn\\u00e9e vous permet d'acc\\u00e9der aux tr\\u00e9sors de l'Oc\\u00e9an Pacifique \\u00e0 Bora Bora en Polyn\\u00e9sie Fran\\u00e7aise.\",\"breadcrumb\":{\"@id\":\"https:\/\/boraborafreedivingyoga.com\/exploration-apnee-polynesie\/#breadcrumb\"},\"inLanguage\":\"en-GB\",\"potentialAction\":[{\"@type\":\"ReadAction\",\"target\":[\"https:\/\/boraborafreedivingyoga.com\/exploration-apnee-polynesie\/\"]}]},{\"@type\":\"BreadcrumbList\",\"@id\":\"https:\/\/boraborafreedivingyoga.com\/exploration-apnee-polynesie\/#breadcrumb\",\"itemListElement\":[{\"@type\":\"ListItem\",\"position\":1,\"item\":{\"@type\":\"WebPage\",\"@id\":\"https:\/\/boraborafreedivingyoga.com\/\",\"url\":\"https:\/\/boraborafreedivingyoga.com\/\",\"name\":\"Accueil\"}},{\"@type\":\"ListItem\",\"position\":2,\"item\":{\"@type\":\"WebPage\",\"@id\":\"https:\/\/boraborafreedivingyoga.com\/exploration-apnee-polynesie\/\",\"url\":\"https:\/\/boraborafreedivingyoga.com\/exploration-apnee-polynesie\/\",\"name\":\"EXPLORATION\"}}]}]}<\/script>\n<!-- \/ Yoast SEO plugin. -->","_links":{"self":[{"href":"https:\/\/boraborafreedivingyoga.com\/en\/wp-json\/wp\/v2\/pages\/3314"}],"collection":[{"href":"https:\/\/boraborafreedivingyoga.com\/en\/wp-json\/wp\/v2\/pages"}],"about":[{"href":"https:\/\/boraborafreedivingyoga.com\/en\/wp-json\/wp\/v2\/types\/page"}],"author":[{"embeddable":true,"href":"https:\/\/boraborafreedivingyoga.com\/en\/wp-json\/wp\/v2\/users\/1"}],"replies":[{"embeddable":true,"href":"https:\/\/boraborafreedivingyoga.com\/en\/wp-json\/wp\/v2\/comments?post=3314"}],"version-history":[{"count":86,"href":"https:\/\/boraborafreedivingyoga.com\/en\/wp-json\/wp\/v2\/pages\/3314\/revisions"}],"predecessor-version":[{"id":5135,"href":"https:\/\/boraborafreedivingyoga.com\/en\/wp-json\/wp\/v2\/pages\/3314\/revisions\/5135"}],"wp:featuredmedia":[{"embeddable":true,"href":"https:\/\/boraborafreedivingyoga.com\/en\/wp-json\/wp\/v2\/media\/262"}],"wp:attachment":[{"href":"https:\/\/boraborafreedivingyoga.com\/en\/wp-json\/wp\/v2\/media?parent=3314"}],"curies":[{"name":"wp","href":"https:\/\/api.w.org\/{rel}","templated":true}]}}