{"id":3389,"date":"2022-06-08T20:12:06","date_gmt":"2022-06-08T19:12:06","guid":{"rendered":"https:\/\/boraborafreedivingyoga.com\/?page_id=3389"},"modified":"2026-03-29T21:17:19","modified_gmt":"2026-03-29T20:17:19","slug":"entrainements","status":"publish","type":"page","link":"https:\/\/boraborafreedivingyoga.com\/en\/entrainements\/","title":{"rendered":"Entrainements apn\u00e9e profondeur"},"content":{"rendered":"<div data-elementor-type=\"wp-page\" data-elementor-id=\"3389\" class=\"elementor elementor-3389\" data-elementor-settings=\"[]\">\n\t\t\t\t\t\t<div class=\"elementor-inner\">\n\t\t\t\t\t\t\t<div class=\"elementor-section-wrap\">\n\t\t\t\t\t\t\t<section class=\"elementor-section elementor-top-section elementor-element elementor-element-4fbb3 elementor-section-full_width elementor-section-height-default elementor-section-height-default\" data-id=\"4fbb3\" data-element_type=\"section\" data-settings=\"{&quot;background_background&quot;:&quot;classic&quot;}\">\n\t\t\t\t\t\t\t<div class=\"elementor-background-overlay\"><\/div>\n\t\t\t\t\t\t\t<div class=\"elementor-container elementor-column-gap-default\">\n\t\t\t\t\t\t\t<div class=\"elementor-row\">\n\t\t\t\t\t\t\t\t\t<\/div>\n\t\t\t\t\t<\/div>\n\t\t<\/section>\n\t\t\t\t<section class=\"elementor-section elementor-top-section elementor-element elementor-element-684adbc elementor-section-boxed elementor-section-height-default elementor-section-height-default\" data-id=\"684adbc\" data-element_type=\"section\">\n\t\t\t\t\t\t<div class=\"elementor-container elementor-column-gap-no\">\n\t\t\t\t\t\t\t<div class=\"elementor-row\">\n\t\t\t\t\t<div class=\"elementor-column elementor-col-100 elementor-top-column elementor-element elementor-element-6981bb25\" data-id=\"6981bb25\" data-element_type=\"column\">\n\t\t\t<div class=\"elementor-column-wrap elementor-element-populated\">\n\t\t\t\t\t\t\t<div class=\"elementor-widget-wrap\">\n\t\t\t\t\t\t<div class=\"elementor-element elementor-element-1a5acb1 elementor-widget elementor-widget-heading\" data-id=\"1a5acb1\" data-element_type=\"widget\" data-widget_type=\"heading.default\">\n\t\t\t\t<div class=\"elementor-widget-container\">\n\t\t\t<h2 class=\"elementor-heading-title elementor-size-large\">DEPTH TRAININGS<\/h2>\t\t<\/div>\n\t\t\t\t<\/div>\n\t\t\t\t<div class=\"elementor-element elementor-element-7212af3 elementor-widget elementor-widget-text-editor\" data-id=\"7212af3\" data-element_type=\"widget\" data-widget_type=\"text-editor.default\">\n\t\t\t\t<div class=\"elementor-widget-container\">\n\t\t\t\t\t<div class=\"elementor-text-editor elementor-clearfix\"><p style=\"text-align: center;\">Are you passionate with depth freediving practice ?<\/p><p style=\"text-align: center;\">Que cela soit en immersion libre, poids constant ou sans palmes, vous b\u00e9n\u00e9ficierez d&#8217;un entra\u00eenement coach\u00e9 sur mesure et encadr\u00e9 ou bien plus simplement en autonomie avec un bin\u00f4me.<\/p><p style=\"text-align: center;\">Our experience will allow you to benefit precious and essentials advises if you wish to improve your mental, physic and motor skills's techniques. It is our priority to see you at ease with serenity ans security on your descent in a caring and funny atmosphere. You never dive alone.<\/p><p style=\"text-align: center;\">Pour favoriser \u00e0 100% votre entrainement, , vous serez au maximum 3 \u00e9l\u00e8ves par bou\u00e9e et par moniteur en entrainement coach\u00e9 ou en autonomie.<\/p><p>\u00a0<\/p><\/div>\n\t\t\t\t<\/div>\n\t\t\t\t<\/div>\n\t\t\t\t\t\t<\/div>\n\t\t\t\t\t<\/div>\n\t\t<\/div>\n\t\t\t\t\t\t\t\t<\/div>\n\t\t\t\t\t<\/div>\n\t\t<\/section>\n\t\t\t\t<section class=\"elementor-section elementor-top-section elementor-element elementor-element-deb5dd2 elementor-section-boxed elementor-section-height-default elementor-section-height-default\" data-id=\"deb5dd2\" data-element_type=\"section\">\n\t\t\t\t\t\t<div class=\"elementor-container elementor-column-gap-default\">\n\t\t\t\t\t\t\t<div class=\"elementor-row\">\n\t\t\t\t\t<div class=\"elementor-column elementor-col-100 elementor-top-column elementor-element elementor-element-b26a28f\" data-id=\"b26a28f\" data-element_type=\"column\">\n\t\t\t<div class=\"elementor-column-wrap elementor-element-populated\">\n\t\t\t\t\t\t\t<div class=\"elementor-widget-wrap\">\n\t\t\t\t\t\t<div class=\"elementor-element elementor-element-20e8c07 elementor-widget elementor-widget-heading\" data-id=\"20e8c07\" data-element_type=\"widget\" data-widget_type=\"heading.default\">\n\t\t\t\t<div class=\"elementor-widget-container\">\n\t\t\t<h3 class=\"elementor-heading-title elementor-size-large\">DESCRIPTION<\/h3>\t\t<\/div>\n\t\t\t\t<\/div>\n\t\t\t\t\t\t<\/div>\n\t\t\t\t\t<\/div>\n\t\t<\/div>\n\t\t\t\t\t\t\t\t<\/div>\n\t\t\t\t\t<\/div>\n\t\t<\/section>\n\t\t\t\t<section class=\"elementor-section elementor-top-section elementor-element elementor-element-7eba10f elementor-section-full_width elementor-section-height-default elementor-section-height-default\" data-id=\"7eba10f\" data-element_type=\"section\">\n\t\t\t\t\t\t<div class=\"elementor-container elementor-column-gap-no\">\n\t\t\t\t\t\t\t<div class=\"elementor-row\">\n\t\t\t\t\t<div class=\"elementor-column elementor-col-33 elementor-top-column elementor-element elementor-element-94f7d47\" data-id=\"94f7d47\" data-element_type=\"column\">\n\t\t\t<div class=\"elementor-column-wrap elementor-element-populated\">\n\t\t\t\t\t\t\t<div class=\"elementor-widget-wrap\">\n\t\t\t\t\t\t<div class=\"elementor-element elementor-element-2e981de elementor-widget elementor-widget-heading\" data-id=\"2e981de\" data-element_type=\"widget\" data-widget_type=\"heading.default\">\n\t\t\t\t<div class=\"elementor-widget-container\">\n\t\t\t<h3 class=\"elementor-heading-title elementor-size-large\">Entrainement coach\u00e9<\/h3>\t\t<\/div>\n\t\t\t\t<\/div>\n\t\t\t\t<div class=\"elementor-element elementor-element-66438fa elementor-widget elementor-widget-heading\" data-id=\"66438fa\" data-element_type=\"widget\" data-widget_type=\"heading.default\">\n\t\t\t\t<div class=\"elementor-widget-container\">\n\t\t\t<h2 class=\"elementor-heading-title elementor-size-default\"><b>9h00 - 13h00<\/b><br><br>L'entrainement coach\u00e9 permet de travailler des points cl\u00e9s que cela soit techniques ou mental. Il nous arrive souvent d'\u00eatre bloqu\u00e9 sur des probl\u00e8mes r\u00e9currents qui peuvent se r\u00e9gler beaucoup plus vite gr\u00e2ce \u00e0 un oeil ext\u00e9rieur et avis\u00e9.<br><br>L'entrainement coach\u00e9 est le meilleur moyen de progresser rapidement avec un accompagnement professionnel et objectif de votre technique que cela soit sur la relaxation ou la pratique pure.<br><br>Nous pourrons vous conseiller et vous accompagner dans les techniques du CNF, CWTB et FIM.<br><br><\/h2>\t\t<\/div>\n\t\t\t\t<\/div>\n\t\t\t\t\t\t<\/div>\n\t\t\t\t\t<\/div>\n\t\t<\/div>\n\t\t\t\t<div class=\"elementor-column elementor-col-33 elementor-top-column elementor-element elementor-element-6e54d68\" data-id=\"6e54d68\" data-element_type=\"column\">\n\t\t\t<div class=\"elementor-column-wrap elementor-element-populated\">\n\t\t\t\t\t\t\t<div class=\"elementor-widget-wrap\">\n\t\t\t\t\t\t<div class=\"elementor-element elementor-element-b1ef71f gallery-spacing-custom elementor-widget elementor-widget-image-gallery\" data-id=\"b1ef71f\" data-element_type=\"widget\" data-widget_type=\"image-gallery.default\">\n\t\t\t\t<div class=\"elementor-widget-container\">\n\t\t\t\t\t<div class=\"elementor-image-gallery\">\n\t\t\t<div id='gallery-1' class='gallery galleryid-3389 gallery-columns-1 gallery-size-large'><figure class='gallery-item'>\n\t\t\t<div class='gallery-icon portrait'>\n\t\t\t\t<a data-elementor-open-lightbox=\"yes\" data-elementor-lightbox-slideshow=\"b1ef71f\" data-elementor-lightbox-title=\"apn\u00e9e\" href='https:\/\/boraborafreedivingyoga.com\/wp-content\/uploads\/2024\/06\/BORA-ABYSS-CONTEST-1571-scaled.jpeg'><img width=\"768\" height=\"1024\" src=\"https:\/\/boraborafreedivingyoga.com\/wp-content\/uploads\/2024\/06\/BORA-ABYSS-CONTEST-1571-768x1024.jpeg\" class=\"attachment-large size-large\" alt=\"entrainement apn\u00e9e\" loading=\"lazy\" srcset=\"https:\/\/boraborafreedivingyoga.com\/wp-content\/uploads\/2024\/06\/BORA-ABYSS-CONTEST-1571-768x1024.jpeg 768w, https:\/\/boraborafreedivingyoga.com\/wp-content\/uploads\/2024\/06\/BORA-ABYSS-CONTEST-1571-225x300.jpeg 225w, https:\/\/boraborafreedivingyoga.com\/wp-content\/uploads\/2024\/06\/BORA-ABYSS-CONTEST-1571-1152x1536.jpeg 1152w, https:\/\/boraborafreedivingyoga.com\/wp-content\/uploads\/2024\/06\/BORA-ABYSS-CONTEST-1571-1536x2048.jpeg 1536w, https:\/\/boraborafreedivingyoga.com\/wp-content\/uploads\/2024\/06\/BORA-ABYSS-CONTEST-1571-9x12.jpeg 9w, https:\/\/boraborafreedivingyoga.com\/wp-content\/uploads\/2024\/06\/BORA-ABYSS-CONTEST-1571-600x800.jpeg 600w, https:\/\/boraborafreedivingyoga.com\/wp-content\/uploads\/2024\/06\/BORA-ABYSS-CONTEST-1571-scaled.jpeg 1920w\" sizes=\"(max-width: 768px) 100vw, 768px\" \/><\/a>\n\t\t\t<\/div><\/figure>\n\t\t<\/div>\n\t\t<\/div>\n\t\t\t\t<\/div>\n\t\t\t\t<\/div>\n\t\t\t\t<div class=\"elementor-element elementor-element-8a31828 elementor-align-center elementor-widget elementor-widget-button\" data-id=\"8a31828\" data-element_type=\"widget\" data-widget_type=\"button.default\">\n\t\t\t\t<div class=\"elementor-widget-container\">\n\t\t\t\t\t<div class=\"elementor-button-wrapper\">\n\t\t\t<a href=\"https:\/\/wa.me\/68987217823\" class=\"elementor-button-link elementor-button elementor-size-sm\" role=\"button\">\n\t\t\t\t\t\t<span class=\"elementor-button-content-wrapper\">\n\t\t\t\t\t\t<span class=\"elementor-button-text\">\u00c0 PARTIR DE 4000XPF<\/span>\n\t\t<\/span>\n\t\t\t\t\t<\/a>\n\t\t<\/div>\n\t\t\t\t<\/div>\n\t\t\t\t<\/div>\n\t\t\t\t<div class=\"elementor-element elementor-element-df555b6 elementor-widget elementor-widget-spacer\" data-id=\"df555b6\" data-element_type=\"widget\" data-widget_type=\"spacer.default\">\n\t\t\t\t<div class=\"elementor-widget-container\">\n\t\t\t\t\t<div class=\"elementor-spacer\">\n\t\t\t<div class=\"elementor-spacer-inner\"><\/div>\n\t\t<\/div>\n\t\t\t\t<\/div>\n\t\t\t\t<\/div>\n\t\t\t\t\t\t<\/div>\n\t\t\t\t\t<\/div>\n\t\t<\/div>\n\t\t\t\t<div class=\"elementor-column elementor-col-33 elementor-top-column elementor-element elementor-element-96e6cff\" data-id=\"96e6cff\" data-element_type=\"column\">\n\t\t\t<div class=\"elementor-column-wrap elementor-element-populated\">\n\t\t\t\t\t\t\t<div class=\"elementor-widget-wrap\">\n\t\t\t\t\t\t<div class=\"elementor-element elementor-element-1e1e157 elementor-widget elementor-widget-spacer\" data-id=\"1e1e157\" data-element_type=\"widget\" data-widget_type=\"spacer.default\">\n\t\t\t\t<div class=\"elementor-widget-container\">\n\t\t\t\t\t<div class=\"elementor-spacer\">\n\t\t\t<div class=\"elementor-spacer-inner\"><\/div>\n\t\t<\/div>\n\t\t\t\t<\/div>\n\t\t\t\t<\/div>\n\t\t\t\t<div class=\"elementor-element elementor-element-a480502 elementor-widget elementor-widget-heading\" data-id=\"a480502\" data-element_type=\"widget\" data-widget_type=\"heading.default\">\n\t\t\t\t<div class=\"elementor-widget-container\">\n\t\t\t<h3 class=\"elementor-heading-title elementor-size-large\">Entrainement autonome<\/h3>\t\t<\/div>\n\t\t\t\t<\/div>\n\t\t\t\t<div class=\"elementor-element elementor-element-31ffb1e elementor-widget elementor-widget-heading\" data-id=\"31ffb1e\" data-element_type=\"widget\" data-widget_type=\"heading.default\">\n\t\t\t\t<div class=\"elementor-widget-container\">\n\t\t\t<h2 class=\"elementor-heading-title elementor-size-default\"><b>9h45 - 12h30 \/ 14h - 16h45 \/ 17h - 19h45<\/b><br><br>L'entrainement autonome vous permet de venir profiter du c\u00e2ble en toute simplicit\u00e9 avec un bin\u00f4me.<br><br>Nous vous installons l'atelier dont la profondeur sera limit\u00e9e selon votre certification.<br><br>Ainsi, vous pouvez vous entrainer dans le fun avec un avec votre bin\u00f4me qui fait votre s\u00e9curit\u00e9.<\/h2>\t\t<\/div>\n\t\t\t\t<\/div>\n\t\t\t\t\t\t<\/div>\n\t\t\t\t\t<\/div>\n\t\t<\/div>\n\t\t\t\t\t\t\t\t<\/div>\n\t\t\t\t\t<\/div>\n\t\t<\/section>\n\t\t\t\t<section class=\"elementor-section elementor-top-section elementor-element elementor-element-eca3180 elementor-section-boxed elementor-section-height-default elementor-section-height-default\" data-id=\"eca3180\" data-element_type=\"section\" data-settings=\"{&quot;background_background&quot;:&quot;gradient&quot;}\">\n\t\t\t\t\t\t<div class=\"elementor-container elementor-column-gap-default\">\n\t\t\t\t\t\t\t<div class=\"elementor-row\">\n\t\t\t\t\t<div class=\"elementor-column elementor-col-100 elementor-top-column elementor-element elementor-element-0a3c341\" data-id=\"0a3c341\" data-element_type=\"column\" data-settings=\"{&quot;background_background&quot;:&quot;gradient&quot;}\">\n\t\t\t<div class=\"elementor-column-wrap elementor-element-populated\">\n\t\t\t\t\t\t\t<div class=\"elementor-widget-wrap\">\n\t\t\t\t\t\t<div class=\"elementor-element elementor-element-732b8eb elementor-widget elementor-widget-heading\" data-id=\"732b8eb\" data-element_type=\"widget\" data-widget_type=\"heading.default\">\n\t\t\t\t<div class=\"elementor-widget-container\">\n\t\t\t<h3 class=\"elementor-heading-title elementor-size-large\">For your infos<\/h3>\t\t<\/div>\n\t\t\t\t<\/div>\n\t\t\t\t\t\t<\/div>\n\t\t\t\t\t<\/div>\n\t\t<\/div>\n\t\t\t\t\t\t\t\t<\/div>\n\t\t\t\t\t<\/div>\n\t\t<\/section>\n\t\t\t\t<section class=\"elementor-section elementor-top-section elementor-element elementor-element-fccd728 elementor-section-boxed elementor-section-height-default elementor-section-height-default\" data-id=\"fccd728\" data-element_type=\"section\">\n\t\t\t\t\t\t<div class=\"elementor-container elementor-column-gap-default\">\n\t\t\t\t\t\t\t<div class=\"elementor-row\">\n\t\t\t\t\t<div class=\"elementor-column elementor-col-33 elementor-top-column elementor-element elementor-element-89e96aa\" data-id=\"89e96aa\" data-element_type=\"column\">\n\t\t\t<div class=\"elementor-column-wrap elementor-element-populated\">\n\t\t\t\t\t\t\t<div class=\"elementor-widget-wrap\">\n\t\t\t\t\t\t<div class=\"elementor-element elementor-element-e392b65 elementor-widget elementor-widget-text-editor\" data-id=\"e392b65\" data-element_type=\"widget\" data-widget_type=\"text-editor.default\">\n\t\t\t\t<div class=\"elementor-widget-container\">\n\t\t\t\t\t<div class=\"elementor-text-editor elementor-clearfix\"><div data-id=\"d971d17\" data-element_type=\"column\"><div><div><div data-id=\"4b29c84\" data-element_type=\"widget\" data-widget_type=\"text-editor.default\"><div><div><p>VIDEO COACHING IS ONE OF THE BEST TOOL TO PROGRESS<\/p><\/div><\/div><\/div><\/div><\/div><\/div><\/div>\n\t\t\t\t<\/div>\n\t\t\t\t<\/div>\n\t\t\t\t<div class=\"elementor-element elementor-element-4daff61 elementor-widget elementor-widget-text-editor\" data-id=\"4daff61\" data-element_type=\"widget\" data-widget_type=\"text-editor.default\">\n\t\t\t\t<div class=\"elementor-widget-container\">\n\t\t\t\t\t<div class=\"elementor-text-editor elementor-clearfix\"><p>Video and coaching gives you very useful feedbacks during the whole training session. Being coached and filmed is today's best way to inhance what you cannot see.<\/p><p>Watching every descent during the debriefing allow you to observe directly what you need to improve. By seing<br \/>yourself, your  progression is faster.<\/p><p>Your work on small details to make a big difference during your freedive trainings.<\/p><p>\u00a0<\/p><\/div>\n\t\t\t\t<\/div>\n\t\t\t\t<\/div>\n\t\t\t\t<div class=\"elementor-element elementor-element-2cc1408 elementor-widget elementor-widget-text-editor\" data-id=\"2cc1408\" data-element_type=\"widget\" data-widget_type=\"text-editor.default\">\n\t\t\t\t<div class=\"elementor-widget-container\">\n\t\t\t\t\t<div class=\"elementor-text-editor elementor-clearfix\"><\/div>\n\t\t\t\t<\/div>\n\t\t\t\t<\/div>\n\t\t\t\t\t\t<\/div>\n\t\t\t\t\t<\/div>\n\t\t<\/div>\n\t\t\t\t<div class=\"elementor-column elementor-col-33 elementor-top-column elementor-element elementor-element-cc63809\" data-id=\"cc63809\" data-element_type=\"column\">\n\t\t\t<div class=\"elementor-column-wrap elementor-element-populated\">\n\t\t\t\t\t\t\t<div class=\"elementor-widget-wrap\">\n\t\t\t\t\t\t<div class=\"elementor-element elementor-element-2e8d06c elementor-widget elementor-widget-text-editor\" data-id=\"2e8d06c\" data-element_type=\"widget\" data-widget_type=\"text-editor.default\">\n\t\t\t\t<div class=\"elementor-widget-container\">\n\t\t\t\t\t<div class=\"elementor-text-editor elementor-clearfix\"><\/div>\n\t\t\t\t<\/div>\n\t\t\t\t<\/div>\n\t\t\t\t\t\t<\/div>\n\t\t\t\t\t<\/div>\n\t\t<\/div>\n\t\t\t\t<div class=\"elementor-column elementor-col-33 elementor-top-column elementor-element elementor-element-bcdc507\" data-id=\"bcdc507\" data-element_type=\"column\">\n\t\t\t<div class=\"elementor-column-wrap elementor-element-populated\">\n\t\t\t\t\t\t\t<div class=\"elementor-widget-wrap\">\n\t\t\t\t\t\t<div class=\"elementor-element elementor-element-a75405f elementor-widget elementor-widget-text-editor\" data-id=\"a75405f\" data-element_type=\"widget\" data-widget_type=\"text-editor.default\">\n\t\t\t\t<div class=\"elementor-widget-container\">\n\t\t\t\t\t<div class=\"elementor-text-editor elementor-clearfix\">WHY YOGA PRACTICE IS ESSENTIAL TO FREEDIVE SAFELY ?<br><\/div>\n\t\t\t\t<\/div>\n\t\t\t\t<\/div>\n\t\t\t\t<div class=\"elementor-element elementor-element-a87a2bc elementor-widget elementor-widget-text-editor\" data-id=\"a87a2bc\" data-element_type=\"widget\" data-widget_type=\"text-editor.default\">\n\t\t\t\t<div class=\"elementor-widget-container\">\n\t\t\t\t\t<div class=\"elementor-text-editor elementor-clearfix\"><p>Yoga and freediving, although two very distinct disciplines, are still closely linked. Yoga aims to control the body and mind<br>through daily practice of Yogi disciplines while apnea does not aim for this control but requires it.&nbsp;<\/p>\n<p>The exercises performed by yogis are key exercises for the freediver. They allow you to achieve: physical and psychological well-being, relaxation of body and mind, controlled breathing, self-control!&nbsp;<\/p>\n<p>All champions use yogi disciplines to train and improve their performance in a safe way since the beginning of this sport.<\/p><\/div>\n\t\t\t\t<\/div>\n\t\t\t\t<\/div>\n\t\t\t\t<div class=\"elementor-element elementor-element-58d77b0 elementor-widget elementor-widget-text-editor\" data-id=\"58d77b0\" data-element_type=\"widget\" data-widget_type=\"text-editor.default\">\n\t\t\t\t<div class=\"elementor-widget-container\">\n\t\t\t\t\t<div class=\"elementor-text-editor elementor-clearfix\"><\/div>\n\t\t\t\t<\/div>\n\t\t\t\t<\/div>\n\t\t\t\t\t\t<\/div>\n\t\t\t\t\t<\/div>\n\t\t<\/div>\n\t\t\t\t\t\t\t\t<\/div>\n\t\t\t\t\t<\/div>\n\t\t<\/section>\n\t\t\t\t<section class=\"elementor-section elementor-top-section elementor-element elementor-element-2c5689da elementor-section-content-middle elementor-reverse-mobile elementor-section-boxed elementor-section-height-default elementor-section-height-default\" data-id=\"2c5689da\" data-element_type=\"section\" data-settings=\"{&quot;background_background&quot;:&quot;classic&quot;}\">\n\t\t\t\t\t\t<div class=\"elementor-container elementor-column-gap-no\">\n\t\t\t\t\t\t\t<div class=\"elementor-row\">\n\t\t\t\t\t<div class=\"elementor-column elementor-col-100 elementor-top-column elementor-element elementor-element-778f02a8\" data-id=\"778f02a8\" data-element_type=\"column\" data-settings=\"{&quot;background_background&quot;:&quot;classic&quot;}\">\n\t\t\t<div class=\"elementor-column-wrap elementor-element-populated\">\n\t\t\t\t\t\t\t<div class=\"elementor-widget-wrap\">\n\t\t\t\t\t\t<div class=\"elementor-element elementor-element-51df5bf6 elementor-view-default elementor-widget elementor-widget-icon\" data-id=\"51df5bf6\" data-element_type=\"widget\" data-widget_type=\"icon.default\">\n\t\t\t\t<div class=\"elementor-widget-container\">\n\t\t\t\t\t<div class=\"elementor-icon-wrapper\">\n\t\t\t<div class=\"elementor-icon\">\n\t\t\t<i aria-hidden=\"true\" class=\"fas fa-clipboard-list\"><\/i>\t\t\t<\/div>\n\t\t<\/div>\n\t\t\t\t<\/div>\n\t\t\t\t<\/div>\n\t\t\t\t<div class=\"elementor-element elementor-element-0bced43 elementor-widget elementor-widget-heading\" data-id=\"0bced43\" data-element_type=\"widget\" data-widget_type=\"heading.default\">\n\t\t\t\t<div class=\"elementor-widget-container\">\n\t\t\t<h3 class=\"elementor-heading-title elementor-size-large\">Conditions<\/h3>\t\t<\/div>\n\t\t\t\t<\/div>\n\t\t\t\t<div class=\"elementor-element elementor-element-36fc244c elementor-widget elementor-widget-text-editor\" data-id=\"36fc244c\" data-element_type=\"widget\" data-widget_type=\"text-editor.default\">\n\t\t\t\t<div class=\"elementor-widget-container\">\n\t\t\t\t\t<div class=\"elementor-text-editor elementor-clearfix\"><p>A CERTIFYING COURSE GIVES YOU A LEVEL OF COMPETENCE AND KNOWLEDGE NECESSARY FOR PRACTICING FREEDIVING IN AUTONOMY. THE TRAINING SESSIONS ARE ONLY AVAILABLE FOR CERTIFIED FREEDIVERS, THERE AFTER WE CAN ASSURE YOUR SAFETY ON YOUR ARRIVAL.<\/p><\/div>\n\t\t\t\t<\/div>\n\t\t\t\t<\/div>\n\t\t\t\t\t\t<\/div>\n\t\t\t\t\t<\/div>\n\t\t<\/div>\n\t\t\t\t\t\t\t\t<\/div>\n\t\t\t\t\t<\/div>\n\t\t<\/section>\n\t\t\t\t\t\t<\/div>\n\t\t\t\t\t\t<\/div>\n\t\t\t\t\t<\/div>","protected":false},"excerpt":{"rendered":"<p>ENTRAINEMENTS PROFONDEUR Vous \u00eates passionn\u00e9s par la pratique de l&#8217;apn\u00e9e profondeur ? Que cela soit en immersion libre, poids constant ou sans palmes, vous b\u00e9n\u00e9ficierez d&#8217;un entra\u00eenement coach\u00e9 sur mesure et encadr\u00e9 ou bien plus simplement en autonomie avec un bin\u00f4me. Notre exp\u00e9rience vous permettra en effet de b\u00e9n\u00e9ficier de conseils pr\u00e9cieux et indispensables si [&hellip;]<\/p>","protected":false},"author":1,"featured_media":236,"parent":0,"menu_order":0,"comment_status":"closed","ping_status":"closed","template":"","meta":[],"yoast_head":"<!-- This site is optimized with the Yoast SEO plugin v16.1.1 - https:\/\/yoast.com\/wordpress\/plugins\/seo\/ -->\n<title>Entrainements apn\u00e9e profondeur - Bora Bora Freediving and Yoga<\/title>\n<meta name=\"robots\" content=\"index, follow, max-snippet:-1, max-image-preview:large, max-video-preview:-1\" \/>\n<link rel=\"canonical\" href=\"https:\/\/boraborafreedivingyoga.com\/en\/entrainements\/\" \/>\n<meta property=\"og:locale\" content=\"en_GB\" \/>\n<meta property=\"og:type\" content=\"article\" \/>\n<meta property=\"og:title\" content=\"Entrainements apn\u00e9e profondeur - Bora Bora Freediving and Yoga\" \/>\n<meta property=\"og:description\" content=\"ENTRAINEMENTS PROFONDEUR Vous \u00eates passionn\u00e9s par la pratique de l&#8217;apn\u00e9e profondeur ? Que cela soit en immersion libre, poids constant ou sans palmes, vous b\u00e9n\u00e9ficierez d&#8217;un entra\u00eenement coach\u00e9 sur mesure et encadr\u00e9 ou bien plus simplement en autonomie avec un bin\u00f4me. Notre exp\u00e9rience vous permettra en effet de b\u00e9n\u00e9ficier de conseils pr\u00e9cieux et indispensables si [&hellip;]\" \/>\n<meta property=\"og:url\" content=\"https:\/\/boraborafreedivingyoga.com\/en\/entrainements\/\" \/>\n<meta property=\"og:site_name\" content=\"Bora Bora Freediving and Yoga\" \/>\n<meta property=\"article:modified_time\" content=\"2026-03-29T20:17:19+00:00\" \/>\n<meta property=\"og:image\" content=\"https:\/\/boraborafreedivingyoga.com\/wp-content\/uploads\/2020\/12\/coral-reef.jpg\" \/>\n\t<meta property=\"og:image:width\" content=\"1200\" \/>\n\t<meta property=\"og:image:height\" content=\"900\" \/>\n<meta name=\"twitter:label1\" content=\"Estimated reading time\">\n\t<meta name=\"twitter:data1\" content=\"3 minutes\">\n<script type=\"application\/ld+json\" class=\"yoast-schema-graph\">{\"@context\":\"https:\/\/schema.org\",\"@graph\":[{\"@type\":\"WebSite\",\"@id\":\"https:\/\/boraborafreedivingyoga.com\/#website\",\"url\":\"https:\/\/boraborafreedivingyoga.com\/\",\"name\":\"Bora Bora Freediving and Yoga\",\"description\":\"Pratiquer l\\u2019apn\\u00e9e dans un cadre idyllique toute l\\u2019ann\\u00e9e\\u2026 Que demander de plus ?\",\"potentialAction\":[{\"@type\":\"SearchAction\",\"target\":\"https:\/\/boraborafreedivingyoga.com\/?s={search_term_string}\",\"query-input\":\"required name=search_term_string\"}],\"inLanguage\":\"en-GB\"},{\"@type\":\"ImageObject\",\"@id\":\"https:\/\/boraborafreedivingyoga.com\/entrainements\/#primaryimage\",\"inLanguage\":\"en-GB\",\"url\":\"https:\/\/boraborafreedivingyoga.com\/wp-content\/uploads\/2020\/12\/coral-reef.jpg\",\"contentUrl\":\"https:\/\/boraborafreedivingyoga.com\/wp-content\/uploads\/2020\/12\/coral-reef.jpg\",\"width\":1200,\"height\":900},{\"@type\":\"WebPage\",\"@id\":\"https:\/\/boraborafreedivingyoga.com\/entrainements\/#webpage\",\"url\":\"https:\/\/boraborafreedivingyoga.com\/entrainements\/\",\"name\":\"Entrainements apn\\u00e9e profondeur - Bora Bora Freediving and Yoga\",\"isPartOf\":{\"@id\":\"https:\/\/boraborafreedivingyoga.com\/#website\"},\"primaryImageOfPage\":{\"@id\":\"https:\/\/boraborafreedivingyoga.com\/entrainements\/#primaryimage\"},\"datePublished\":\"2022-06-08T19:12:06+00:00\",\"dateModified\":\"2026-03-29T20:17:19+00:00\",\"breadcrumb\":{\"@id\":\"https:\/\/boraborafreedivingyoga.com\/entrainements\/#breadcrumb\"},\"inLanguage\":\"en-GB\",\"potentialAction\":[{\"@type\":\"ReadAction\",\"target\":[\"https:\/\/boraborafreedivingyoga.com\/entrainements\/\"]}]},{\"@type\":\"BreadcrumbList\",\"@id\":\"https:\/\/boraborafreedivingyoga.com\/entrainements\/#breadcrumb\",\"itemListElement\":[{\"@type\":\"ListItem\",\"position\":1,\"item\":{\"@type\":\"WebPage\",\"@id\":\"https:\/\/boraborafreedivingyoga.com\/\",\"url\":\"https:\/\/boraborafreedivingyoga.com\/\",\"name\":\"Accueil\"}},{\"@type\":\"ListItem\",\"position\":2,\"item\":{\"@type\":\"WebPage\",\"@id\":\"https:\/\/boraborafreedivingyoga.com\/entrainements\/\",\"url\":\"https:\/\/boraborafreedivingyoga.com\/entrainements\/\",\"name\":\"Entrainements apn\\u00e9e profondeur\"}}]}]}<\/script>\n<!-- \/ Yoast SEO plugin. -->","_links":{"self":[{"href":"https:\/\/boraborafreedivingyoga.com\/en\/wp-json\/wp\/v2\/pages\/3389"}],"collection":[{"href":"https:\/\/boraborafreedivingyoga.com\/en\/wp-json\/wp\/v2\/pages"}],"about":[{"href":"https:\/\/boraborafreedivingyoga.com\/en\/wp-json\/wp\/v2\/types\/page"}],"author":[{"embeddable":true,"href":"https:\/\/boraborafreedivingyoga.com\/en\/wp-json\/wp\/v2\/users\/1"}],"replies":[{"embeddable":true,"href":"https:\/\/boraborafreedivingyoga.com\/en\/wp-json\/wp\/v2\/comments?post=3389"}],"version-history":[{"count":137,"href":"https:\/\/boraborafreedivingyoga.com\/en\/wp-json\/wp\/v2\/pages\/3389\/revisions"}],"predecessor-version":[{"id":5104,"href":"https:\/\/boraborafreedivingyoga.com\/en\/wp-json\/wp\/v2\/pages\/3389\/revisions\/5104"}],"wp:featuredmedia":[{"embeddable":true,"href":"https:\/\/boraborafreedivingyoga.com\/en\/wp-json\/wp\/v2\/media\/236"}],"wp:attachment":[{"href":"https:\/\/boraborafreedivingyoga.com\/en\/wp-json\/wp\/v2\/media?parent=3389"}],"curies":[{"name":"wp","href":"https:\/\/api.w.org\/{rel}","templated":true}]}}