{"id":62,"date":"2020-12-09T10:33:18","date_gmt":"2020-12-09T09:33:18","guid":{"rendered":"http:\/\/boraborafreedivingyoga.com\/yoga-a-bora-bora-bora-bora-freediving-yoga\/"},"modified":"2025-08-18T16:01:17","modified_gmt":"2025-08-18T15:01:17","slug":"yoga-bora-bora-polynesie-francaise-session","status":"publish","type":"page","link":"https:\/\/boraborafreedivingyoga.com\/en\/yoga-bora-bora-polynesie-francaise-session\/","title":{"rendered":"YOGA"},"content":{"rendered":"<div data-elementor-type=\"wp-page\" data-elementor-id=\"62\" class=\"elementor elementor-62\" data-elementor-settings=\"[]\">\n\t\t\t\t\t\t<div class=\"elementor-inner\">\n\t\t\t\t\t\t\t<div class=\"elementor-section-wrap\">\n\t\t\t\t\t\t\t<section class=\"elementor-section elementor-top-section elementor-element elementor-element-762e04a3 elementor-section-height-full elementor-section-boxed elementor-section-height-default elementor-section-items-middle\" data-id=\"762e04a3\" data-element_type=\"section\" data-settings=\"{&quot;background_background&quot;:&quot;classic&quot;}\">\n\t\t\t\t\t\t\t<div class=\"elementor-background-overlay\"><\/div>\n\t\t\t\t\t\t\t<div class=\"elementor-container elementor-column-gap-default\">\n\t\t\t\t\t\t\t<div class=\"elementor-row\">\n\t\t\t\t\t\t\t\t\t<\/div>\n\t\t\t\t\t<\/div>\n\t\t<\/section>\n\t\t\t\t<section class=\"elementor-section elementor-top-section elementor-element elementor-element-eb02ad3 elementor-section-boxed elementor-section-height-default elementor-section-height-default\" data-id=\"eb02ad3\" data-element_type=\"section\">\n\t\t\t\t\t\t<div class=\"elementor-container elementor-column-gap-default\">\n\t\t\t\t\t\t\t<div class=\"elementor-row\">\n\t\t\t\t\t<div class=\"elementor-column elementor-col-100 elementor-top-column elementor-element elementor-element-caa6074\" data-id=\"caa6074\" data-element_type=\"column\">\n\t\t\t<div class=\"elementor-column-wrap elementor-element-populated\">\n\t\t\t\t\t\t\t<div class=\"elementor-widget-wrap\">\n\t\t\t\t\t\t<div class=\"elementor-element elementor-element-cd1dfb5 elementor-widget elementor-widget-heading\" data-id=\"cd1dfb5\" data-element_type=\"widget\" data-widget_type=\"heading.default\">\n\t\t\t\t<div class=\"elementor-widget-container\">\n\t\t\t<h2 class=\"elementor-heading-title elementor-size-large\">YOGA<\/h2>\t\t<\/div>\n\t\t\t\t<\/div>\n\t\t\t\t\t\t<\/div>\n\t\t\t\t\t<\/div>\n\t\t<\/div>\n\t\t\t\t\t\t\t\t<\/div>\n\t\t\t\t\t<\/div>\n\t\t<\/section>\n\t\t\t\t<section class=\"elementor-section elementor-top-section elementor-element elementor-element-36ae0b1 elementor-section-boxed elementor-section-height-default elementor-section-height-default\" data-id=\"36ae0b1\" data-element_type=\"section\">\n\t\t\t\t\t\t<div class=\"elementor-container elementor-column-gap-default\">\n\t\t\t\t\t\t\t<div class=\"elementor-row\">\n\t\t\t\t\t<div class=\"elementor-column elementor-col-100 elementor-top-column elementor-element elementor-element-c8567cb\" data-id=\"c8567cb\" data-element_type=\"column\" data-settings=\"{&quot;background_background&quot;:&quot;classic&quot;}\">\n\t\t\t<div class=\"elementor-column-wrap elementor-element-populated\">\n\t\t\t\t\t\t\t<div class=\"elementor-widget-wrap\">\n\t\t\t\t\t\t<div class=\"elementor-element elementor-element-167951a elementor-widget elementor-widget-text-editor\" data-id=\"167951a\" data-element_type=\"widget\" data-widget_type=\"text-editor.default\">\n\t\t\t\t<div class=\"elementor-widget-container\">\n\t\t\t\t\t<div class=\"elementor-text-editor elementor-clearfix\"><p>The yoga sessions take place outside, all week and all year long with joy and good spirit.\u00a0<\/p><p>Your level doesn't matter, train at your own pace, the yoga classes are made for an individual progress.<\/p><p>The goal is to make you progress and to see your evolution, one Hatha yoga or Yin yoga session lasts a month. Once the month is done, we go for a new session.\u00a0<\/p><p>Pour ceux ou celles qui souhaitent des cours priv\u00e9s \u00e0 domicile, merci de nous contacter par email, whatsapp ou instagram.<\/p><\/div>\n\t\t\t\t<\/div>\n\t\t\t\t<\/div>\n\t\t\t\t\t\t<\/div>\n\t\t\t\t\t<\/div>\n\t\t<\/div>\n\t\t\t\t\t\t\t\t<\/div>\n\t\t\t\t\t<\/div>\n\t\t<\/section>\n\t\t\t\t<section class=\"elementor-section elementor-top-section elementor-element elementor-element-4473b3a elementor-section-boxed elementor-section-height-default elementor-section-height-default\" data-id=\"4473b3a\" data-element_type=\"section\">\n\t\t\t\t\t\t<div class=\"elementor-container elementor-column-gap-default\">\n\t\t\t\t\t\t\t<div class=\"elementor-row\">\n\t\t\t\t\t<div class=\"elementor-column elementor-col-100 elementor-top-column elementor-element elementor-element-664c508\" data-id=\"664c508\" data-element_type=\"column\">\n\t\t\t<div class=\"elementor-column-wrap elementor-element-populated\">\n\t\t\t\t\t\t\t<div class=\"elementor-widget-wrap\">\n\t\t\t\t\t\t<div class=\"elementor-element elementor-element-d3eac58 elementor-widget elementor-widget-heading\" data-id=\"d3eac58\" data-element_type=\"widget\" data-widget_type=\"heading.default\">\n\t\t\t\t<div class=\"elementor-widget-container\">\n\t\t\t<h2 class=\"elementor-heading-title elementor-size-large\">DESCRIPTION<\/h2>\t\t<\/div>\n\t\t\t\t<\/div>\n\t\t\t\t\t\t<\/div>\n\t\t\t\t\t<\/div>\n\t\t<\/div>\n\t\t\t\t\t\t\t\t<\/div>\n\t\t\t\t\t<\/div>\n\t\t<\/section>\n\t\t\t\t<section class=\"elementor-section elementor-top-section elementor-element elementor-element-732d0ced elementor-section-content-middle elementor-section-boxed elementor-section-height-default elementor-section-height-default\" data-id=\"732d0ced\" data-element_type=\"section\" data-settings=\"{&quot;background_background&quot;:&quot;classic&quot;}\">\n\t\t\t\t\t\t<div class=\"elementor-container elementor-column-gap-no\">\n\t\t\t\t\t\t\t<div class=\"elementor-row\">\n\t\t\t\t\t<div class=\"elementor-column elementor-col-100 elementor-top-column elementor-element elementor-element-19ae2758\" data-id=\"19ae2758\" data-element_type=\"column\" data-settings=\"{&quot;background_background&quot;:&quot;classic&quot;}\">\n\t\t\t<div class=\"elementor-column-wrap elementor-element-populated\">\n\t\t\t\t\t\t\t<div class=\"elementor-widget-wrap\">\n\t\t\t\t\t\t<div class=\"elementor-element elementor-element-ddb119b elementor-widget elementor-widget-image\" data-id=\"ddb119b\" data-element_type=\"widget\" data-widget_type=\"image.default\">\n\t\t\t\t<div class=\"elementor-widget-container\">\n\t\t\t\t\t<div class=\"elementor-image\">\n\t\t\t\t\t\t\t\t\t\t<img src=\"https:\/\/boraborafreedivingyoga.com\/wp-content\/uploads\/elementor\/thumbs\/yoga-1-ozx5kahgcluovsg1d7mths5oro2lb7430hnv4tq03k.png\" title=\"yoga (1)\" alt=\"yoga (1)\" \/>\t\t\t\t\t\t\t\t\t\t\t<\/div>\n\t\t\t\t<\/div>\n\t\t\t\t<\/div>\n\t\t\t\t<div class=\"elementor-element elementor-element-4f0dd95 elementor-widget elementor-widget-heading\" data-id=\"4f0dd95\" data-element_type=\"widget\" data-widget_type=\"heading.default\">\n\t\t\t\t<div class=\"elementor-widget-container\">\n\t\t\t<h3 class=\"elementor-heading-title elementor-size-large\">HATHA YOGA ASANA<\/h3>\t\t<\/div>\n\t\t\t\t<\/div>\n\t\t\t\t<div class=\"elementor-element elementor-element-7dec5509 elementor-widget elementor-widget-text-editor\" data-id=\"7dec5509\" data-element_type=\"widget\" data-widget_type=\"text-editor.default\">\n\t\t\t\t<div class=\"elementor-widget-container\">\n\t\t\t\t\t<div class=\"elementor-text-editor elementor-clearfix\"><p>Hatha Yoga is a discipline built on the practice of different yogi postures that are done in a profound and slow way. By practicing them, you will gain soupleness, balance, endurance and great vitality. A stable posture is beautiful, it gives balance to the mind and avoids the spirit to be inconstant. Therefore, you allow your body to build up and to free himself from all the tensions accumulated.<\/p><p>\u00a0<\/p><\/div>\n\t\t\t\t<\/div>\n\t\t\t\t<\/div>\n\t\t\t\t\t\t<\/div>\n\t\t\t\t\t<\/div>\n\t\t<\/div>\n\t\t\t\t\t\t\t\t<\/div>\n\t\t\t\t\t<\/div>\n\t\t<\/section>\n\t\t\t\t<section class=\"elementor-section elementor-top-section elementor-element elementor-element-2694f2dc elementor-section-content-middle elementor-reverse-mobile elementor-section-boxed elementor-section-height-default elementor-section-height-default\" data-id=\"2694f2dc\" data-element_type=\"section\" data-settings=\"{&quot;background_background&quot;:&quot;classic&quot;}\">\n\t\t\t\t\t\t<div class=\"elementor-container elementor-column-gap-no\">\n\t\t\t\t\t\t\t<div class=\"elementor-row\">\n\t\t\t\t\t<div class=\"elementor-column elementor-col-100 elementor-top-column elementor-element elementor-element-559a8ea3\" data-id=\"559a8ea3\" data-element_type=\"column\" data-settings=\"{&quot;background_background&quot;:&quot;classic&quot;}\">\n\t\t\t<div class=\"elementor-column-wrap elementor-element-populated\">\n\t\t\t\t\t\t\t<div class=\"elementor-widget-wrap\">\n\t\t\t\t\t\t<div class=\"elementor-element elementor-element-012dda0 elementor-widget elementor-widget-image\" data-id=\"012dda0\" data-element_type=\"widget\" data-widget_type=\"image.default\">\n\t\t\t\t<div class=\"elementor-widget-container\">\n\t\t\t\t\t<div class=\"elementor-image\">\n\t\t\t\t\t\t\t\t\t\t<img src=\"https:\/\/boraborafreedivingyoga.com\/wp-content\/uploads\/elementor\/thumbs\/lotus-1-ozx5kh2bog3p526hash7h8hwxd65t2u7de89hrg8w0.png\" title=\"lotus (1)\" alt=\"lotus (1)\" \/>\t\t\t\t\t\t\t\t\t\t\t<\/div>\n\t\t\t\t<\/div>\n\t\t\t\t<\/div>\n\t\t\t\t<div class=\"elementor-element elementor-element-1d7179c elementor-widget elementor-widget-heading\" data-id=\"1d7179c\" data-element_type=\"widget\" data-widget_type=\"heading.default\">\n\t\t\t\t<div class=\"elementor-widget-container\">\n\t\t\t<h3 class=\"elementor-heading-title elementor-size-large\">YIN YOGA ASANA<\/h3>\t\t<\/div>\n\t\t\t\t<\/div>\n\t\t\t\t<div class=\"elementor-element elementor-element-30048884 elementor-widget elementor-widget-text-editor\" data-id=\"30048884\" data-element_type=\"widget\" data-widget_type=\"text-editor.default\">\n\t\t\t\t<div class=\"elementor-widget-container\">\n\t\t\t\t\t<div class=\"elementor-text-editor elementor-clearfix\"><p>Yin Yoga is a gentle yoga. Issued from the Taoiste way of thinking, the idea of the Yin represents motionlessness and Yang the mouvement. With Yin yoga the goal is to slow down and have a meditative approach to free our body and mental tensions. \nUnlike most of the yoga disciplines, there is no wish to build up the body. We simply stay in motionless postures without trying to make progress in endurance.<\/p><p>\u00a0<\/p><\/div>\n\t\t\t\t<\/div>\n\t\t\t\t<\/div>\n\t\t\t\t\t\t<\/div>\n\t\t\t\t\t<\/div>\n\t\t<\/div>\n\t\t\t\t\t\t\t\t<\/div>\n\t\t\t\t\t<\/div>\n\t\t<\/section>\n\t\t\t\t<section class=\"elementor-section elementor-top-section elementor-element elementor-element-588f46a elementor-section-boxed elementor-section-height-default elementor-section-height-default\" data-id=\"588f46a\" data-element_type=\"section\">\n\t\t\t\t\t\t<div class=\"elementor-container elementor-column-gap-default\">\n\t\t\t\t\t\t\t<div class=\"elementor-row\">\n\t\t\t\t\t<div class=\"elementor-column elementor-col-100 elementor-top-column elementor-element elementor-element-f175545\" data-id=\"f175545\" data-element_type=\"column\">\n\t\t\t<div class=\"elementor-column-wrap elementor-element-populated\">\n\t\t\t\t\t\t\t<div class=\"elementor-widget-wrap\">\n\t\t\t\t\t\t<div class=\"elementor-element elementor-element-9284d79 elementor-widget elementor-widget-heading\" data-id=\"9284d79\" data-element_type=\"widget\" data-widget_type=\"heading.default\">\n\t\t\t\t<div class=\"elementor-widget-container\">\n\t\t\t<h2 class=\"elementor-heading-title elementor-size-large\"><h2 class=\"elementor-heading-title elementor-size-large\">BOOK YOUR YOGA SESSIONS<\/h2><\/h2>\t\t<\/div>\n\t\t\t\t<\/div>\n\t\t\t\t\t\t<\/div>\n\t\t\t\t\t<\/div>\n\t\t<\/div>\n\t\t\t\t\t\t\t\t<\/div>\n\t\t\t\t\t<\/div>\n\t\t<\/section>\n\t\t\t\t<section class=\"elementor-section elementor-top-section elementor-element elementor-element-a587656 elementor-section-boxed elementor-section-height-default elementor-section-height-default\" data-id=\"a587656\" data-element_type=\"section\">\n\t\t\t\t\t\t<div class=\"elementor-container elementor-column-gap-default\">\n\t\t\t\t\t\t\t<div class=\"elementor-row\">\n\t\t\t\t\t<div class=\"elementor-column elementor-col-100 elementor-top-column elementor-element elementor-element-c009ac0\" data-id=\"c009ac0\" data-element_type=\"column\">\n\t\t\t<div class=\"elementor-column-wrap elementor-element-populated\">\n\t\t\t\t\t\t\t<div class=\"elementor-widget-wrap\">\n\t\t\t\t\t\t<div class=\"elementor-element elementor-element-e7f2edb elementor-widget elementor-widget-text-editor\" data-id=\"e7f2edb\" data-element_type=\"widget\" data-widget_type=\"text-editor.default\">\n\t\t\t\t<div class=\"elementor-widget-container\">\n\t\t\t\t\t<div class=\"elementor-text-editor elementor-clearfix\"><p>Pour toutes r\u00e9servations, vous pouvez envoyer un message sur WhatsApp, Messenger ou Instagram au plus tard 24h avant le cours.<\/p><\/div>\n\t\t\t\t<\/div>\n\t\t\t\t<\/div>\n\t\t\t\t\t\t<\/div>\n\t\t\t\t\t<\/div>\n\t\t<\/div>\n\t\t\t\t\t\t\t\t<\/div>\n\t\t\t\t\t<\/div>\n\t\t<\/section>\n\t\t\t\t<section class=\"elementor-section elementor-top-section elementor-element elementor-element-e565fb2 elementor-section-boxed elementor-section-height-default elementor-section-height-default\" data-id=\"e565fb2\" data-element_type=\"section\">\n\t\t\t\t\t\t<div class=\"elementor-container elementor-column-gap-default\">\n\t\t\t\t\t\t\t<div class=\"elementor-row\">\n\t\t\t\t\t<div class=\"elementor-column elementor-col-33 elementor-top-column elementor-element elementor-element-a8d1f91\" data-id=\"a8d1f91\" data-element_type=\"column\">\n\t\t\t<div class=\"elementor-column-wrap elementor-element-populated\">\n\t\t\t\t\t\t\t<div class=\"elementor-widget-wrap\">\n\t\t\t\t\t\t<div class=\"elementor-element elementor-element-260537b elementor-view-default elementor-widget elementor-widget-icon\" data-id=\"260537b\" data-element_type=\"widget\" data-widget_type=\"icon.default\">\n\t\t\t\t<div class=\"elementor-widget-container\">\n\t\t\t\t\t<div class=\"elementor-icon-wrapper\">\n\t\t\t<a class=\"elementor-icon\" href=\"https:\/\/www.instagram.com\/boraborafreedivingyoga\/\">\n\t\t\t<i aria-hidden=\"true\" class=\"fab fa-instagram\"><\/i>\t\t\t<\/a>\n\t\t<\/div>\n\t\t\t\t<\/div>\n\t\t\t\t<\/div>\n\t\t\t\t\t\t<\/div>\n\t\t\t\t\t<\/div>\n\t\t<\/div>\n\t\t\t\t<div class=\"elementor-column elementor-col-33 elementor-top-column elementor-element elementor-element-384d089\" data-id=\"384d089\" data-element_type=\"column\">\n\t\t\t<div class=\"elementor-column-wrap elementor-element-populated\">\n\t\t\t\t\t\t\t<div class=\"elementor-widget-wrap\">\n\t\t\t\t\t\t<div class=\"elementor-element elementor-element-998ece5 elementor-view-default elementor-widget elementor-widget-icon\" data-id=\"998ece5\" data-element_type=\"widget\" data-widget_type=\"icon.default\">\n\t\t\t\t<div class=\"elementor-widget-container\">\n\t\t\t\t\t<div class=\"elementor-icon-wrapper\">\n\t\t\t<a class=\"elementor-icon\" href=\"https:\/\/wa.me\/%5B+33650838288%5D\">\n\t\t\t<i aria-hidden=\"true\" class=\"fab fa-whatsapp-square\"><\/i>\t\t\t<\/a>\n\t\t<\/div>\n\t\t\t\t<\/div>\n\t\t\t\t<\/div>\n\t\t\t\t\t\t<\/div>\n\t\t\t\t\t<\/div>\n\t\t<\/div>\n\t\t\t\t<div class=\"elementor-column elementor-col-33 elementor-top-column elementor-element elementor-element-05d8537\" data-id=\"05d8537\" data-element_type=\"column\">\n\t\t\t<div class=\"elementor-column-wrap elementor-element-populated\">\n\t\t\t\t\t\t\t<div class=\"elementor-widget-wrap\">\n\t\t\t\t\t\t<div class=\"elementor-element elementor-element-aaeb8db elementor-view-default elementor-widget elementor-widget-icon\" data-id=\"aaeb8db\" data-element_type=\"widget\" data-widget_type=\"icon.default\">\n\t\t\t\t<div class=\"elementor-widget-container\">\n\t\t\t\t\t<div class=\"elementor-icon-wrapper\">\n\t\t\t<a class=\"elementor-icon\" href=\"https:\/\/www.facebook.com\/boraborafreedivingyoga\">\n\t\t\t<i aria-hidden=\"true\" class=\"fab fa-facebook-messenger\"><\/i>\t\t\t<\/a>\n\t\t<\/div>\n\t\t\t\t<\/div>\n\t\t\t\t<\/div>\n\t\t\t\t\t\t<\/div>\n\t\t\t\t\t<\/div>\n\t\t<\/div>\n\t\t\t\t\t\t\t\t<\/div>\n\t\t\t\t\t<\/div>\n\t\t<\/section>\n\t\t\t\t\t\t<\/div>\n\t\t\t\t\t\t<\/div>\n\t\t\t\t\t<\/div>","protected":false},"excerpt":{"rendered":"<p>YOGA Les sessions de yoga ont lieu en plein air toute la semaine tout au long de l&#8217;ann\u00e9e dans la joie et la bonne humeur.\u00a0 Peu importe votre niveau, les cours sont fait pour que chacun puisse \u00e9voluer \u00e0 son rythme. Afin de vous faire progresser et de voir votre \u00e9volution, une session de Hatha [&hellip;]<\/p>","protected":false},"author":1,"featured_media":0,"parent":0,"menu_order":0,"comment_status":"closed","ping_status":"closed","template":"","meta":[],"yoast_head":"<!-- This site is optimized with the Yoast SEO plugin v16.1.1 - https:\/\/yoast.com\/wordpress\/plugins\/seo\/ -->\n<title>LES SESSIONS DE YOGA - Bora Bora Freediving and Yoga<\/title>\n<meta name=\"description\" content=\"Les sessions de yoga ont lieu en plein air toute la semaine tout au long de l\u2019ann\u00e9e dans la joie et la bonne humeur \u00e0 Bora Bora.\" \/>\n<meta name=\"robots\" content=\"index, follow, max-snippet:-1, max-image-preview:large, max-video-preview:-1\" \/>\n<link rel=\"canonical\" href=\"https:\/\/boraborafreedivingyoga.com\/en\/yoga-bora-bora-polynesie-francaise-session\/\" \/>\n<meta property=\"og:locale\" content=\"en_GB\" \/>\n<meta property=\"og:type\" content=\"article\" \/>\n<meta property=\"og:title\" content=\"LES SESSIONS DE YOGA - Bora Bora Freediving and Yoga\" \/>\n<meta property=\"og:description\" content=\"Les sessions de yoga ont lieu en plein air toute la semaine tout au long de l\u2019ann\u00e9e dans la joie et la bonne humeur \u00e0 Bora Bora.\" \/>\n<meta property=\"og:url\" content=\"https:\/\/boraborafreedivingyoga.com\/en\/yoga-bora-bora-polynesie-francaise-session\/\" \/>\n<meta property=\"og:site_name\" content=\"Bora Bora Freediving and Yoga\" \/>\n<meta property=\"article:modified_time\" content=\"2025-08-18T15:01:17+00:00\" \/>\n<meta property=\"og:image\" content=\"https:\/\/boraborafreedivingyoga.com\/wp-content\/uploads\/elementor\/thumbs\/yoga-1-ozx5kahgcluovsg1d7mths5oro2lb7430hnv4tq03k.png\" \/>\n<meta name=\"twitter:label1\" content=\"Estimated reading time\">\n\t<meta name=\"twitter:data1\" content=\"2 minutes\">\n<script type=\"application\/ld+json\" class=\"yoast-schema-graph\">{\"@context\":\"https:\/\/schema.org\",\"@graph\":[{\"@type\":\"WebSite\",\"@id\":\"https:\/\/boraborafreedivingyoga.com\/#website\",\"url\":\"https:\/\/boraborafreedivingyoga.com\/\",\"name\":\"Bora Bora Freediving and Yoga\",\"description\":\"Pratiquer l\\u2019apn\\u00e9e dans un cadre idyllique toute l\\u2019ann\\u00e9e\\u2026 Que demander de plus ?\",\"potentialAction\":[{\"@type\":\"SearchAction\",\"target\":\"https:\/\/boraborafreedivingyoga.com\/?s={search_term_string}\",\"query-input\":\"required name=search_term_string\"}],\"inLanguage\":\"en-GB\"},{\"@type\":\"ImageObject\",\"@id\":\"https:\/\/boraborafreedivingyoga.com\/yoga-bora-bora-polynesie-francaise-session\/#primaryimage\",\"inLanguage\":\"en-GB\",\"url\":\"https:\/\/boraborafreedivingyoga.com\/wp-content\/uploads\/elementor\/thumbs\/yoga-1-ozx5kahgcluovsg1d7mths5oro2lb7430hnv4tq03k.png\",\"contentUrl\":\"https:\/\/boraborafreedivingyoga.com\/wp-content\/uploads\/elementor\/thumbs\/yoga-1-ozx5kahgcluovsg1d7mths5oro2lb7430hnv4tq03k.png\"},{\"@type\":\"WebPage\",\"@id\":\"https:\/\/boraborafreedivingyoga.com\/yoga-bora-bora-polynesie-francaise-session\/#webpage\",\"url\":\"https:\/\/boraborafreedivingyoga.com\/yoga-bora-bora-polynesie-francaise-session\/\",\"name\":\"LES SESSIONS DE YOGA - Bora Bora Freediving and Yoga\",\"isPartOf\":{\"@id\":\"https:\/\/boraborafreedivingyoga.com\/#website\"},\"primaryImageOfPage\":{\"@id\":\"https:\/\/boraborafreedivingyoga.com\/yoga-bora-bora-polynesie-francaise-session\/#primaryimage\"},\"datePublished\":\"2020-12-09T09:33:18+00:00\",\"dateModified\":\"2025-08-18T15:01:17+00:00\",\"description\":\"Les sessions de yoga ont lieu en plein air toute la semaine tout au long de l\\u2019ann\\u00e9e dans la joie et la bonne humeur \\u00e0 Bora Bora.\",\"breadcrumb\":{\"@id\":\"https:\/\/boraborafreedivingyoga.com\/yoga-bora-bora-polynesie-francaise-session\/#breadcrumb\"},\"inLanguage\":\"en-GB\",\"potentialAction\":[{\"@type\":\"ReadAction\",\"target\":[\"https:\/\/boraborafreedivingyoga.com\/yoga-bora-bora-polynesie-francaise-session\/\"]}]},{\"@type\":\"BreadcrumbList\",\"@id\":\"https:\/\/boraborafreedivingyoga.com\/yoga-bora-bora-polynesie-francaise-session\/#breadcrumb\",\"itemListElement\":[{\"@type\":\"ListItem\",\"position\":1,\"item\":{\"@type\":\"WebPage\",\"@id\":\"https:\/\/boraborafreedivingyoga.com\/\",\"url\":\"https:\/\/boraborafreedivingyoga.com\/\",\"name\":\"Accueil\"}},{\"@type\":\"ListItem\",\"position\":2,\"item\":{\"@type\":\"WebPage\",\"@id\":\"https:\/\/boraborafreedivingyoga.com\/yoga-bora-bora-polynesie-francaise-session\/\",\"url\":\"https:\/\/boraborafreedivingyoga.com\/yoga-bora-bora-polynesie-francaise-session\/\",\"name\":\"YOGA\"}}]}]}<\/script>\n<!-- \/ Yoast SEO plugin. -->","_links":{"self":[{"href":"https:\/\/boraborafreedivingyoga.com\/en\/wp-json\/wp\/v2\/pages\/62"}],"collection":[{"href":"https:\/\/boraborafreedivingyoga.com\/en\/wp-json\/wp\/v2\/pages"}],"about":[{"href":"https:\/\/boraborafreedivingyoga.com\/en\/wp-json\/wp\/v2\/types\/page"}],"author":[{"embeddable":true,"href":"https:\/\/boraborafreedivingyoga.com\/en\/wp-json\/wp\/v2\/users\/1"}],"replies":[{"embeddable":true,"href":"https:\/\/boraborafreedivingyoga.com\/en\/wp-json\/wp\/v2\/comments?post=62"}],"version-history":[{"count":141,"href":"https:\/\/boraborafreedivingyoga.com\/en\/wp-json\/wp\/v2\/pages\/62\/revisions"}],"predecessor-version":[{"id":4858,"href":"https:\/\/boraborafreedivingyoga.com\/en\/wp-json\/wp\/v2\/pages\/62\/revisions\/4858"}],"wp:attachment":[{"href":"https:\/\/boraborafreedivingyoga.com\/en\/wp-json\/wp\/v2\/media?parent=62"}],"curies":[{"name":"wp","href":"https:\/\/api.w.org\/{rel}","templated":true}]}}