{"id":72,"date":"2020-12-09T10:33:23","date_gmt":"2020-12-09T09:33:23","guid":{"rendered":"http:\/\/boraborafreedivingyoga.com\/yoga-special-apnee-bora-bora-freediving-yoga\/"},"modified":"2022-11-12T21:14:11","modified_gmt":"2022-11-12T20:14:11","slug":"yoga-special-apnee","status":"publish","type":"page","link":"https:\/\/boraborafreedivingyoga.com\/en\/yoga-special-apnee\/","title":{"rendered":"Specialized Yoga for freediving"},"content":{"rendered":"<div data-elementor-type=\"wp-page\" data-elementor-id=\"72\" class=\"elementor elementor-72\" data-elementor-settings=\"[]\">\n\t\t\t\t\t\t<div class=\"elementor-inner\">\n\t\t\t\t\t\t\t<div class=\"elementor-section-wrap\">\n\t\t\t\t\t\t\t<section class=\"elementor-section elementor-top-section elementor-element elementor-element-13a33f89 elementor-section-height-full elementor-section-boxed elementor-section-height-default elementor-section-items-middle\" data-id=\"13a33f89\" data-element_type=\"section\" data-settings=\"{&quot;background_background&quot;:&quot;classic&quot;}\">\n\t\t\t\t\t\t\t<div class=\"elementor-background-overlay\"><\/div>\n\t\t\t\t\t\t\t<div class=\"elementor-container elementor-column-gap-default\">\n\t\t\t\t\t\t\t<div class=\"elementor-row\">\n\t\t\t\t\t\t\t\t\t<\/div>\n\t\t\t\t\t<\/div>\n\t\t<\/section>\n\t\t\t\t<section class=\"elementor-section elementor-top-section elementor-element elementor-element-b8c9ab4 elementor-section-boxed elementor-section-height-default elementor-section-height-default\" data-id=\"b8c9ab4\" data-element_type=\"section\">\n\t\t\t\t\t\t<div class=\"elementor-container elementor-column-gap-default\">\n\t\t\t\t\t\t\t<div class=\"elementor-row\">\n\t\t\t\t\t<div class=\"elementor-column elementor-col-100 elementor-top-column elementor-element elementor-element-74f84864\" data-id=\"74f84864\" data-element_type=\"column\">\n\t\t\t<div class=\"elementor-column-wrap elementor-element-populated\">\n\t\t\t\t\t\t\t<div class=\"elementor-widget-wrap\">\n\t\t\t\t\t\t<div class=\"elementor-element elementor-element-bb23caf elementor-widget elementor-widget-heading\" data-id=\"bb23caf\" data-element_type=\"widget\" data-widget_type=\"heading.default\">\n\t\t\t\t<div class=\"elementor-widget-container\">\n\t\t\t<h2 class=\"elementor-heading-title elementor-size-large\">SPECIAL YOGA FOR APNEA<\/h2>\t\t<\/div>\n\t\t\t\t<\/div>\n\t\t\t\t<div class=\"elementor-element elementor-element-5a77fa51 elementor-align-center elementor-widget elementor-widget-button\" data-id=\"5a77fa51\" data-element_type=\"widget\" data-widget_type=\"button.default\">\n\t\t\t\t<div class=\"elementor-widget-container\">\n\t\t\t\t\t<div class=\"elementor-button-wrapper\">\n\t\t\t<a href=\"mailto:boraborafreediving@gmail.com\" class=\"elementor-button-link elementor-button elementor-size-sm\" role=\"button\">\n\t\t\t\t\t\t<span class=\"elementor-button-content-wrapper\">\n\t\t\t\t\t\t<span class=\"elementor-button-text\">Plus d'infos pour le yoga apn\u00e9e<\/span>\n\t\t<\/span>\n\t\t\t\t\t<\/a>\n\t\t<\/div>\n\t\t\t\t<\/div>\n\t\t\t\t<\/div>\n\t\t\t\t\t\t<\/div>\n\t\t\t\t\t<\/div>\n\t\t<\/div>\n\t\t\t\t\t\t\t\t<\/div>\n\t\t\t\t\t<\/div>\n\t\t<\/section>\n\t\t\t\t<section class=\"elementor-section elementor-top-section elementor-element elementor-element-912ab81 elementor-section-boxed elementor-section-height-default elementor-section-height-default\" data-id=\"912ab81\" data-element_type=\"section\">\n\t\t\t\t\t\t<div class=\"elementor-container elementor-column-gap-default\">\n\t\t\t\t\t\t\t<div class=\"elementor-row\">\n\t\t\t\t\t<div class=\"elementor-column elementor-col-100 elementor-top-column elementor-element elementor-element-55042fc\" data-id=\"55042fc\" data-element_type=\"column\">\n\t\t\t<div class=\"elementor-column-wrap elementor-element-populated\">\n\t\t\t\t\t\t\t<div class=\"elementor-widget-wrap\">\n\t\t\t\t\t\t<div class=\"elementor-element elementor-element-28ce778 elementor-widget elementor-widget-text-editor\" data-id=\"28ce778\" data-element_type=\"widget\" data-widget_type=\"text-editor.default\">\n\t\t\t\t<div class=\"elementor-widget-container\">\n\t\t\t\t\t<div class=\"elementor-text-editor elementor-clearfix\"><p>1 hour of yoga to prepare yourself physically and mentaly for your deep training sessions.<\/p><\/div>\n\t\t\t\t<\/div>\n\t\t\t\t<\/div>\n\t\t\t\t\t\t<\/div>\n\t\t\t\t\t<\/div>\n\t\t<\/div>\n\t\t\t\t\t\t\t\t<\/div>\n\t\t\t\t\t<\/div>\n\t\t<\/section>\n\t\t\t\t<section class=\"elementor-section elementor-top-section elementor-element elementor-element-0730d85 elementor-section-boxed elementor-section-height-default elementor-section-height-default\" data-id=\"0730d85\" data-element_type=\"section\">\n\t\t\t\t\t\t<div class=\"elementor-container elementor-column-gap-default\">\n\t\t\t\t\t\t\t<div class=\"elementor-row\">\n\t\t\t\t\t<div class=\"elementor-column elementor-col-100 elementor-top-column elementor-element elementor-element-2cc64a28\" data-id=\"2cc64a28\" data-element_type=\"column\">\n\t\t\t<div class=\"elementor-column-wrap elementor-element-populated\">\n\t\t\t\t\t\t\t<div class=\"elementor-widget-wrap\">\n\t\t\t\t\t\t<div class=\"elementor-element elementor-element-50b87c2 elementor-widget elementor-widget-heading\" data-id=\"50b87c2\" data-element_type=\"widget\" data-widget_type=\"heading.default\">\n\t\t\t\t<div class=\"elementor-widget-container\">\n\t\t\t<h3 class=\"elementor-heading-title elementor-size-large\">WHY IS YOGA A FUNDAMENTAL STEP FOR PRACTICING FREEDIVING ?<\/h3>\t\t<\/div>\n\t\t\t\t<\/div>\n\t\t\t\t\t\t<\/div>\n\t\t\t\t\t<\/div>\n\t\t<\/div>\n\t\t\t\t\t\t\t\t<\/div>\n\t\t\t\t\t<\/div>\n\t\t<\/section>\n\t\t\t\t<section class=\"elementor-section elementor-top-section elementor-element elementor-element-56736ea2 elementor-section-content-middle elementor-reverse-mobile elementor-section-boxed elementor-section-height-default elementor-section-height-default\" data-id=\"56736ea2\" data-element_type=\"section\" data-settings=\"{&quot;background_background&quot;:&quot;classic&quot;}\">\n\t\t\t\t\t\t<div class=\"elementor-container elementor-column-gap-default\">\n\t\t\t\t\t\t\t<div class=\"elementor-row\">\n\t\t\t\t\t<div class=\"elementor-column elementor-col-50 elementor-top-column elementor-element elementor-element-2c6eccd2\" data-id=\"2c6eccd2\" data-element_type=\"column\">\n\t\t\t<div class=\"elementor-column-wrap elementor-element-populated\">\n\t\t\t\t\t\t\t<div class=\"elementor-widget-wrap\">\n\t\t\t\t\t\t<div class=\"elementor-element elementor-element-40a2cca8 elementor-widget elementor-widget-image\" data-id=\"40a2cca8\" data-element_type=\"widget\" data-widget_type=\"image.default\">\n\t\t\t\t<div class=\"elementor-widget-container\">\n\t\t\t\t\t<div class=\"elementor-image\">\n\t\t\t\t\t\t\t\t\t\t<img width=\"454\" height=\"301\" src=\"https:\/\/boraborafreedivingyoga.com\/wp-content\/uploads\/2020\/12\/Mayol-apnee-yoga-slider.png\" class=\"attachment-full size-full\" alt=\"\" loading=\"lazy\" srcset=\"https:\/\/boraborafreedivingyoga.com\/wp-content\/uploads\/2020\/12\/Mayol-apnee-yoga-slider.png 454w, https:\/\/boraborafreedivingyoga.com\/wp-content\/uploads\/2020\/12\/Mayol-apnee-yoga-slider-300x199.png 300w\" sizes=\"(max-width: 454px) 100vw, 454px\" \/>\t\t\t\t\t\t\t\t\t\t\t<\/div>\n\t\t\t\t<\/div>\n\t\t\t\t<\/div>\n\t\t\t\t<div class=\"elementor-element elementor-element-edf82a8 elementor-widget elementor-widget-text-editor\" data-id=\"edf82a8\" data-element_type=\"widget\" data-widget_type=\"text-editor.default\">\n\t\t\t\t<div class=\"elementor-widget-container\">\n\t\t\t\t\t<div class=\"elementor-text-editor elementor-clearfix\"><p style=\"text-align: center;\">JACQUES MAYOL in 1969 preparing for a descent.<\/p><\/div>\n\t\t\t\t<\/div>\n\t\t\t\t<\/div>\n\t\t\t\t\t\t<\/div>\n\t\t\t\t\t<\/div>\n\t\t<\/div>\n\t\t\t\t<div class=\"elementor-column elementor-col-50 elementor-top-column elementor-element elementor-element-6217502\" data-id=\"6217502\" data-element_type=\"column\">\n\t\t\t<div class=\"elementor-column-wrap elementor-element-populated\">\n\t\t\t\t\t\t\t<div class=\"elementor-widget-wrap\">\n\t\t\t\t\t\t<div class=\"elementor-element elementor-element-fa1f71f elementor-widget elementor-widget-text-editor\" data-id=\"fa1f71f\" data-element_type=\"widget\" data-widget_type=\"text-editor.default\">\n\t\t\t\t<div class=\"elementor-widget-container\">\n\t\t\t\t\t<div class=\"elementor-text-editor elementor-clearfix\"><p>Yoga and apnea may be two distinctive disciplines, they're also intimately connected. Yoga aims for the control of the body and the spirit by a daily practice of the yogi disciplines, while apnea doesn't aim for this control but needs it. The exercises mastered by the yogis are key steps for the freediver. They help you reach : physical and psychological well-beeing, body and spirit release, controled breathing, self control ! Every champion uses yogi techniques to train themselves and enhance their performance in total safety and that from the begining of sport apnea.<\/p><\/div>\n\t\t\t\t<\/div>\n\t\t\t\t<\/div>\n\t\t\t\t\t\t<\/div>\n\t\t\t\t\t<\/div>\n\t\t<\/div>\n\t\t\t\t\t\t\t\t<\/div>\n\t\t\t\t\t<\/div>\n\t\t<\/section>\n\t\t\t\t\t\t<\/div>\n\t\t\t\t\t\t<\/div>\n\t\t\t\t\t<\/div>","protected":false},"excerpt":{"rendered":"<p>YOGA SP\u00c9CIAL APN\u00c9E Plus d&#8217;infos pour le yoga apn\u00e9e Une s\u00e9ance de 1h00 de yoga pour vous preparer physiquement et mentalement avant votre entrainement profondeur. POURQUOI LE YOGA EST-IL INDISPENSABLE \u00c0 LA PRATIQUE DE L&#8217;APN\u00c9E ? JACQUES MAYOL en 1969 se pr\u00e9parant avant une descente. Le yoga et l\u2019apn\u00e9e bien que deux disciplines distinctes sont [&hellip;]<\/p>","protected":false},"author":1,"featured_media":0,"parent":0,"menu_order":0,"comment_status":"closed","ping_status":"closed","template":"","meta":[],"yoast_head":"<!-- This site is optimized with the Yoast SEO plugin v16.1.1 - https:\/\/yoast.com\/wordpress\/plugins\/seo\/ -->\n<title>Yoga sp\u00e9cial apn\u00e9e - Bora Bora Freediving and Yoga<\/title>\n<meta name=\"robots\" content=\"index, follow, max-snippet:-1, max-image-preview:large, max-video-preview:-1\" \/>\n<link rel=\"canonical\" href=\"https:\/\/boraborafreedivingyoga.com\/en\/yoga-special-apnee\/\" \/>\n<meta property=\"og:locale\" content=\"en_GB\" \/>\n<meta property=\"og:type\" content=\"article\" \/>\n<meta property=\"og:title\" content=\"Yoga sp\u00e9cial apn\u00e9e - Bora Bora Freediving and Yoga\" \/>\n<meta property=\"og:description\" content=\"YOGA SP\u00c9CIAL APN\u00c9E Plus d&#8217;infos pour le yoga apn\u00e9e Une s\u00e9ance de 1h00 de yoga pour vous preparer physiquement et mentalement avant votre entrainement profondeur. POURQUOI LE YOGA EST-IL INDISPENSABLE \u00c0 LA PRATIQUE DE L&#8217;APN\u00c9E ? JACQUES MAYOL en 1969 se pr\u00e9parant avant une descente. Le yoga et l\u2019apn\u00e9e bien que deux disciplines distinctes sont [&hellip;]\" \/>\n<meta property=\"og:url\" content=\"https:\/\/boraborafreedivingyoga.com\/en\/yoga-special-apnee\/\" \/>\n<meta property=\"og:site_name\" content=\"Bora Bora Freediving and Yoga\" \/>\n<meta property=\"article:modified_time\" content=\"2022-11-12T20:14:11+00:00\" \/>\n<meta property=\"og:image\" content=\"https:\/\/boraborafreedivingyoga.com\/wp-content\/uploads\/2020\/12\/Mayol-apnee-yoga-slider.png\" \/>\n<meta name=\"twitter:label1\" content=\"Estimated reading time\">\n\t<meta name=\"twitter:data1\" content=\"1 minute\">\n<script type=\"application\/ld+json\" class=\"yoast-schema-graph\">{\"@context\":\"https:\/\/schema.org\",\"@graph\":[{\"@type\":\"WebSite\",\"@id\":\"https:\/\/boraborafreedivingyoga.com\/#website\",\"url\":\"https:\/\/boraborafreedivingyoga.com\/\",\"name\":\"Bora Bora Freediving and Yoga\",\"description\":\"Pratiquer l\\u2019apn\\u00e9e dans un cadre idyllique toute l\\u2019ann\\u00e9e\\u2026 Que demander de plus ?\",\"potentialAction\":[{\"@type\":\"SearchAction\",\"target\":\"https:\/\/boraborafreedivingyoga.com\/?s={search_term_string}\",\"query-input\":\"required name=search_term_string\"}],\"inLanguage\":\"en-GB\"},{\"@type\":\"ImageObject\",\"@id\":\"https:\/\/boraborafreedivingyoga.com\/yoga-special-apnee\/#primaryimage\",\"inLanguage\":\"en-GB\",\"url\":\"https:\/\/boraborafreedivingyoga.com\/wp-content\/uploads\/2020\/12\/Mayol-apnee-yoga-slider.png\",\"contentUrl\":\"https:\/\/boraborafreedivingyoga.com\/wp-content\/uploads\/2020\/12\/Mayol-apnee-yoga-slider.png\",\"width\":454,\"height\":301},{\"@type\":\"WebPage\",\"@id\":\"https:\/\/boraborafreedivingyoga.com\/yoga-special-apnee\/#webpage\",\"url\":\"https:\/\/boraborafreedivingyoga.com\/yoga-special-apnee\/\",\"name\":\"Yoga sp\\u00e9cial apn\\u00e9e - Bora Bora Freediving and Yoga\",\"isPartOf\":{\"@id\":\"https:\/\/boraborafreedivingyoga.com\/#website\"},\"primaryImageOfPage\":{\"@id\":\"https:\/\/boraborafreedivingyoga.com\/yoga-special-apnee\/#primaryimage\"},\"datePublished\":\"2020-12-09T09:33:23+00:00\",\"dateModified\":\"2022-11-12T20:14:11+00:00\",\"breadcrumb\":{\"@id\":\"https:\/\/boraborafreedivingyoga.com\/yoga-special-apnee\/#breadcrumb\"},\"inLanguage\":\"en-GB\",\"potentialAction\":[{\"@type\":\"ReadAction\",\"target\":[\"https:\/\/boraborafreedivingyoga.com\/yoga-special-apnee\/\"]}]},{\"@type\":\"BreadcrumbList\",\"@id\":\"https:\/\/boraborafreedivingyoga.com\/yoga-special-apnee\/#breadcrumb\",\"itemListElement\":[{\"@type\":\"ListItem\",\"position\":1,\"item\":{\"@type\":\"WebPage\",\"@id\":\"https:\/\/boraborafreedivingyoga.com\/\",\"url\":\"https:\/\/boraborafreedivingyoga.com\/\",\"name\":\"Accueil\"}},{\"@type\":\"ListItem\",\"position\":2,\"item\":{\"@type\":\"WebPage\",\"@id\":\"https:\/\/boraborafreedivingyoga.com\/yoga-special-apnee\/\",\"url\":\"https:\/\/boraborafreedivingyoga.com\/yoga-special-apnee\/\",\"name\":\"Yoga sp\\u00e9cial apn\\u00e9e\"}}]}]}<\/script>\n<!-- \/ Yoast SEO plugin. -->","_links":{"self":[{"href":"https:\/\/boraborafreedivingyoga.com\/en\/wp-json\/wp\/v2\/pages\/72"}],"collection":[{"href":"https:\/\/boraborafreedivingyoga.com\/en\/wp-json\/wp\/v2\/pages"}],"about":[{"href":"https:\/\/boraborafreedivingyoga.com\/en\/wp-json\/wp\/v2\/types\/page"}],"author":[{"embeddable":true,"href":"https:\/\/boraborafreedivingyoga.com\/en\/wp-json\/wp\/v2\/users\/1"}],"replies":[{"embeddable":true,"href":"https:\/\/boraborafreedivingyoga.com\/en\/wp-json\/wp\/v2\/comments?post=72"}],"version-history":[{"count":86,"href":"https:\/\/boraborafreedivingyoga.com\/en\/wp-json\/wp\/v2\/pages\/72\/revisions"}],"predecessor-version":[{"id":3850,"href":"https:\/\/boraborafreedivingyoga.com\/en\/wp-json\/wp\/v2\/pages\/72\/revisions\/3850"}],"wp:attachment":[{"href":"https:\/\/boraborafreedivingyoga.com\/en\/wp-json\/wp\/v2\/media?parent=72"}],"curies":[{"name":"wp","href":"https:\/\/api.w.org\/{rel}","templated":true}]}}