{"id":835,"date":"2020-12-26T21:12:51","date_gmt":"2020-12-26T20:12:51","guid":{"rendered":"http:\/\/boraborafreedivingyoga.com\/?page_id=835"},"modified":"2026-03-29T21:19:17","modified_gmt":"2026-03-29T20:19:17","slug":"perfectionnement-aida3","status":"publish","type":"page","link":"https:\/\/boraborafreedivingyoga.com\/en\/perfectionnement-aida3\/","title":{"rendered":"Advance - AIDA3"},"content":{"rendered":"<div data-elementor-type=\"wp-page\" data-elementor-id=\"835\" class=\"elementor elementor-835\" data-elementor-settings=\"[]\">\n\t\t\t\t\t\t<div class=\"elementor-inner\">\n\t\t\t\t\t\t\t<div class=\"elementor-section-wrap\">\n\t\t\t\t\t\t\t<section class=\"elementor-section elementor-top-section elementor-element elementor-element-4fbb3 elementor-section-boxed elementor-section-height-default elementor-section-height-default\" data-id=\"4fbb3\" data-element_type=\"section\" data-settings=\"{&quot;background_background&quot;:&quot;classic&quot;}\">\n\t\t\t\t\t\t\t<div class=\"elementor-background-overlay\"><\/div>\n\t\t\t\t\t\t\t<div class=\"elementor-container elementor-column-gap-default\">\n\t\t\t\t\t\t\t<div class=\"elementor-row\">\n\t\t\t\t\t\t\t\t\t<\/div>\n\t\t\t\t\t<\/div>\n\t\t<\/section>\n\t\t\t\t<section class=\"elementor-section elementor-top-section elementor-element elementor-element-7bd8b4d elementor-section-boxed elementor-section-height-default elementor-section-height-default\" data-id=\"7bd8b4d\" data-element_type=\"section\">\n\t\t\t\t\t\t<div class=\"elementor-container elementor-column-gap-default\">\n\t\t\t\t\t\t\t<div class=\"elementor-row\">\n\t\t\t\t\t<div class=\"elementor-column elementor-col-100 elementor-top-column elementor-element elementor-element-6981bb25\" data-id=\"6981bb25\" data-element_type=\"column\">\n\t\t\t<div class=\"elementor-column-wrap elementor-element-populated\">\n\t\t\t\t\t\t\t<div class=\"elementor-widget-wrap\">\n\t\t\t\t\t\t<div class=\"elementor-element elementor-element-bd02f5d elementor-widget elementor-widget-heading\" data-id=\"bd02f5d\" data-element_type=\"widget\" data-widget_type=\"heading.default\">\n\t\t\t\t<div class=\"elementor-widget-container\">\n\t\t\t<h2 class=\"elementor-heading-title elementor-size-large\">ADVANCE COURSE <\/h2>\t\t<\/div>\n\t\t\t\t<\/div>\n\t\t\t\t\t\t<\/div>\n\t\t\t\t\t<\/div>\n\t\t<\/div>\n\t\t\t\t\t\t\t\t<\/div>\n\t\t\t\t\t<\/div>\n\t\t<\/section>\n\t\t\t\t<section class=\"elementor-section elementor-top-section elementor-element elementor-element-3ed9b02 elementor-section-boxed elementor-section-height-default elementor-section-height-default\" data-id=\"3ed9b02\" data-element_type=\"section\">\n\t\t\t\t\t\t<div class=\"elementor-container elementor-column-gap-default\">\n\t\t\t\t\t\t\t<div class=\"elementor-row\">\n\t\t\t\t\t<div class=\"elementor-column elementor-col-50 elementor-top-column elementor-element elementor-element-6d9d9006\" data-id=\"6d9d9006\" data-element_type=\"column\">\n\t\t\t<div class=\"elementor-column-wrap elementor-element-populated\">\n\t\t\t\t\t\t\t<div class=\"elementor-widget-wrap\">\n\t\t\t\t\t\t<div class=\"elementor-element elementor-element-600ba32 elementor-widget elementor-widget-image\" data-id=\"600ba32\" data-element_type=\"widget\" data-widget_type=\"image.default\">\n\t\t\t\t<div class=\"elementor-widget-container\">\n\t\t\t\t\t<div class=\"elementor-image\">\n\t\t\t\t\t\t\t\t\t\t<img width=\"768\" height=\"1024\" src=\"https:\/\/boraborafreedivingyoga.com\/wp-content\/uploads\/2024\/07\/BORA-ABYSS-CONTEST-181-768x1024.jpeg\" class=\"attachment-large size-large\" alt=\"apn\u00e9e stage\" loading=\"lazy\" srcset=\"https:\/\/boraborafreedivingyoga.com\/wp-content\/uploads\/2024\/07\/BORA-ABYSS-CONTEST-181-768x1024.jpeg 768w, https:\/\/boraborafreedivingyoga.com\/wp-content\/uploads\/2024\/07\/BORA-ABYSS-CONTEST-181-225x300.jpeg 225w, https:\/\/boraborafreedivingyoga.com\/wp-content\/uploads\/2024\/07\/BORA-ABYSS-CONTEST-181-1152x1536.jpeg 1152w, https:\/\/boraborafreedivingyoga.com\/wp-content\/uploads\/2024\/07\/BORA-ABYSS-CONTEST-181-1536x2048.jpeg 1536w, https:\/\/boraborafreedivingyoga.com\/wp-content\/uploads\/2024\/07\/BORA-ABYSS-CONTEST-181-9x12.jpeg 9w, https:\/\/boraborafreedivingyoga.com\/wp-content\/uploads\/2024\/07\/BORA-ABYSS-CONTEST-181-600x800.jpeg 600w, https:\/\/boraborafreedivingyoga.com\/wp-content\/uploads\/2024\/07\/BORA-ABYSS-CONTEST-181-scaled.jpeg 1920w\" sizes=\"(max-width: 768px) 100vw, 768px\" \/>\t\t\t\t\t\t\t\t\t\t\t<\/div>\n\t\t\t\t<\/div>\n\t\t\t\t<\/div>\n\t\t\t\t\t\t<\/div>\n\t\t\t\t\t<\/div>\n\t\t<\/div>\n\t\t\t\t<div class=\"elementor-column elementor-col-50 elementor-top-column elementor-element elementor-element-c28f6c0\" data-id=\"c28f6c0\" data-element_type=\"column\">\n\t\t\t<div class=\"elementor-column-wrap elementor-element-populated\">\n\t\t\t\t\t\t\t<div class=\"elementor-widget-wrap\">\n\t\t\t\t\t\t<div class=\"elementor-element elementor-element-79ae7cf elementor-widget elementor-widget-text-editor\" data-id=\"79ae7cf\" data-element_type=\"widget\" data-widget_type=\"text-editor.default\">\n\t\t\t\t<div class=\"elementor-widget-container\">\n\t\t\t\t\t<div class=\"elementor-text-editor elementor-clearfix\"><p><span style=\"font-size: 15px;\">Le stage perfectionnement AIDA3 vous permettra <b>d\u2019approfondir vos connaissances<\/b> de la physiologie et des techniques de l\u2019apn\u00e9e en profondeur. Ainsi, vous pourrez <b>am\u00e9liorer vos performances <\/b>toujours avec aisance et en toute s\u00e9curit\u00e9 jusqu&#8217;\u00e0 maximum 30 m\u00e8tres de profondeur.<\/span><\/p><p><span style=\"font-size: 15px;\">Vous <b>approfondirez les m\u00e9thodes de compensation<\/b> des oreilles (Frenzel), d\u00e9couvrirez la chute libre mais aussi comment d\u00e9velopper des programmes d\u2019entrainement individualis\u00e9s.<\/span><\/p><p>Par la suite, vous aurez la possibilit\u00e9 de vous entra\u00eener r\u00e9guli\u00e8rement mais aussi de vous former et participer au stage <b>EXPERT<\/b>.<\/p><\/div>\n\t\t\t\t<\/div>\n\t\t\t\t<\/div>\n\t\t\t\t\t\t<\/div>\n\t\t\t\t\t<\/div>\n\t\t<\/div>\n\t\t\t\t\t\t\t\t<\/div>\n\t\t\t\t\t<\/div>\n\t\t<\/section>\n\t\t\t\t<section class=\"elementor-section elementor-top-section elementor-element elementor-element-71838ab elementor-section-boxed elementor-section-height-default elementor-section-height-default\" data-id=\"71838ab\" data-element_type=\"section\">\n\t\t\t\t\t\t<div class=\"elementor-container elementor-column-gap-default\">\n\t\t\t\t\t\t\t<div class=\"elementor-row\">\n\t\t\t\t\t<div class=\"elementor-column elementor-col-33 elementor-top-column elementor-element elementor-element-a701dd0\" data-id=\"a701dd0\" data-element_type=\"column\" data-settings=\"{&quot;background_background&quot;:&quot;classic&quot;}\">\n\t\t\t<div class=\"elementor-column-wrap elementor-element-populated\">\n\t\t\t\t\t\t\t<div class=\"elementor-widget-wrap\">\n\t\t\t\t\t\t<div class=\"elementor-element elementor-element-0879f01 elementor-widget elementor-widget-heading\" data-id=\"0879f01\" data-element_type=\"widget\" data-widget_type=\"heading.default\">\n\t\t\t\t<div class=\"elementor-widget-container\">\n\t\t\t<h3 class=\"elementor-heading-title elementor-size-default\">AIDA3<\/h3>\t\t<\/div>\n\t\t\t\t<\/div>\n\t\t\t\t<div class=\"elementor-element elementor-element-4a92730 elementor-view-default elementor-widget elementor-widget-icon\" data-id=\"4a92730\" data-element_type=\"widget\" data-widget_type=\"icon.default\">\n\t\t\t\t<div class=\"elementor-widget-container\">\n\t\t\t\t\t<div class=\"elementor-icon-wrapper\">\n\t\t\t<div class=\"elementor-icon\">\n\t\t\t<i aria-hidden=\"true\" class=\"fas fa-stopwatch\"><\/i>\t\t\t<\/div>\n\t\t<\/div>\n\t\t\t\t<\/div>\n\t\t\t\t<\/div>\n\t\t\t\t<div class=\"elementor-element elementor-element-e9d45c1 elementor-widget elementor-widget-heading\" data-id=\"e9d45c1\" data-element_type=\"widget\" data-widget_type=\"heading.default\">\n\t\t\t\t<div class=\"elementor-widget-container\">\n\t\t\t<h2 class=\"elementor-heading-title elementor-size-default\">3 jours de formation <br>ou <br>2 jours + 2 demi-journ\u00e9es<br><br>9h00\/12h00 - 13h00\/17h00<br><br>Une formation compl\u00e8te avec votre moniteur d'apn\u00e9e certifi\u00e9 INSTRUCTEUR AIDA et BREVET D'\u00c9TAT ou BREVET PROFESSIONNEL (dipl\u00f4mes obligatoires pour exercer en tant que monteur d'apn\u00e9e)<br><br>3 \u00e9l\u00e8ves maximum par moniteur et par bou\u00e9e (au lieu de 4 habituellement)<\/h2>\t\t<\/div>\n\t\t\t\t<\/div>\n\t\t\t\t<div class=\"elementor-element elementor-element-f85d4f9 elementor-view-default elementor-widget elementor-widget-icon\" data-id=\"f85d4f9\" data-element_type=\"widget\" data-widget_type=\"icon.default\">\n\t\t\t\t<div class=\"elementor-widget-container\">\n\t\t\t\t\t<div class=\"elementor-icon-wrapper\">\n\t\t\t<div class=\"elementor-icon\">\n\t\t\t<i aria-hidden=\"true\" class=\"far fa-money-bill-alt\"><\/i>\t\t\t<\/div>\n\t\t<\/div>\n\t\t\t\t<\/div>\n\t\t\t\t<\/div>\n\t\t\t\t<div class=\"elementor-element elementor-element-dc4159d elementor-widget elementor-widget-heading\" data-id=\"dc4159d\" data-element_type=\"widget\" data-widget_type=\"heading.default\">\n\t\t\t\t<div class=\"elementor-widget-container\">\n\t\t\t<h2 class=\"elementor-heading-title elementor-size-default\">\u00c0 partir de 45 000 XPF<br><br>3 OPTIONS POSSIBLES SELON VOTRE PROFIL<br><br>Light, classique ou qualit\u00e9 (\u00e0 d\u00e9finir lors de votre r\u00e9servation )<\/h2>\t\t<\/div>\n\t\t\t\t<\/div>\n\t\t\t\t\t\t<\/div>\n\t\t\t\t\t<\/div>\n\t\t<\/div>\n\t\t\t\t<div class=\"elementor-column elementor-col-33 elementor-top-column elementor-element elementor-element-b606783\" data-id=\"b606783\" data-element_type=\"column\">\n\t\t\t<div class=\"elementor-column-wrap elementor-element-populated\">\n\t\t\t\t\t\t\t<div class=\"elementor-widget-wrap\">\n\t\t\t\t\t\t<div class=\"elementor-element elementor-element-929c2e7 elementor-widget elementor-widget-heading\" data-id=\"929c2e7\" data-element_type=\"widget\" data-widget_type=\"heading.default\">\n\t\t\t\t<div class=\"elementor-widget-container\">\n\t\t\t<h3 class=\"elementor-heading-title elementor-size-large\">DESCRIPTION<\/h3>\t\t<\/div>\n\t\t\t\t<\/div>\n\t\t\t\t<div class=\"elementor-element elementor-element-8465342 elementor-widget elementor-widget-heading\" data-id=\"8465342\" data-element_type=\"widget\" data-widget_type=\"heading.default\">\n\t\t\t\t<div class=\"elementor-widget-container\">\n\t\t\t<h2 class=\"elementor-heading-title elementor-size-default\">Pour d\u00e9marrer une formation avanc\u00e9e AIDA3, il  vous faudra \u00eatre d\u00e9tendeur \u00e0 minima d'une certification AIDA2 ou \u00e9quivalent.<br>Nous vous conseillons d'\u00eatre \u00e0 l'aise \u00e0 20 m\u00e8tres de profondeur avant de vous lancer dans cette formation passionnante.<br><br> Comme toutes nos formations, elle d\u00e9marre avec une matin\u00e9e en douceur, un tour de table pour conna\u00eetre vos attentes, vos craintes, vos besoins et ce qui vous a motiv\u00e9 \u00e0 vous inscrire \u00e0 la formation avanc\u00e9e AIDA3.<br><br>En th\u00e9orie, nous aborderons le principe de diffusion, les pressions partielles, les diff\u00e9rents volumes pulmonaires, la profondeur critique, les barotraumatismes, la s\u00e9curit\u00e9 et le sauvetage en profondeur ainsi que le r\u00e9flexe d'immersion. <br><br><div>En pratique, le point cl\u00e9 de la formation AIDA3 est la chute libre. Apprendre \u00e0 se positionner correctement pour se laisser couler en douceur et avec aisance. Tout un art que nous serons ravis de partager avec vous.<\/div><br>Votre formation se terminera par une \u00e9valuation \u00e9crite qui r\u00e9sumera tout ce que vous aurez abord\u00e9 durant votre formation. L'AIDA3 n\u00e9cessite des connaissances un peu plus pousser que l'AIDA2 et nous n'h\u00e9siterons pas \u00e0 passer plus de temps sur la th\u00e9orie si cela est n\u00e9cessaire.<br>Comme tous les examens AIDA, pas de panique, il n'y a pas de questions pi\u00e8ges et tous les sujets auront \u00e9t\u00e9 abord\u00e9s. M\u00eame sans r\u00e9viser, si vous nous avez bien \u00e9cout\u00e9, ce sera les doigts dans le nez \ud83d\ude09<br><br><br>R\u00c9SUM\u00c9:<div>4 sessions profondeur (immersion libre, poids contant, chute libre).<br>1 session d'apn\u00e9e statique<br>1 session d'apn\u00e9e dynamique<\/div><div>1 \u00e9valuation \u00e9crite<br>Sauvetage<\/div><\/h2>\t\t<\/div>\n\t\t\t\t<\/div>\n\t\t\t\t\t\t<\/div>\n\t\t\t\t\t<\/div>\n\t\t<\/div>\n\t\t\t\t<div class=\"elementor-column elementor-col-33 elementor-top-column elementor-element elementor-element-b35e38c\" data-id=\"b35e38c\" data-element_type=\"column\" data-settings=\"{&quot;background_background&quot;:&quot;classic&quot;}\">\n\t\t\t<div class=\"elementor-column-wrap elementor-element-populated\">\n\t\t\t\t\t\t\t<div class=\"elementor-widget-wrap\">\n\t\t\t\t\t\t<div class=\"elementor-element elementor-element-9365190 elementor-widget elementor-widget-heading\" data-id=\"9365190\" data-element_type=\"widget\" data-widget_type=\"heading.default\">\n\t\t\t\t<div class=\"elementor-widget-container\">\n\t\t\t<h3 class=\"elementor-heading-title elementor-size-large\">INCLUDED<\/h3>\t\t<\/div>\n\t\t\t\t<\/div>\n\t\t\t\t<div class=\"elementor-element elementor-element-461e366 elementor-view-default elementor-widget elementor-widget-icon\" data-id=\"461e366\" data-element_type=\"widget\" data-widget_type=\"icon.default\">\n\t\t\t\t<div class=\"elementor-widget-container\">\n\t\t\t\t\t<div class=\"elementor-icon-wrapper\">\n\t\t\t<div class=\"elementor-icon\">\n\t\t\t<i aria-hidden=\"true\" class=\"fas fa-cookie-bite\"><\/i>\t\t\t<\/div>\n\t\t<\/div>\n\t\t\t\t<\/div>\n\t\t\t\t<\/div>\n\t\t\t\t<div class=\"elementor-element elementor-element-36fbc62 elementor-widget elementor-widget-text-editor\" data-id=\"36fbc62\" data-element_type=\"widget\" data-widget_type=\"text-editor.default\">\n\t\t\t\t<div class=\"elementor-widget-container\">\n\t\t\t\t\t<div class=\"elementor-text-editor elementor-clearfix\"><p>Drinks (water and tea) &\u00a0<\/p><p>snacks (biscuits)<\/p><\/div>\n\t\t\t\t<\/div>\n\t\t\t\t<\/div>\n\t\t\t\t<div class=\"elementor-element elementor-element-67027bb elementor-view-default elementor-widget elementor-widget-icon\" data-id=\"67027bb\" data-element_type=\"widget\" data-widget_type=\"icon.default\">\n\t\t\t\t<div class=\"elementor-widget-container\">\n\t\t\t\t\t<div class=\"elementor-icon-wrapper\">\n\t\t\t<div class=\"elementor-icon\">\n\t\t\t<i aria-hidden=\"true\" class=\"fas fa-swimmer\"><\/i>\t\t\t<\/div>\n\t\t<\/div>\n\t\t\t\t<\/div>\n\t\t\t\t<\/div>\n\t\t\t\t<div class=\"elementor-element elementor-element-dd76e58 elementor-widget elementor-widget-text-editor\" data-id=\"dd76e58\" data-element_type=\"widget\" data-widget_type=\"text-editor.default\">\n\t\t\t\t<div class=\"elementor-widget-container\">\n\t\t\t\t\t<div class=\"elementor-text-editor elementor-clearfix\"><p><span style=\"font-family: Poppins, sans-serif; font-size: 14px; font-style: normal; font-variant-caps: normal;\">Fins, mask,\u00a0<\/span>snorkel, wetsuit,\u00a0<\/p><p>(AQUASKIN 3 MM), belt and weights.<\/p><\/div>\n\t\t\t\t<\/div>\n\t\t\t\t<\/div>\n\t\t\t\t<div class=\"elementor-element elementor-element-a846106 elementor-view-default elementor-widget elementor-widget-icon\" data-id=\"a846106\" data-element_type=\"widget\" data-widget_type=\"icon.default\">\n\t\t\t\t<div class=\"elementor-widget-container\">\n\t\t\t\t\t<div class=\"elementor-icon-wrapper\">\n\t\t\t<div class=\"elementor-icon\">\n\t\t\t<i aria-hidden=\"true\" class=\"far fa-address-card\"><\/i>\t\t\t<\/div>\n\t\t<\/div>\n\t\t\t\t<\/div>\n\t\t\t\t<\/div>\n\t\t\t\t<div class=\"elementor-element elementor-element-be1364f elementor-widget elementor-widget-text-editor\" data-id=\"be1364f\" data-element_type=\"widget\" data-widget_type=\"text-editor.default\">\n\t\t\t\t<div class=\"elementor-widget-container\">\n\t\t\t\t\t<div class=\"elementor-text-editor elementor-clearfix\"><p>AIDA3 or AIDA3 pool certification<\/p><\/div>\n\t\t\t\t<\/div>\n\t\t\t\t<\/div>\n\t\t\t\t<div class=\"elementor-element elementor-element-0343406 elementor-view-default elementor-widget elementor-widget-icon\" data-id=\"0343406\" data-element_type=\"widget\" data-widget_type=\"icon.default\">\n\t\t\t\t<div class=\"elementor-widget-container\">\n\t\t\t\t\t<div class=\"elementor-icon-wrapper\">\n\t\t\t<div class=\"elementor-icon\">\n\t\t\t<i aria-hidden=\"true\" class=\"fas fa-photo-video\"><\/i>\t\t\t<\/div>\n\t\t<\/div>\n\t\t\t\t<\/div>\n\t\t\t\t<\/div>\n\t\t\t\t<div class=\"elementor-element elementor-element-5d3fb4a elementor-widget elementor-widget-text-editor\" data-id=\"5d3fb4a\" data-element_type=\"widget\" data-widget_type=\"text-editor.default\">\n\t\t\t\t<div class=\"elementor-widget-container\">\n\t\t\t\t\t<div class=\"elementor-text-editor elementor-clearfix\">Photos and Videos souvenir<br><\/div>\n\t\t\t\t<\/div>\n\t\t\t\t<\/div>\n\t\t\t\t\t\t<\/div>\n\t\t\t\t\t<\/div>\n\t\t<\/div>\n\t\t\t\t\t\t\t\t<\/div>\n\t\t\t\t\t<\/div>\n\t\t<\/section>\n\t\t\t\t<section class=\"elementor-section elementor-top-section elementor-element elementor-element-ed646fb elementor-section-boxed elementor-section-height-default elementor-section-height-default\" data-id=\"ed646fb\" data-element_type=\"section\">\n\t\t\t\t\t\t<div class=\"elementor-container elementor-column-gap-default\">\n\t\t\t\t\t\t\t<div class=\"elementor-row\">\n\t\t\t\t\t<div class=\"elementor-column elementor-col-100 elementor-top-column elementor-element elementor-element-a82aab2\" data-id=\"a82aab2\" data-element_type=\"column\">\n\t\t\t<div class=\"elementor-column-wrap elementor-element-populated\">\n\t\t\t\t\t\t\t<div class=\"elementor-widget-wrap\">\n\t\t\t\t\t\t<div class=\"elementor-element elementor-element-1a125809 elementor-align-center elementor-widget elementor-widget-button\" data-id=\"1a125809\" data-element_type=\"widget\" data-widget_type=\"button.default\">\n\t\t\t\t<div class=\"elementor-widget-container\">\n\t\t\t\t\t<div class=\"elementor-button-wrapper\">\n\t\t\t<a href=\"https:\/\/wa.me\/68987217823\" class=\"elementor-button-link elementor-button elementor-size-sm\" role=\"button\">\n\t\t\t\t\t\t<span class=\"elementor-button-content-wrapper\">\n\t\t\t\t\t\t<span class=\"elementor-button-text\">More infos please<\/span>\n\t\t<\/span>\n\t\t\t\t\t<\/a>\n\t\t<\/div>\n\t\t\t\t<\/div>\n\t\t\t\t<\/div>\n\t\t\t\t\t\t<\/div>\n\t\t\t\t\t<\/div>\n\t\t<\/div>\n\t\t\t\t\t\t\t\t<\/div>\n\t\t\t\t\t<\/div>\n\t\t<\/section>\n\t\t\t\t<section class=\"elementor-section elementor-top-section elementor-element elementor-element-2c5689da elementor-section-content-middle elementor-reverse-mobile elementor-section-boxed elementor-section-height-default elementor-section-height-default\" data-id=\"2c5689da\" data-element_type=\"section\" data-settings=\"{&quot;background_background&quot;:&quot;classic&quot;}\">\n\t\t\t\t\t\t<div class=\"elementor-container elementor-column-gap-no\">\n\t\t\t\t\t\t\t<div class=\"elementor-row\">\n\t\t\t\t\t<div class=\"elementor-column elementor-col-100 elementor-top-column elementor-element elementor-element-778f02a8\" data-id=\"778f02a8\" data-element_type=\"column\" data-settings=\"{&quot;background_background&quot;:&quot;classic&quot;}\">\n\t\t\t<div class=\"elementor-column-wrap elementor-element-populated\">\n\t\t\t\t\t\t\t<div class=\"elementor-widget-wrap\">\n\t\t\t\t\t\t<div class=\"elementor-element elementor-element-51df5bf6 elementor-view-default elementor-widget elementor-widget-icon\" data-id=\"51df5bf6\" data-element_type=\"widget\" data-widget_type=\"icon.default\">\n\t\t\t\t<div class=\"elementor-widget-container\">\n\t\t\t\t\t<div class=\"elementor-icon-wrapper\">\n\t\t\t<div class=\"elementor-icon\">\n\t\t\t<i aria-hidden=\"true\" class=\"fas fa-clipboard-list\"><\/i>\t\t\t<\/div>\n\t\t<\/div>\n\t\t\t\t<\/div>\n\t\t\t\t<\/div>\n\t\t\t\t<div class=\"elementor-element elementor-element-46b59f8 elementor-widget elementor-widget-heading\" data-id=\"46b59f8\" data-element_type=\"widget\" data-widget_type=\"heading.default\">\n\t\t\t\t<div class=\"elementor-widget-container\">\n\t\t\t<h3 class=\"elementor-heading-title elementor-size-large\">Conditions<\/h3>\t\t<\/div>\n\t\t\t\t<\/div>\n\t\t\t\t<div class=\"elementor-element elementor-element-c2a020e elementor-widget elementor-widget-text-editor\" data-id=\"c2a020e\" data-element_type=\"widget\" data-widget_type=\"text-editor.default\">\n\t\t\t\t<div class=\"elementor-widget-container\">\n\t\t\t\t\t<div class=\"elementor-text-editor elementor-clearfix\"><p>Accessible over 16 years old ( with the written consentment of both parents or the legal person(s) responsable for the teenage).<\/p><p>Be AIDA2 certified or pass one day of evaluation  if you have the equivalent level from another organization.<\/p><p>Fill the doc attached:<\/p><\/div>\n\t\t\t\t<\/div>\n\t\t\t\t<\/div>\n\t\t\t\t<div class=\"elementor-element elementor-element-4b1e67e elementor-view-default elementor-widget elementor-widget-icon\" data-id=\"4b1e67e\" data-element_type=\"widget\" data-widget_type=\"icon.default\">\n\t\t\t\t<div class=\"elementor-widget-container\">\n\t\t\t\t\t<div class=\"elementor-icon-wrapper\">\n\t\t\t<a class=\"elementor-icon\" href=\"http:\/\/boraborafreedivingyoga.com\/wp-content\/uploads\/2021\/01\/certificat-medical-absence-contre-indication.pdf\" target=\"_blank\">\n\t\t\t<i aria-hidden=\"true\" class=\"fas fa-file-pdf\"><\/i>\t\t\t<\/a>\n\t\t<\/div>\n\t\t\t\t<\/div>\n\t\t\t\t<\/div>\n\t\t\t\t\t\t<\/div>\n\t\t\t\t\t<\/div>\n\t\t<\/div>\n\t\t\t\t\t\t\t\t<\/div>\n\t\t\t\t\t<\/div>\n\t\t<\/section>\n\t\t\t\t\t\t<\/div>\n\t\t\t\t\t\t<\/div>\n\t\t\t\t\t<\/div>","protected":false},"excerpt":{"rendered":"<p>FORMATION PERFECTIONNEMENT Le stage perfectionnement AIDA3 vous permettra d\u2019approfondir vos connaissances de la physiologie et des techniques de l\u2019apn\u00e9e en profondeur. Ainsi, vous pourrez am\u00e9liorer vos performances toujours avec aisance et en toute s\u00e9curit\u00e9 jusqu&#8217;\u00e0 maximum 30 m\u00e8tres de profondeur. Vous approfondirez les m\u00e9thodes de compensation des oreilles (Frenzel), d\u00e9couvrirez la chute libre mais aussi [&hellip;]<\/p>","protected":false},"author":1,"featured_media":236,"parent":0,"menu_order":0,"comment_status":"closed","ping_status":"closed","template":"","meta":[],"yoast_head":"<!-- This site is optimized with the Yoast SEO plugin v16.1.1 - https:\/\/yoast.com\/wordpress\/plugins\/seo\/ -->\n<title>Perfectionnement AIDA3 - Bora Bora Freediving and Yoga<\/title>\n<meta name=\"description\" content=\"Le stage de perfectionnement AIDA3 est r\u00e9serv\u00e9 aux apn\u00e9istes \u00e0 l&#039;aise sur 20 m\u00e8tres et en qu\u00eate de nouvelle profondeur gr\u00e2ce \u00e0 la chute libre\" \/>\n<meta name=\"robots\" content=\"index, follow, max-snippet:-1, max-image-preview:large, max-video-preview:-1\" \/>\n<link rel=\"canonical\" href=\"https:\/\/boraborafreedivingyoga.com\/en\/perfectionnement-aida3\/\" \/>\n<meta property=\"og:locale\" content=\"en_GB\" \/>\n<meta property=\"og:type\" content=\"article\" \/>\n<meta property=\"og:title\" content=\"Perfectionnement AIDA3 - Bora Bora Freediving and Yoga\" \/>\n<meta property=\"og:description\" content=\"Le stage de perfectionnement AIDA3 est r\u00e9serv\u00e9 aux apn\u00e9istes \u00e0 l&#039;aise sur 20 m\u00e8tres et en qu\u00eate de nouvelle profondeur gr\u00e2ce \u00e0 la chute libre\" \/>\n<meta property=\"og:url\" content=\"https:\/\/boraborafreedivingyoga.com\/en\/perfectionnement-aida3\/\" \/>\n<meta property=\"og:site_name\" content=\"Bora Bora Freediving and Yoga\" \/>\n<meta property=\"article:modified_time\" content=\"2026-03-29T20:19:17+00:00\" \/>\n<meta property=\"og:image\" content=\"https:\/\/boraborafreedivingyoga.com\/wp-content\/uploads\/2020\/12\/coral-reef.jpg\" \/>\n\t<meta property=\"og:image:width\" content=\"1200\" \/>\n\t<meta property=\"og:image:height\" content=\"900\" \/>\n<meta name=\"twitter:label1\" content=\"Estimated reading time\">\n\t<meta name=\"twitter:data1\" content=\"3 minutes\">\n<script type=\"application\/ld+json\" class=\"yoast-schema-graph\">{\"@context\":\"https:\/\/schema.org\",\"@graph\":[{\"@type\":\"WebSite\",\"@id\":\"https:\/\/boraborafreedivingyoga.com\/#website\",\"url\":\"https:\/\/boraborafreedivingyoga.com\/\",\"name\":\"Bora Bora Freediving and Yoga\",\"description\":\"Pratiquer l\\u2019apn\\u00e9e dans un cadre idyllique toute l\\u2019ann\\u00e9e\\u2026 Que demander de plus ?\",\"potentialAction\":[{\"@type\":\"SearchAction\",\"target\":\"https:\/\/boraborafreedivingyoga.com\/?s={search_term_string}\",\"query-input\":\"required name=search_term_string\"}],\"inLanguage\":\"en-GB\"},{\"@type\":\"ImageObject\",\"@id\":\"https:\/\/boraborafreedivingyoga.com\/perfectionnement-aida3\/#primaryimage\",\"inLanguage\":\"en-GB\",\"url\":\"https:\/\/boraborafreedivingyoga.com\/wp-content\/uploads\/2020\/12\/coral-reef.jpg\",\"contentUrl\":\"https:\/\/boraborafreedivingyoga.com\/wp-content\/uploads\/2020\/12\/coral-reef.jpg\",\"width\":1200,\"height\":900},{\"@type\":\"WebPage\",\"@id\":\"https:\/\/boraborafreedivingyoga.com\/perfectionnement-aida3\/#webpage\",\"url\":\"https:\/\/boraborafreedivingyoga.com\/perfectionnement-aida3\/\",\"name\":\"Perfectionnement AIDA3 - Bora Bora Freediving and Yoga\",\"isPartOf\":{\"@id\":\"https:\/\/boraborafreedivingyoga.com\/#website\"},\"primaryImageOfPage\":{\"@id\":\"https:\/\/boraborafreedivingyoga.com\/perfectionnement-aida3\/#primaryimage\"},\"datePublished\":\"2020-12-26T20:12:51+00:00\",\"dateModified\":\"2026-03-29T20:19:17+00:00\",\"description\":\"Le stage de perfectionnement AIDA3 est r\\u00e9serv\\u00e9 aux apn\\u00e9istes \\u00e0 l'aise sur 20 m\\u00e8tres et en qu\\u00eate de nouvelle profondeur gr\\u00e2ce \\u00e0 la chute libre\",\"breadcrumb\":{\"@id\":\"https:\/\/boraborafreedivingyoga.com\/perfectionnement-aida3\/#breadcrumb\"},\"inLanguage\":\"en-GB\",\"potentialAction\":[{\"@type\":\"ReadAction\",\"target\":[\"https:\/\/boraborafreedivingyoga.com\/perfectionnement-aida3\/\"]}]},{\"@type\":\"BreadcrumbList\",\"@id\":\"https:\/\/boraborafreedivingyoga.com\/perfectionnement-aida3\/#breadcrumb\",\"itemListElement\":[{\"@type\":\"ListItem\",\"position\":1,\"item\":{\"@type\":\"WebPage\",\"@id\":\"https:\/\/boraborafreedivingyoga.com\/\",\"url\":\"https:\/\/boraborafreedivingyoga.com\/\",\"name\":\"Accueil\"}},{\"@type\":\"ListItem\",\"position\":2,\"item\":{\"@type\":\"WebPage\",\"@id\":\"https:\/\/boraborafreedivingyoga.com\/perfectionnement-aida3\/\",\"url\":\"https:\/\/boraborafreedivingyoga.com\/perfectionnement-aida3\/\",\"name\":\"Perfectionnement &#8211; AIDA3\"}}]}]}<\/script>\n<!-- \/ Yoast SEO plugin. -->","_links":{"self":[{"href":"https:\/\/boraborafreedivingyoga.com\/en\/wp-json\/wp\/v2\/pages\/835"}],"collection":[{"href":"https:\/\/boraborafreedivingyoga.com\/en\/wp-json\/wp\/v2\/pages"}],"about":[{"href":"https:\/\/boraborafreedivingyoga.com\/en\/wp-json\/wp\/v2\/types\/page"}],"author":[{"embeddable":true,"href":"https:\/\/boraborafreedivingyoga.com\/en\/wp-json\/wp\/v2\/users\/1"}],"replies":[{"embeddable":true,"href":"https:\/\/boraborafreedivingyoga.com\/en\/wp-json\/wp\/v2\/comments?post=835"}],"version-history":[{"count":170,"href":"https:\/\/boraborafreedivingyoga.com\/en\/wp-json\/wp\/v2\/pages\/835\/revisions"}],"predecessor-version":[{"id":5110,"href":"https:\/\/boraborafreedivingyoga.com\/en\/wp-json\/wp\/v2\/pages\/835\/revisions\/5110"}],"wp:featuredmedia":[{"embeddable":true,"href":"https:\/\/boraborafreedivingyoga.com\/en\/wp-json\/wp\/v2\/media\/236"}],"wp:attachment":[{"href":"https:\/\/boraborafreedivingyoga.com\/en\/wp-json\/wp\/v2\/media?parent=835"}],"curies":[{"name":"wp","href":"https:\/\/api.w.org\/{rel}","templated":true}]}}